{"id":726709,"date":"2025-08-27T20:10:53","date_gmt":"2025-08-27T17:10:53","guid":{"rendered":"https:\/\/roveyayinevi.com.tr\/index.php\/urun\/evdale-zeynikenin-hayatindan-bir-gun\/"},"modified":"2026-04-16T02:34:43","modified_gmt":"2026-04-15T23:34:43","slug":"evdale-zeynikenin-hayatindan-bir-gun","status":"publish","type":"product","link":"https:\/\/roveyayinevi.com.tr\/index.php\/urun\/evdale-zeynikenin-hayatindan-bir-gun\/","title":{"rendered":"Evdale Zeynike&#8217;nin Hayat\u0131ndan Bir G\u00fcn"},"content":{"rendered":"<p>Efsanevi dengb\u00eaj Evdal\u00ea Zeynik\u00ea&#8217;nin trajedi, zorluk ve yoksulluklarla dolu hayat\u0131n\u0131, K\u00fcrt Beyleri aras\u0131ndaki \u00e7eki\u015fme ve z\u0131tla\u015fmalar\u0131, S\u00fcphan Da\u011f\u0131&#8217;n\u0131n hikmet ve heybetini, bin y\u0131ll\u0131k Xec\u00ea ile Siyabend destan\u0131n\u0131n kudretini, d\u00f6nemin sosyal, siyasal ve k\u00fclt\u00fcrel geli\u015fmelerini bir \u00e7at\u0131 alt\u0131nda bulu\u015fturan Evdal\u00ea Zeynik\u00ea&#8217;nin Hayat\u0131ndan Bir G\u00fcn, K\u00fcrtlerin s\u00f6zl\u00fc edebiyat gelene\u011finin en b\u00fcy\u00fck par\u00e7as\u0131n\u0131 olu\u015fturan dengb\u00eajlerin, s\u00f6ylencelerin ve halk anlat\u0131lar\u0131n\u0131n modern edebiyat bi\u00e7emleriyle harmanlan\u0131p birbirini tamamlad\u0131\u011f\u0131, \u00e7ok katmanl\u0131, deneysel bir kurgu&#8230;<\/p>\n","protected":false},"excerpt":{"rendered":"<p>Efsanevi dengb\u00eaj Evdal\u00ea Zeynik\u00ea&#8217;nin trajedi, zorluk ve yoksulluklarla dolu hayat\u0131n\u0131, K\u00fcrt Beyleri aras\u0131ndaki \u00e7eki\u015fme ve z\u0131tla\u015fmalar\u0131, S\u00fcphan Da\u011f\u0131&#8217;n\u0131n hikmet ve heybetini, bin y\u0131ll\u0131k Xec\u00ea ile Siyabend<span class=\"excerpt-hellip\"> [\u2026]<\/span><\/p>\n","protected":false},"featured_media":0,"template":"","meta":{"_monsterinsights_skip_tracking":false,"_monsterinsights_sitenote_active":false,"_monsterinsights_sitenote_note":"","_monsterinsights_sitenote_category":0},"product_brand":[],"product_cat":[12291,12711],"product_tag":[],"class_list":{"0":"post-726709","1":"product","2":"type-product","3":"status-publish","5":"product_cat-edebiyat","6":"product_cat-roman-oyku","7":"pa_cilt-ciltsiz","8":"pa_tur-kitap","9":"pa_yayinevi-sel-yayincilik","10":"pa_yazar-mehmed-uzun","12":"first","13":"instock","14":"sale","15":"shipping-taxable","16":"purchasable","17":"product-type-simple"},"_links":{"self":[{"href":"https:\/\/roveyayinevi.com.tr\/index.php\/wp-json\/wp\/v2\/product\/726709","targetHints":{"allow":["GET"]}}],"collection":[{"href":"https:\/\/roveyayinevi.com.tr\/index.php\/wp-json\/wp\/v2\/product"}],"about":[{"href":"https:\/\/roveyayinevi.com.tr\/index.php\/wp-json\/wp\/v2\/types\/product"}],"wp:attachment":[{"href":"https:\/\/roveyayinevi.com.tr\/index.php\/wp-json\/wp\/v2\/media?parent=726709"}],"wp:term":[{"taxonomy":"product_brand","embeddable":true,"href":"https:\/\/roveyayinevi.com.tr\/index.php\/wp-json\/wp\/v2\/product_brand?post=726709"},{"taxonomy":"product_cat","embeddable":true,"href":"https:\/\/roveyayinevi.com.tr\/index.php\/wp-json\/wp\/v2\/product_cat?post=726709"},{"taxonomy":"product_tag","embeddable":true,"href":"https:\/\/roveyayinevi.com.tr\/index.php\/wp-json\/wp\/v2\/product_tag?post=726709"}],"curies":[{"name":"wp","href":"https:\/\/api.w.org\/{rel}","templated":true}]}}