{"id":726706,"date":"2025-08-27T20:10:50","date_gmt":"2025-08-27T17:10:50","guid":{"rendered":"https:\/\/roveyayinevi.com.tr\/index.php\/urun\/kader-kuyusu\/"},"modified":"2026-04-16T02:34:43","modified_gmt":"2026-04-15T23:34:43","slug":"kader-kuyusu","status":"publish","type":"product","link":"https:\/\/roveyayinevi.com.tr\/index.php\/urun\/kader-kuyusu\/","title":{"rendered":"Kader Kuyusu"},"content":{"rendered":"<p>Yazar, dilbilimci ve siyaset\u00e7i Celadet Ali Bedirhan&#8217;\u0131n \u0130stanbul&#8217;daki elit ya\u015fam\u0131ndan, b\u00fcy\u00fck s\u00fcrg\u00fcn\u00fcn ard\u0131ndan yoksulluk i\u00e7inde ge\u00e7en \u00f6l\u00fcm y\u0131llar\u0131na dek s\u00fcren uzun bir d\u00f6nemi konu edinen Kader Kuyusu&#8217;nda Mehmed Uzun, \u00f6mr\u00fcn\u00fcn \u00e7o\u011funu s\u00fcrg\u00fcnde ge\u00e7irmek zorunda kalm\u0131\u015f K\u00fcrt ayd\u0131nlar\u0131n\u0131n ya\u015famlar\u0131na \u0131\u015f\u0131k tutan foto\u011fraflar\u0131n izle\u011finde benzersiz bir nehir romana imza at\u0131yor.\u00dcst z\u00fcmrenin \u015fehirli pratikleri, entelekt\u00fcel ve kozmopolit ili\u015fkiler, d\u00fcnya sava\u015flar\u0131 ve B\u00fcy\u00fck Buhran&#8217;\u0131n Ortado\u011fu&#8217;daki tezah\u00fcrlerinin yan\u0131 s\u0131ra, ac\u0131, yoksulluk, s\u0131la hasreti, burukluk ve \u00f6zlem y\u00fckl\u00fc ya\u015famlar, bir kuyu metaforuyla bi\u00e7imlendirilip ger\u00e7ek\u00e7i bir dil ve modern bir \u00fcslupta hayat buluyor.K\u00fcrt edebiyat\u0131n\u0131n ulu \u00e7\u0131nar\u0131 Mehmed Uzun, K\u00fcrtlerin \u00f6zg\u00fcrl\u00fck m\u00fccadelesini, yenilgileri, yaln\u0131zl\u0131\u011f\u0131 ve \u00e7aresizliklerini t\u00fcm \u00e7arp\u0131c\u0131l\u0131\u011f\u0131yla resmediyor&#8230;<\/p>\n","protected":false},"excerpt":{"rendered":"<p>Yazar, dilbilimci ve siyaset\u00e7i Celadet Ali Bedirhan&#8217;\u0131n \u0130stanbul&#8217;daki elit ya\u015fam\u0131ndan, b\u00fcy\u00fck s\u00fcrg\u00fcn\u00fcn ard\u0131ndan yoksulluk i\u00e7inde ge\u00e7en \u00f6l\u00fcm y\u0131llar\u0131na dek s\u00fcren uzun bir d\u00f6nemi konu edinen Kader<span class=\"excerpt-hellip\"> [\u2026]<\/span><\/p>\n","protected":false},"featured_media":0,"template":"","meta":{"_monsterinsights_skip_tracking":false,"_monsterinsights_sitenote_active":false,"_monsterinsights_sitenote_note":"","_monsterinsights_sitenote_category":0},"product_brand":[],"product_cat":[12291,12711],"product_tag":[],"class_list":{"0":"post-726706","1":"product","2":"type-product","3":"status-publish","5":"product_cat-edebiyat","6":"product_cat-roman-oyku","7":"pa_cilt-ciltsiz","8":"pa_tur-kitap","9":"pa_yayinevi-sel-yayincilik","10":"pa_yazar-mehmed-uzun","12":"first","13":"instock","14":"sale","15":"shipping-taxable","16":"purchasable","17":"product-type-simple"},"_links":{"self":[{"href":"https:\/\/roveyayinevi.com.tr\/index.php\/wp-json\/wp\/v2\/product\/726706","targetHints":{"allow":["GET"]}}],"collection":[{"href":"https:\/\/roveyayinevi.com.tr\/index.php\/wp-json\/wp\/v2\/product"}],"about":[{"href":"https:\/\/roveyayinevi.com.tr\/index.php\/wp-json\/wp\/v2\/types\/product"}],"wp:attachment":[{"href":"https:\/\/roveyayinevi.com.tr\/index.php\/wp-json\/wp\/v2\/media?parent=726706"}],"wp:term":[{"taxonomy":"product_brand","embeddable":true,"href":"https:\/\/roveyayinevi.com.tr\/index.php\/wp-json\/wp\/v2\/product_brand?post=726706"},{"taxonomy":"product_cat","embeddable":true,"href":"https:\/\/roveyayinevi.com.tr\/index.php\/wp-json\/wp\/v2\/product_cat?post=726706"},{"taxonomy":"product_tag","embeddable":true,"href":"https:\/\/roveyayinevi.com.tr\/index.php\/wp-json\/wp\/v2\/product_tag?post=726706"}],"curies":[{"name":"wp","href":"https:\/\/api.w.org\/{rel}","templated":true}]}}