{"id":726705,"date":"2025-08-27T20:10:49","date_gmt":"2025-08-27T17:10:49","guid":{"rendered":"https:\/\/roveyayinevi.com.tr\/index.php\/urun\/diclenin-surgunleri-diclenin-sesi-2\/"},"modified":"2026-04-08T02:43:24","modified_gmt":"2026-04-07T23:43:24","slug":"diclenin-surgunleri-diclenin-sesi-2","status":"publish","type":"product","link":"https:\/\/roveyayinevi.com.tr\/index.php\/urun\/diclenin-surgunleri-diclenin-sesi-2\/","title":{"rendered":"Dicle&#8217;nin S\u00fcrg\u00fcnleri &#8211; Dicle&#8217;nin Sesi 2"},"content":{"rendered":"<p>Mezopotamya halklar\u0131n\u0131n \u00f6l\u00fcm ve g\u00f6\u00e7lerle sarmalanan unutturulmu\u015f ak\u0131betinin \u00f6l\u00fcms\u00fczle\u015fti\u011fi &#8220;Dicle&#8217;nin Sesi&#8221;nin ikinci kitab\u0131 Dicle&#8217;nin S\u00fcrg\u00fcnleri&#8217;nde amans\u0131z olaylar Dengb\u00eaj B\u0131ro&#8217;nun kudretli nefesi ve Mehmed Uzun&#8217;un usta kalemiyle can bulmaya devam ediyor.Gelecek ku\u015faklar ya\u015fananlardan ders als\u0131n, ac\u0131 ve kanla sulanan topraklarda art\u0131k iyilik ve g\u00fczellik filizlensin diye Mir Bedirhan&#8217;\u0131n \u00f6nce \u0130stanbul&#8217;a, ard\u0131ndan da Girit&#8217;e s\u00fcrg\u00fcn edili\u015finin hik\u00e2yesi kelime avc\u0131s\u0131, kelam ustas\u0131 B\u0131ro taraf\u0131ndan adeta bir makam e\u015fli\u011finde, tane tane aktar\u0131l\u0131yor. Ta ki B\u0131ro bitap d\u00fc\u015f\u00fcp, &#8220;&#8230; ve \u015fimdi kandili s\u00f6nd\u00fcr\u00fcp, art\u0131k gidin&#8221; diyene kadar&#8230;<\/p>\n","protected":false},"excerpt":{"rendered":"<p>Mezopotamya halklar\u0131n\u0131n \u00f6l\u00fcm ve g\u00f6\u00e7lerle sarmalanan unutturulmu\u015f ak\u0131betinin \u00f6l\u00fcms\u00fczle\u015fti\u011fi &#8220;Dicle&#8217;nin Sesi&#8221;nin ikinci kitab\u0131 Dicle&#8217;nin S\u00fcrg\u00fcnleri&#8217;nde amans\u0131z olaylar Dengb\u00eaj B\u0131ro&#8217;nun kudretli nefesi ve Mehmed Uzun&#8217;un usta kalemiyle<span class=\"excerpt-hellip\"> [\u2026]<\/span><\/p>\n","protected":false},"featured_media":0,"template":"","meta":{"_monsterinsights_skip_tracking":false,"_monsterinsights_sitenote_active":false,"_monsterinsights_sitenote_note":"","_monsterinsights_sitenote_category":0},"product_brand":[],"product_cat":[12291,12711],"product_tag":[],"class_list":{"0":"post-726705","1":"product","2":"type-product","3":"status-publish","5":"product_cat-edebiyat","6":"product_cat-roman-oyku","7":"pa_cilt-ciltsiz","8":"pa_tur-kitap","9":"pa_yayinevi-sel-yayincilik","10":"pa_yazar-mehmed-uzun","12":"first","13":"instock","14":"sale","15":"shipping-taxable","16":"purchasable","17":"product-type-simple"},"_links":{"self":[{"href":"https:\/\/roveyayinevi.com.tr\/index.php\/wp-json\/wp\/v2\/product\/726705","targetHints":{"allow":["GET"]}}],"collection":[{"href":"https:\/\/roveyayinevi.com.tr\/index.php\/wp-json\/wp\/v2\/product"}],"about":[{"href":"https:\/\/roveyayinevi.com.tr\/index.php\/wp-json\/wp\/v2\/types\/product"}],"wp:attachment":[{"href":"https:\/\/roveyayinevi.com.tr\/index.php\/wp-json\/wp\/v2\/media?parent=726705"}],"wp:term":[{"taxonomy":"product_brand","embeddable":true,"href":"https:\/\/roveyayinevi.com.tr\/index.php\/wp-json\/wp\/v2\/product_brand?post=726705"},{"taxonomy":"product_cat","embeddable":true,"href":"https:\/\/roveyayinevi.com.tr\/index.php\/wp-json\/wp\/v2\/product_cat?post=726705"},{"taxonomy":"product_tag","embeddable":true,"href":"https:\/\/roveyayinevi.com.tr\/index.php\/wp-json\/wp\/v2\/product_tag?post=726705"}],"curies":[{"name":"wp","href":"https:\/\/api.w.org\/{rel}","templated":true}]}}