{"id":726702,"date":"2025-08-27T20:10:46","date_gmt":"2025-08-27T17:10:46","guid":{"rendered":"https:\/\/roveyayinevi.com.tr\/index.php\/urun\/kotulugun-mitleri\/"},"modified":"2026-04-16T02:34:43","modified_gmt":"2026-04-15T23:34:43","slug":"kotulugun-mitleri","status":"publish","type":"product","link":"https:\/\/roveyayinevi.com.tr\/index.php\/urun\/kotulugun-mitleri\/","title":{"rendered":"K\u00f6t\u00fcl\u00fc\u011f\u00fcn Mitleri"},"content":{"rendered":"<p>\u201cK\u00f6t\u00fcl\u00fck aray\u0131\u015f\u0131nda olan ki\u015fi \u00f6nce kendi yans\u0131mas\u0131na bakmal\u0131d\u0131r.\u201d Konf\u00fc\u00e7y\u00fcs \u201cBu d\u00fcnyadaki k\u00f6t\u00fcl\u00fc\u011f\u00fcn \u00e7o\u011fu iyi niyetli insanlar taraf\u0131ndan yap\u0131l\u0131r.\u201d T.S. Eliot \u201cEski bir yan\u0131lsama var. Buna iyi ve k\u00f6t\u00fc denir.\u201d Friedrich Nietzsche \u201cG\u00fcn\u00fcm\u00fcz insan\u0131 ilkel veya antik \u00e7a\u011f insan\u0131ndan daha fazla k\u00f6t\u00fcl\u00fck yapma kapasitesinesahip de\u011fildir. Sadece, k\u00f6t\u00fcl\u00fc\u011fe e\u011filimini harekete ge\u00e7irmek i\u00e7in eskisiyle k\u0131yaslanamayacak kadar g\u00fc\u00e7l\u00fc ara\u00e7lara sahiptir.\u201d Carl Gustav Jung \u201cHi\u00e7bir \u015fey k\u00f6t\u00fcl\u00fc\u011f\u00fc k\u0131namaktan daha kolay de\u011fildir; hi\u00e7bir \u015fey onu anlamaktan daha zor de\u011fildir. \u201d Fyodor Dostoyevski \u201cD\u00fcnyada k\u00f6t\u00fcl\u00fck oldu\u011funu biliyorum ve her zaman oldu. Ama a\u00e7\u0131klamak i\u00e7in \u015eeytan&#8217;a ya da \u015feytanlara inanman\u0131za gerek yok. \u0130nsanlar tek ba\u015flar\u0131na k\u00f6t\u00fcl\u00fck yapabilirler. \u201d Tess Gerritsen<\/p>\n","protected":false},"excerpt":{"rendered":"<p>\u201cK\u00f6t\u00fcl\u00fck aray\u0131\u015f\u0131nda olan ki\u015fi \u00f6nce kendi yans\u0131mas\u0131na bakmal\u0131d\u0131r.\u201d Konf\u00fc\u00e7y\u00fcs \u201cBu d\u00fcnyadaki k\u00f6t\u00fcl\u00fc\u011f\u00fcn \u00e7o\u011fu iyi niyetli insanlar taraf\u0131ndan yap\u0131l\u0131r.\u201d T.S. Eliot \u201cEski bir yan\u0131lsama var. Buna iyi<span class=\"excerpt-hellip\"> [\u2026]<\/span><\/p>\n","protected":false},"featured_media":0,"template":"","meta":{"_monsterinsights_skip_tracking":false,"_monsterinsights_sitenote_active":false,"_monsterinsights_sitenote_note":"","_monsterinsights_sitenote_category":0},"product_brand":[],"product_cat":[12291,13706],"product_tag":[],"class_list":{"0":"post-726702","1":"product","2":"type-product","3":"status-publish","5":"product_cat-edebiyat","6":"product_cat-efsane-destan-masal","7":"pa_cilt-ciltsiz","8":"pa_tur-kitap","9":"pa_yayinevi-otuken-nesriyat","10":"pa_yazar-mahir-sanli","12":"first","13":"instock","14":"sale","15":"shipping-taxable","16":"purchasable","17":"product-type-simple"},"_links":{"self":[{"href":"https:\/\/roveyayinevi.com.tr\/index.php\/wp-json\/wp\/v2\/product\/726702","targetHints":{"allow":["GET"]}}],"collection":[{"href":"https:\/\/roveyayinevi.com.tr\/index.php\/wp-json\/wp\/v2\/product"}],"about":[{"href":"https:\/\/roveyayinevi.com.tr\/index.php\/wp-json\/wp\/v2\/types\/product"}],"wp:attachment":[{"href":"https:\/\/roveyayinevi.com.tr\/index.php\/wp-json\/wp\/v2\/media?parent=726702"}],"wp:term":[{"taxonomy":"product_brand","embeddable":true,"href":"https:\/\/roveyayinevi.com.tr\/index.php\/wp-json\/wp\/v2\/product_brand?post=726702"},{"taxonomy":"product_cat","embeddable":true,"href":"https:\/\/roveyayinevi.com.tr\/index.php\/wp-json\/wp\/v2\/product_cat?post=726702"},{"taxonomy":"product_tag","embeddable":true,"href":"https:\/\/roveyayinevi.com.tr\/index.php\/wp-json\/wp\/v2\/product_tag?post=726702"}],"curies":[{"name":"wp","href":"https:\/\/api.w.org\/{rel}","templated":true}]}}