{"id":726698,"date":"2025-08-27T20:10:42","date_gmt":"2025-08-27T17:10:42","guid":{"rendered":"https:\/\/roveyayinevi.com.tr\/index.php\/urun\/sosyal-hizmet-etigi\/"},"modified":"2026-04-16T02:34:43","modified_gmt":"2026-04-15T23:34:43","slug":"sosyal-hizmet-etigi","status":"publish","type":"product","link":"https:\/\/roveyayinevi.com.tr\/index.php\/urun\/sosyal-hizmet-etigi\/","title":{"rendered":"Sosyal Hizmet Eti\u011fi"},"content":{"rendered":"<p>Sosyal hizmet mesle\u011finin do\u011fas\u0131 gere\u011fi bir\u00e7ok insan do\u011frudan ya da dolayl\u0131 olarak sosyal hizmet uzmanlar\u0131n\u0131n kararlar\u0131ndan etkilenmektedir. Sosyal hizmet uzmanlar\u0131; huzurevleri, sevgi evleri, bak\u0131m merkezleri, sosyal hizmet merkezleri, kre\u015fler, aile dan\u0131\u015fma merkezleri vb. bir\u00e7ok kurumda do\u011frudan m\u00fcracaat\u00e7\u0131lara hizmet sunmaktad\u0131r. Yine mahkemelerde, hastanelerde, kliniklerde, psiko-sosyal dan\u0131\u015fma merkezlerinde, g\u00f6\u00e7le ilgili kurumlarda, belediyelerde, sosyal yard\u0131m birimlerinde k\u0131sacas\u0131 bir\u00e7ok \u00f6zel kurum ve kamu kurumu ile kurulu\u015flar\u0131nda ve sivil toplum alan\u0131nda do\u011frudan m\u00fcracaat\u00e7\u0131lara hizmet sa\u011flay\u0131c\u0131 olarak g\u00f6rev yapmaktad\u0131rlar. Sosyal hizmet, birey, aile, grup ve topluluklara y\u00f6neldi\u011fi i\u00e7in sosyal adaleti ve toplumsal bar\u0131\u015f\u0131 sa\u011flamay\u0131 hedefleyen bir bilim dal\u0131 ve meslektir. Bu kitap, sosyal hizmet uzmanlar\u0131n\u0131n, mikro, mezzo ya da makro d\u00fczeylerde, ki\u015filerin ya\u015fam\u0131n\u0131 do\u011frudan ya da dolayl\u0131 olarak etkileyebilecek kararlar\u0131 al\u0131rken hangi mesleki de\u011fer ve etik ilkelerle hareket etmeleri gerekti\u011fine katk\u0131 sa\u011flamas\u0131 amac\u0131yla haz\u0131rlanm\u0131\u015ft\u0131r. <\/p>\n","protected":false},"excerpt":{"rendered":"<p>Sosyal hizmet mesle\u011finin do\u011fas\u0131 gere\u011fi bir\u00e7ok insan do\u011frudan ya da dolayl\u0131 olarak sosyal hizmet uzmanlar\u0131n\u0131n kararlar\u0131ndan etkilenmektedir. Sosyal hizmet uzmanlar\u0131; huzurevleri, sevgi evleri, bak\u0131m merkezleri, sosyal<span class=\"excerpt-hellip\"> [\u2026]<\/span><\/p>\n","protected":false},"featured_media":0,"template":"","meta":{"_monsterinsights_skip_tracking":false,"_monsterinsights_sitenote_active":false,"_monsterinsights_sitenote_note":"","_monsterinsights_sitenote_category":0},"product_brand":[],"product_cat":[12325,12324],"product_tag":[],"class_list":{"0":"post-726698","1":"product","2":"type-product","3":"status-publish","5":"product_cat-diger-sosyoloji","6":"product_cat-sosyoloji","7":"pa_cilt-ciltsiz","8":"pa_tur-kitap","9":"pa_yayinevi-nika-yayinevi","10":"pa_yazar-nika-yayinevi-kolektif","12":"first","13":"instock","14":"sale","15":"shipping-taxable","16":"purchasable","17":"product-type-simple"},"_links":{"self":[{"href":"https:\/\/roveyayinevi.com.tr\/index.php\/wp-json\/wp\/v2\/product\/726698","targetHints":{"allow":["GET"]}}],"collection":[{"href":"https:\/\/roveyayinevi.com.tr\/index.php\/wp-json\/wp\/v2\/product"}],"about":[{"href":"https:\/\/roveyayinevi.com.tr\/index.php\/wp-json\/wp\/v2\/types\/product"}],"wp:attachment":[{"href":"https:\/\/roveyayinevi.com.tr\/index.php\/wp-json\/wp\/v2\/media?parent=726698"}],"wp:term":[{"taxonomy":"product_brand","embeddable":true,"href":"https:\/\/roveyayinevi.com.tr\/index.php\/wp-json\/wp\/v2\/product_brand?post=726698"},{"taxonomy":"product_cat","embeddable":true,"href":"https:\/\/roveyayinevi.com.tr\/index.php\/wp-json\/wp\/v2\/product_cat?post=726698"},{"taxonomy":"product_tag","embeddable":true,"href":"https:\/\/roveyayinevi.com.tr\/index.php\/wp-json\/wp\/v2\/product_tag?post=726698"}],"curies":[{"name":"wp","href":"https:\/\/api.w.org\/{rel}","templated":true}]}}