{"id":726697,"date":"2025-08-27T20:10:41","date_gmt":"2025-08-27T17:10:41","guid":{"rendered":"https:\/\/roveyayinevi.com.tr\/index.php\/urun\/sabah-gibi-uyandiran\/"},"modified":"2026-04-16T02:34:43","modified_gmt":"2026-04-15T23:34:43","slug":"sabah-gibi-uyandiran","status":"publish","type":"product","link":"https:\/\/roveyayinevi.com.tr\/index.php\/urun\/sabah-gibi-uyandiran\/","title":{"rendered":"Sabah Gibi Uyand\u0131ran"},"content":{"rendered":"<p>Herkes \u00f6\u011frenebilir bal\u0131k tutmay\u0131 Bana denize bakmay\u0131 \u00f6\u011fret anne Sevin\u00e7li bir \u015fark\u0131 s\u00f6yle Ko\u015fmaya al\u0131\u015ft\u0131r babas\u0131z tay\u0131 <\/p>\n","protected":false},"excerpt":{"rendered":"<p>Herkes \u00f6\u011frenebilir bal\u0131k tutmay\u0131 Bana denize bakmay\u0131 \u00f6\u011fret anne Sevin\u00e7li bir \u015fark\u0131 s\u00f6yle Ko\u015fmaya al\u0131\u015ft\u0131r babas\u0131z tay\u0131<\/p>\n","protected":false},"featured_media":0,"template":"","meta":{"_monsterinsights_skip_tracking":false,"_monsterinsights_sitenote_active":false,"_monsterinsights_sitenote_note":"","_monsterinsights_sitenote_category":0},"product_brand":[],"product_cat":[12291,12509],"product_tag":[],"class_list":{"0":"post-726697","1":"product","2":"type-product","3":"status-publish","5":"product_cat-edebiyat","6":"product_cat-siir","7":"pa_cilt-ciltsiz","8":"pa_tur-kitap","9":"pa_yayinevi-muhit-kitap","10":"pa_yazar-mustafa-ruhi-sirin","12":"first","13":"instock","14":"sale","15":"shipping-taxable","16":"purchasable","17":"product-type-simple"},"_links":{"self":[{"href":"https:\/\/roveyayinevi.com.tr\/index.php\/wp-json\/wp\/v2\/product\/726697","targetHints":{"allow":["GET"]}}],"collection":[{"href":"https:\/\/roveyayinevi.com.tr\/index.php\/wp-json\/wp\/v2\/product"}],"about":[{"href":"https:\/\/roveyayinevi.com.tr\/index.php\/wp-json\/wp\/v2\/types\/product"}],"wp:attachment":[{"href":"https:\/\/roveyayinevi.com.tr\/index.php\/wp-json\/wp\/v2\/media?parent=726697"}],"wp:term":[{"taxonomy":"product_brand","embeddable":true,"href":"https:\/\/roveyayinevi.com.tr\/index.php\/wp-json\/wp\/v2\/product_brand?post=726697"},{"taxonomy":"product_cat","embeddable":true,"href":"https:\/\/roveyayinevi.com.tr\/index.php\/wp-json\/wp\/v2\/product_cat?post=726697"},{"taxonomy":"product_tag","embeddable":true,"href":"https:\/\/roveyayinevi.com.tr\/index.php\/wp-json\/wp\/v2\/product_tag?post=726697"}],"curies":[{"name":"wp","href":"https:\/\/api.w.org\/{rel}","templated":true}]}}