{"id":726696,"date":"2025-08-27T20:10:39","date_gmt":"2025-08-27T17:10:39","guid":{"rendered":"https:\/\/roveyayinevi.com.tr\/index.php\/urun\/bahar-buselik\/"},"modified":"2026-04-05T02:42:12","modified_gmt":"2026-04-04T23:42:12","slug":"bahar-buselik","status":"publish","type":"product","link":"https:\/\/roveyayinevi.com.tr\/index.php\/urun\/bahar-buselik\/","title":{"rendered":"Bahar Buselik"},"content":{"rendered":"<p>G\u00f6ky\u00fcz\u00fcne bak ki sana geleyim Ben ki bir abdal\u0131m viranelerde Kalender\u00ee sevdalardan anlamam Hayalimi g\u00f6zlerinden sessizce B\u0131rak bulutlar\u0131n tenhalar\u0131na<\/p>\n","protected":false},"excerpt":{"rendered":"<p>G\u00f6ky\u00fcz\u00fcne bak ki sana geleyim Ben ki bir abdal\u0131m viranelerde Kalender\u00ee sevdalardan anlamam Hayalimi g\u00f6zlerinden sessizce B\u0131rak bulutlar\u0131n tenhalar\u0131na<\/p>\n","protected":false},"featured_media":0,"template":"","meta":{"_monsterinsights_skip_tracking":false,"_monsterinsights_sitenote_active":false,"_monsterinsights_sitenote_note":"","_monsterinsights_sitenote_category":0},"product_brand":[],"product_cat":[12291,12509],"product_tag":[],"class_list":{"0":"post-726696","1":"product","2":"type-product","3":"status-publish","5":"product_cat-edebiyat","6":"product_cat-siir","7":"pa_cilt-ciltsiz","8":"pa_tur-kitap","9":"pa_yayinevi-muhit-kitap","10":"pa_yazar-nurullah-genc","12":"first","13":"instock","14":"sale","15":"shipping-taxable","16":"purchasable","17":"product-type-simple"},"_links":{"self":[{"href":"https:\/\/roveyayinevi.com.tr\/index.php\/wp-json\/wp\/v2\/product\/726696","targetHints":{"allow":["GET"]}}],"collection":[{"href":"https:\/\/roveyayinevi.com.tr\/index.php\/wp-json\/wp\/v2\/product"}],"about":[{"href":"https:\/\/roveyayinevi.com.tr\/index.php\/wp-json\/wp\/v2\/types\/product"}],"wp:attachment":[{"href":"https:\/\/roveyayinevi.com.tr\/index.php\/wp-json\/wp\/v2\/media?parent=726696"}],"wp:term":[{"taxonomy":"product_brand","embeddable":true,"href":"https:\/\/roveyayinevi.com.tr\/index.php\/wp-json\/wp\/v2\/product_brand?post=726696"},{"taxonomy":"product_cat","embeddable":true,"href":"https:\/\/roveyayinevi.com.tr\/index.php\/wp-json\/wp\/v2\/product_cat?post=726696"},{"taxonomy":"product_tag","embeddable":true,"href":"https:\/\/roveyayinevi.com.tr\/index.php\/wp-json\/wp\/v2\/product_tag?post=726696"}],"curies":[{"name":"wp","href":"https:\/\/api.w.org\/{rel}","templated":true}]}}