{"id":726695,"date":"2025-08-27T20:10:38","date_gmt":"2025-08-27T17:10:38","guid":{"rendered":"https:\/\/roveyayinevi.com.tr\/index.php\/urun\/yanina-gittigimizde\/"},"modified":"2026-04-16T02:34:43","modified_gmt":"2026-04-15T23:34:43","slug":"yanina-gittigimizde","status":"publish","type":"product","link":"https:\/\/roveyayinevi.com.tr\/index.php\/urun\/yanina-gittigimizde\/","title":{"rendered":"Yan\u0131na Gitti\u011fimizde"},"content":{"rendered":"<p>Yine kendine y\u00fckleyeceksin kabahati Yine kendinde bulacaks\u0131n hatalar\u0131 Bu senin en g\u00fczel, en g\u00fc\u00e7l\u00fc yan\u0131n olacak Kekelemeyi b\u0131rak art\u0131k Masana ve kitaplar\u0131na d\u00f6n Ba\u015f a\u011fr\u0131lar\u0131na ve yorgunlu\u011funa <\/p>\n","protected":false},"excerpt":{"rendered":"<p>Yine kendine y\u00fckleyeceksin kabahati Yine kendinde bulacaks\u0131n hatalar\u0131 Bu senin en g\u00fczel, en g\u00fc\u00e7l\u00fc yan\u0131n olacak Kekelemeyi b\u0131rak art\u0131k Masana ve kitaplar\u0131na d\u00f6n Ba\u015f a\u011fr\u0131lar\u0131na ve<span class=\"excerpt-hellip\"> [\u2026]<\/span><\/p>\n","protected":false},"featured_media":0,"template":"","meta":{"_monsterinsights_skip_tracking":false,"_monsterinsights_sitenote_active":false,"_monsterinsights_sitenote_note":"","_monsterinsights_sitenote_category":0},"product_brand":[],"product_cat":[12291,12509],"product_tag":[],"class_list":{"0":"post-726695","1":"product","2":"type-product","3":"status-publish","5":"product_cat-edebiyat","6":"product_cat-siir","7":"pa_cilt-ciltsiz","8":"pa_tur-kitap","9":"pa_yayinevi-muhit-kitap","10":"pa_yazar-omer-yalcinova","12":"first","13":"instock","14":"sale","15":"shipping-taxable","16":"purchasable","17":"product-type-simple"},"_links":{"self":[{"href":"https:\/\/roveyayinevi.com.tr\/index.php\/wp-json\/wp\/v2\/product\/726695","targetHints":{"allow":["GET"]}}],"collection":[{"href":"https:\/\/roveyayinevi.com.tr\/index.php\/wp-json\/wp\/v2\/product"}],"about":[{"href":"https:\/\/roveyayinevi.com.tr\/index.php\/wp-json\/wp\/v2\/types\/product"}],"wp:attachment":[{"href":"https:\/\/roveyayinevi.com.tr\/index.php\/wp-json\/wp\/v2\/media?parent=726695"}],"wp:term":[{"taxonomy":"product_brand","embeddable":true,"href":"https:\/\/roveyayinevi.com.tr\/index.php\/wp-json\/wp\/v2\/product_brand?post=726695"},{"taxonomy":"product_cat","embeddable":true,"href":"https:\/\/roveyayinevi.com.tr\/index.php\/wp-json\/wp\/v2\/product_cat?post=726695"},{"taxonomy":"product_tag","embeddable":true,"href":"https:\/\/roveyayinevi.com.tr\/index.php\/wp-json\/wp\/v2\/product_tag?post=726695"}],"curies":[{"name":"wp","href":"https:\/\/api.w.org\/{rel}","templated":true}]}}