{"id":726694,"date":"2025-08-27T20:10:38","date_gmt":"2025-08-27T17:10:38","guid":{"rendered":"https:\/\/roveyayinevi.com.tr\/index.php\/urun\/mutlak-muzik\/"},"modified":"2026-04-16T02:34:43","modified_gmt":"2026-04-15T23:34:43","slug":"mutlak-muzik","status":"publish","type":"product","link":"https:\/\/roveyayinevi.com.tr\/index.php\/urun\/mutlak-muzik\/","title":{"rendered":"Mutlak M\u00fczik"},"content":{"rendered":"<p>Y\u00fcr\u00fcrs\u00fcn ya hep uzak hep yabanc\u0131 Bu saatler, bu bulutlar, bu r\u00fcya Art\u0131k meyve vermeyen bu al\u0131\u00e7 a\u011fac\u0131 Yusuf \u2019un d\u00fc\u015ft\u00fc\u011f\u00fc bu kuyuya Gizlice g\u00f6mersin g\u00f6zya\u015flar\u0131n\u0131 <\/p>\n","protected":false},"excerpt":{"rendered":"<p>Y\u00fcr\u00fcrs\u00fcn ya hep uzak hep yabanc\u0131 Bu saatler, bu bulutlar, bu r\u00fcya Art\u0131k meyve vermeyen bu al\u0131\u00e7 a\u011fac\u0131 Yusuf \u2019un d\u00fc\u015ft\u00fc\u011f\u00fc bu kuyuya Gizlice g\u00f6mersin g\u00f6zya\u015flar\u0131n\u0131<\/p>\n","protected":false},"featured_media":0,"template":"","meta":{"_monsterinsights_skip_tracking":false,"_monsterinsights_sitenote_active":false,"_monsterinsights_sitenote_note":"","_monsterinsights_sitenote_category":0},"product_brand":[],"product_cat":[12291,12509],"product_tag":[],"class_list":{"0":"post-726694","1":"product","2":"type-product","3":"status-publish","5":"product_cat-edebiyat","6":"product_cat-siir","7":"pa_cilt-ciltsiz","8":"pa_tur-kitap","9":"pa_yayinevi-muhit-kitap","10":"pa_yazar-murat-guzel","12":"first","13":"instock","14":"sale","15":"shipping-taxable","16":"purchasable","17":"product-type-simple"},"_links":{"self":[{"href":"https:\/\/roveyayinevi.com.tr\/index.php\/wp-json\/wp\/v2\/product\/726694","targetHints":{"allow":["GET"]}}],"collection":[{"href":"https:\/\/roveyayinevi.com.tr\/index.php\/wp-json\/wp\/v2\/product"}],"about":[{"href":"https:\/\/roveyayinevi.com.tr\/index.php\/wp-json\/wp\/v2\/types\/product"}],"wp:attachment":[{"href":"https:\/\/roveyayinevi.com.tr\/index.php\/wp-json\/wp\/v2\/media?parent=726694"}],"wp:term":[{"taxonomy":"product_brand","embeddable":true,"href":"https:\/\/roveyayinevi.com.tr\/index.php\/wp-json\/wp\/v2\/product_brand?post=726694"},{"taxonomy":"product_cat","embeddable":true,"href":"https:\/\/roveyayinevi.com.tr\/index.php\/wp-json\/wp\/v2\/product_cat?post=726694"},{"taxonomy":"product_tag","embeddable":true,"href":"https:\/\/roveyayinevi.com.tr\/index.php\/wp-json\/wp\/v2\/product_tag?post=726694"}],"curies":[{"name":"wp","href":"https:\/\/api.w.org\/{rel}","templated":true}]}}