{"id":726693,"date":"2025-08-27T20:10:36","date_gmt":"2025-08-27T17:10:36","guid":{"rendered":"https:\/\/roveyayinevi.com.tr\/index.php\/urun\/fazla-uzaklara-gitme\/"},"modified":"2026-04-16T02:34:42","modified_gmt":"2026-04-15T23:34:42","slug":"fazla-uzaklara-gitme","status":"publish","type":"product","link":"https:\/\/roveyayinevi.com.tr\/index.php\/urun\/fazla-uzaklara-gitme\/","title":{"rendered":"Fazla Uzaklara Gitme"},"content":{"rendered":"<p>Divan Edebiyat\u0131na verdi\u011fi emekle ve ortaya koydu\u011fu eserlerle ortak kabul g\u00f6ren Prof. Dr. Muhsin Macit, b\u00fct\u00fcn eserleriyle Muhit Kitap\u2019ta\u2026 Yazar\u0131m\u0131z ilk olarak \u00f6yk\u00fc kitab\u0131yla okuyucuyu selaml\u0131yor: Fazla Uzaklara Gitme\u2026 Muhsin Macit\u2019in \u00f6yk\u00fcleri temiz ve aziz olan\u0131 konu edinir. \u0130nsan\u0131n safl\u0131\u011f\u0131, ta\u015fran\u0131n g\u00fczelli\u011fi, \u00e7ocuklu\u011fun b\u00fcy\u00fcs\u00fc onun \u00f6ncelikleri aras\u0131ndad\u0131r.Fazla Uzaklara Gitme, gitmek isteyenler i\u00e7in iyi bir bahane olacakt\u0131r. Okudu\u011fum romanlardaki g\u00f6ky\u00fcz\u00fcn\u00fc do\u011fup b\u00fcy\u00fcd\u00fc\u011f\u00fcm vadiye ta\u015f\u0131yorum. Hangi \u00f6yk\u00fcden bir \u00e7ift g\u00fcvercin havalansa daima \u00e7ocuklu\u011fumun g\u00f6ky\u00fcz\u00fcne kanatlan\u0131yor.  Ka\u00e7 zamand\u0131r senin bitkin ve k\u0131rg\u0131n sesinle uyan\u0131yorum. Uyan\u0131nca i\u00e7imdeki \u015fair tabiatl\u0131 mahcup \u00e7ocuk, hemen kaynayan bir bulut oluyor ve tek ba\u015f\u0131na ya\u011faca\u011f\u0131 yerler ar\u0131yor. Bir t\u00fcrk\u00fc olup i\u00e7ime ya\u011f\u0131yorum. <\/p>\n","protected":false},"excerpt":{"rendered":"<p>Divan Edebiyat\u0131na verdi\u011fi emekle ve ortaya koydu\u011fu eserlerle ortak kabul g\u00f6ren Prof. Dr. Muhsin Macit, b\u00fct\u00fcn eserleriyle Muhit Kitap\u2019ta\u2026 Yazar\u0131m\u0131z ilk olarak \u00f6yk\u00fc kitab\u0131yla okuyucuyu selaml\u0131yor:<span class=\"excerpt-hellip\"> [\u2026]<\/span><\/p>\n","protected":false},"featured_media":0,"template":"","meta":{"_monsterinsights_skip_tracking":false,"_monsterinsights_sitenote_active":false,"_monsterinsights_sitenote_note":"","_monsterinsights_sitenote_category":0},"product_brand":[],"product_cat":[12291,12711],"product_tag":[],"class_list":{"0":"post-726693","1":"product","2":"type-product","3":"status-publish","5":"product_cat-edebiyat","6":"product_cat-roman-oyku","7":"pa_cilt-ciltsiz","8":"pa_tur-kitap","9":"pa_yayinevi-muhit-kitap","10":"pa_yazar-muhsin-macit","12":"first","13":"instock","14":"sale","15":"shipping-taxable","16":"purchasable","17":"product-type-simple"},"_links":{"self":[{"href":"https:\/\/roveyayinevi.com.tr\/index.php\/wp-json\/wp\/v2\/product\/726693","targetHints":{"allow":["GET"]}}],"collection":[{"href":"https:\/\/roveyayinevi.com.tr\/index.php\/wp-json\/wp\/v2\/product"}],"about":[{"href":"https:\/\/roveyayinevi.com.tr\/index.php\/wp-json\/wp\/v2\/types\/product"}],"wp:attachment":[{"href":"https:\/\/roveyayinevi.com.tr\/index.php\/wp-json\/wp\/v2\/media?parent=726693"}],"wp:term":[{"taxonomy":"product_brand","embeddable":true,"href":"https:\/\/roveyayinevi.com.tr\/index.php\/wp-json\/wp\/v2\/product_brand?post=726693"},{"taxonomy":"product_cat","embeddable":true,"href":"https:\/\/roveyayinevi.com.tr\/index.php\/wp-json\/wp\/v2\/product_cat?post=726693"},{"taxonomy":"product_tag","embeddable":true,"href":"https:\/\/roveyayinevi.com.tr\/index.php\/wp-json\/wp\/v2\/product_tag?post=726693"}],"curies":[{"name":"wp","href":"https:\/\/api.w.org\/{rel}","templated":true}]}}