{"id":726690,"date":"2025-08-27T20:10:33","date_gmt":"2025-08-27T17:10:33","guid":{"rendered":"https:\/\/roveyayinevi.com.tr\/index.php\/urun\/perondaki-melek\/"},"modified":"2026-04-16T02:34:42","modified_gmt":"2026-04-15T23:34:42","slug":"perondaki-melek","status":"publish","type":"product","link":"https:\/\/roveyayinevi.com.tr\/index.php\/urun\/perondaki-melek\/","title":{"rendered":"Perondaki Melek"},"content":{"rendered":"<p>Ya\u011fmur bu kadar inceyken A\u011f\u0131r a\u00e7an bir g\u00fcl kadar hafifken merhamet \u00d6l\u00fcm \u00e7ok a\u011f\u0131r Allah\u2019\u0131m \u00d6l\u00fcm \u00e7ok a\u011f\u0131r, affet. <\/p>\n","protected":false},"excerpt":{"rendered":"<p>Ya\u011fmur bu kadar inceyken A\u011f\u0131r a\u00e7an bir g\u00fcl kadar hafifken merhamet \u00d6l\u00fcm \u00e7ok a\u011f\u0131r Allah\u2019\u0131m \u00d6l\u00fcm \u00e7ok a\u011f\u0131r, affet.<\/p>\n","protected":false},"featured_media":0,"template":"","meta":{"_monsterinsights_skip_tracking":false,"_monsterinsights_sitenote_active":false,"_monsterinsights_sitenote_note":"","_monsterinsights_sitenote_category":0},"product_brand":[],"product_cat":[12291,12509],"product_tag":[],"class_list":{"0":"post-726690","1":"product","2":"type-product","3":"status-publish","5":"product_cat-edebiyat","6":"product_cat-siir","7":"pa_cilt-ciltsiz","8":"pa_tur-kitap","9":"pa_yayinevi-muhit-kitap","10":"pa_yazar-huseyin-atlansoy","12":"first","13":"instock","14":"sale","15":"shipping-taxable","16":"purchasable","17":"product-type-simple"},"_links":{"self":[{"href":"https:\/\/roveyayinevi.com.tr\/index.php\/wp-json\/wp\/v2\/product\/726690","targetHints":{"allow":["GET"]}}],"collection":[{"href":"https:\/\/roveyayinevi.com.tr\/index.php\/wp-json\/wp\/v2\/product"}],"about":[{"href":"https:\/\/roveyayinevi.com.tr\/index.php\/wp-json\/wp\/v2\/types\/product"}],"wp:attachment":[{"href":"https:\/\/roveyayinevi.com.tr\/index.php\/wp-json\/wp\/v2\/media?parent=726690"}],"wp:term":[{"taxonomy":"product_brand","embeddable":true,"href":"https:\/\/roveyayinevi.com.tr\/index.php\/wp-json\/wp\/v2\/product_brand?post=726690"},{"taxonomy":"product_cat","embeddable":true,"href":"https:\/\/roveyayinevi.com.tr\/index.php\/wp-json\/wp\/v2\/product_cat?post=726690"},{"taxonomy":"product_tag","embeddable":true,"href":"https:\/\/roveyayinevi.com.tr\/index.php\/wp-json\/wp\/v2\/product_tag?post=726690"}],"curies":[{"name":"wp","href":"https:\/\/api.w.org\/{rel}","templated":true}]}}