{"id":726685,"date":"2025-08-27T20:10:28","date_gmt":"2025-08-27T17:10:28","guid":{"rendered":"https:\/\/roveyayinevi.com.tr\/index.php\/urun\/digerleri\/"},"modified":"2026-04-08T02:43:24","modified_gmt":"2026-04-07T23:43:24","slug":"digerleri","status":"publish","type":"product","link":"https:\/\/roveyayinevi.com.tr\/index.php\/urun\/digerleri\/","title":{"rendered":"Di\u011ferleri"},"content":{"rendered":"<p>Gece t\u0131k\u0131rt\u0131lar\u0131, uykular\u0131 ka\u00e7anlar, endi\u015feden ya da heyecandan uyuyamayanlar, \u00e7at\u0131 katlar\u0131nda bir i\u015fler \u00e7eviren ihtiyarlar, iyi kalpli kasabal\u0131 gen\u00e7ler, eski mahalleliler, hevesli mektepli k\u0131zlar ve devrimci hayaller\u2026Di\u011ferleri, 70\u2019ler T\u00fcrkiye\u2019sinde, \u0130stanbul\u2019da kendi halinde bir mahallede, eski bir konakta hayat\u0131n bir araya getirdi\u011fi Sacide ve Cahide\u2019nin, Hayganu\u015f ve Artin Bey\u2019in, Kamuran\u2019\u0131n ve bu hik\u00e2yeye tam orta yerinden dahil olan \u201cdi\u011ferleri\u201dnin hem a\u011flatan hem kahkahalar att\u0131ran bir roman\u0131.<\/p>\n","protected":false},"excerpt":{"rendered":"<p>Gece t\u0131k\u0131rt\u0131lar\u0131, uykular\u0131 ka\u00e7anlar, endi\u015feden ya da heyecandan uyuyamayanlar, \u00e7at\u0131 katlar\u0131nda bir i\u015fler \u00e7eviren ihtiyarlar, iyi kalpli kasabal\u0131 gen\u00e7ler, eski mahalleliler, hevesli mektepli k\u0131zlar ve devrimci<span class=\"excerpt-hellip\"> [\u2026]<\/span><\/p>\n","protected":false},"featured_media":0,"template":"","meta":{"_monsterinsights_skip_tracking":false,"_monsterinsights_sitenote_active":false,"_monsterinsights_sitenote_note":"","_monsterinsights_sitenote_category":0},"product_brand":[],"product_cat":[12291,12711],"product_tag":[],"class_list":{"0":"post-726685","1":"product","2":"type-product","3":"status-publish","5":"product_cat-edebiyat","6":"product_cat-roman-oyku","7":"pa_cilt-ciltsiz","8":"pa_tur-kitap","9":"pa_yayinevi-kara-karga-yayinlari","10":"pa_yazar-mahir-unsal-eris","12":"first","13":"instock","14":"sale","15":"shipping-taxable","16":"purchasable","17":"product-type-simple"},"_links":{"self":[{"href":"https:\/\/roveyayinevi.com.tr\/index.php\/wp-json\/wp\/v2\/product\/726685","targetHints":{"allow":["GET"]}}],"collection":[{"href":"https:\/\/roveyayinevi.com.tr\/index.php\/wp-json\/wp\/v2\/product"}],"about":[{"href":"https:\/\/roveyayinevi.com.tr\/index.php\/wp-json\/wp\/v2\/types\/product"}],"wp:attachment":[{"href":"https:\/\/roveyayinevi.com.tr\/index.php\/wp-json\/wp\/v2\/media?parent=726685"}],"wp:term":[{"taxonomy":"product_brand","embeddable":true,"href":"https:\/\/roveyayinevi.com.tr\/index.php\/wp-json\/wp\/v2\/product_brand?post=726685"},{"taxonomy":"product_cat","embeddable":true,"href":"https:\/\/roveyayinevi.com.tr\/index.php\/wp-json\/wp\/v2\/product_cat?post=726685"},{"taxonomy":"product_tag","embeddable":true,"href":"https:\/\/roveyayinevi.com.tr\/index.php\/wp-json\/wp\/v2\/product_tag?post=726685"}],"curies":[{"name":"wp","href":"https:\/\/api.w.org\/{rel}","templated":true}]}}