{"id":726684,"date":"2025-08-27T20:10:27","date_gmt":"2025-08-27T17:10:27","guid":{"rendered":"https:\/\/roveyayinevi.com.tr\/index.php\/urun\/guvenli-internet\/"},"modified":"2026-04-16T02:34:42","modified_gmt":"2026-04-15T23:34:42","slug":"guvenli-internet","status":"publish","type":"product","link":"https:\/\/roveyayinevi.com.tr\/index.php\/urun\/guvenli-internet\/","title":{"rendered":"G\u00fcvenli \u0130nternet"},"content":{"rendered":"<p>Siber sald\u0131rganlar kullan\u0131c\u0131lara ait bilgileri hangi y\u00f6ntemlerle \u00e7al\u0131yor?G\u00fcvenli bir internet deneyimi olu\u015fturacak tedbirler hangileri?G\u00fcvenli e-ticaret ve internet bankac\u0131l\u0131\u011f\u0131 m\u00fcmk\u00fcn m\u00fc?\u0130nternetteki mahremiyetiniz neden \u00f6nemli?Ak\u0131ll\u0131 cihazlara indirilen hangi t\u00fcr uygulamalar ne gibi tehlikeler bar\u0131nd\u0131r\u0131yor?\u0130nternet teknolojileri her ge\u00e7en g\u00fcn biraz daha geli\u015firken kullan\u0131c\u0131lar\u0131n g\u00fcvenli\u011fine y\u00f6nelik tehditler de b\u00fcy\u00fcyor. Sosyal medyay\u0131, e-ticaret platformlar\u0131n\u0131 ya da internet bankac\u0131l\u0131\u011f\u0131 uygulamalar\u0131n\u0131 kullan\u0131rken, kendimiz hakk\u0131nda giderek daha fazla bilgiyi internet \u00fczerinden payla\u015f\u0131yoruz. Bu bilgilerin g\u00fcvenli\u011fini sa\u011flamak i\u00e7in gerekenler ise yaln\u0131zca birka\u00e7 basit ad\u0131m.G\u00fcvenli \u0130nternet, sosyal medya kullan\u0131m\u0131ndan sanal para birimleriyle yap\u0131lan \u00f6demelere, internet kullan\u0131m\u0131n\u0131z\u0131n her a\u015famas\u0131nda sizi daha g\u00fcvende hissettirecek \u00f6neriler sunuyor.\u0130nternet g\u00fcvenli\u011fini sa\u011flayan unsurlar\u0131, hangi bilgilerin ne gibi ama\u00e7larla hedef al\u0131nabilece\u011fini a\u00e7\u0131kl\u0131yor. Dijital d\u00fcnyan\u0131n tehlikeli y\u00fcz\u00fcn\u00fc kafa kar\u0131\u015ft\u0131rmadan anlat\u0131rken, ak\u0131ll\u0131 bir kullan\u0131c\u0131n\u0131n sahip olmas\u0131 gereken al\u0131\u015fkanl\u0131klar\u0131 da s\u0131ral\u0131yor.<\/p>\n","protected":false},"excerpt":{"rendered":"<p>Siber sald\u0131rganlar kullan\u0131c\u0131lara ait bilgileri hangi y\u00f6ntemlerle \u00e7al\u0131yor?G\u00fcvenli bir internet deneyimi olu\u015fturacak tedbirler hangileri?G\u00fcvenli e-ticaret ve internet bankac\u0131l\u0131\u011f\u0131 m\u00fcmk\u00fcn m\u00fc?\u0130nternetteki mahremiyetiniz neden \u00f6nemli?Ak\u0131ll\u0131 cihazlara indirilen hangi<span class=\"excerpt-hellip\"> [\u2026]<\/span><\/p>\n","protected":false},"featured_media":0,"template":"","meta":{"_monsterinsights_skip_tracking":false,"_monsterinsights_sitenote_active":false,"_monsterinsights_sitenote_note":"","_monsterinsights_sitenote_category":0},"product_brand":[],"product_cat":[13005,37328],"product_tag":[],"class_list":{"0":"post-726684","1":"product","2":"type-product","3":"status-publish","5":"product_cat-bilim-muhendislik","6":"product_cat-diger-bilim-muhendislik","7":"pa_cilt-ciltsiz","8":"pa_tur-kitap","9":"pa_yayinevi-epsilon-yayinlari","10":"pa_yazar-zet-lorento-lorent-research-lab","12":"first","13":"instock","14":"sale","15":"shipping-taxable","16":"purchasable","17":"product-type-simple"},"_links":{"self":[{"href":"https:\/\/roveyayinevi.com.tr\/index.php\/wp-json\/wp\/v2\/product\/726684","targetHints":{"allow":["GET"]}}],"collection":[{"href":"https:\/\/roveyayinevi.com.tr\/index.php\/wp-json\/wp\/v2\/product"}],"about":[{"href":"https:\/\/roveyayinevi.com.tr\/index.php\/wp-json\/wp\/v2\/types\/product"}],"wp:attachment":[{"href":"https:\/\/roveyayinevi.com.tr\/index.php\/wp-json\/wp\/v2\/media?parent=726684"}],"wp:term":[{"taxonomy":"product_brand","embeddable":true,"href":"https:\/\/roveyayinevi.com.tr\/index.php\/wp-json\/wp\/v2\/product_brand?post=726684"},{"taxonomy":"product_cat","embeddable":true,"href":"https:\/\/roveyayinevi.com.tr\/index.php\/wp-json\/wp\/v2\/product_cat?post=726684"},{"taxonomy":"product_tag","embeddable":true,"href":"https:\/\/roveyayinevi.com.tr\/index.php\/wp-json\/wp\/v2\/product_tag?post=726684"}],"curies":[{"name":"wp","href":"https:\/\/api.w.org\/{rel}","templated":true}]}}