{"id":726682,"date":"2025-08-27T20:10:26","date_gmt":"2025-08-27T17:10:26","guid":{"rendered":"https:\/\/roveyayinevi.com.tr\/index.php\/urun\/hizirname\/"},"modified":"2026-04-16T02:34:42","modified_gmt":"2026-04-15T23:34:42","slug":"hizirname","status":"publish","type":"product","link":"https:\/\/roveyayinevi.com.tr\/index.php\/urun\/hizirname\/","title":{"rendered":"H\u0131z\u0131rname"},"content":{"rendered":"<p>\u0130\u015fbu H\u0131z\u0131rname didikleri kitab ne vakdin yaz\u0131ld\u0131\u011f\u0131 Allahu\u00e2lem me\u00e7hul olup rivayett\u00fcr kim m\u00fcellifi Karas\u0131 vilayetinde zuhur iden g\u00e2hi abdal g\u00e2hi aylak\u00e7\u0131, serke\u015flikle ve dahi ayya\u015fl\u0131kla namdar, ilmi, irfan\u0131 yar\u0131m, ameli noksan bald\u0131r\u0131\u00e7\u0131plak,ta\u011fl\u0131 bir kazakd\u0131r kim yazd\u0131klar\u0131 hacegan, ulema v\u00fc fukahaca makbul g\u00f6r\u00fclmey\u00fc i\u00e7inde d\u00fcrl\u00fc noksan \u00fc bida ke\u015ffolunub, \u015fol sebepten ahaliye men \u00fc nehy id\u00fclm\u00fc\u015fd\u00fcr. Lakin bu d\u00fcrl\u00fc tedbir ve dahi tedipler fayda itmey\u00fcp bu kaza\u011fun didikleri bir k\u0131s\u0131m molla v\u00fc sipahiyi yoldan azdurup, Anadolu v\u00fc Urumeli\u2019ndeki \u0131\u015f\u0131k taifesinin derg\u00e2hlar\u0131nda, kalenderi dervi\u015fan\u0131n a\u011fuzlar\u0131nda celali azg\u0131nlar\u0131nca dile gel\u00fcp c\u00fcmle vilayetlere yay\u0131lm\u0131\u015fd\u0131r. G\u00fcya \u015fol z\u0131nd\u0131k, H\u0131z\u0131rname didi\u011fi ol kitapta H\u0131z\u0131r Aleyhisselam bilen s\u00f6yle\u015f\u00fcp andan alpl\u0131\u011f\u0131n, devletin, bereketin ve dahi sekinetin s\u0131rlar\u0131n\u0131 \u00f6gren\u00fcr, zulmet\u00fcn, fesadun, bela v\u00fc musibetler\u00fcn, riyaset\u00fcn hikmetlerini i\u015fidir, \u00e2lemde namdar olan mahlukat \u00fc bir k\u0131s\u0131m e\u015fyay\u0131 g\u00fcya hikmet nazar\u0131nda tefekk\u00fcr ider, kuvvet, mevt, be\u015fer kimin hususlar\u0131 akl\u0131nca tahsil ider, \u015feriat, tarikat \u00fc hakikat bahislerile \u015fol bid\u2019a tolu kag\u0131ldusuna nihayet virir. \u0130mdi akl \u00fc feraset sahibi hi\u00e7kimesne bunc\u0131ley\u00fcn herze tolu kitaplaru okuma\u011fa yana\u015fmaz, anlaru diline tolamaz, hanesine sokmaz, b\u00f6yle yatlu bidatlu tomarlar\u0131 oda dutar, yakar, mollan\u0131n, n\u00f6kerin okad\u0131\u011f\u0131n\u0131 g\u00f6rse anlara de\u011fnek urur, azgunluklar\u0131 ge\u00e7d\u00fckte nasihat virir, okayan gend\u00fc evlad\u0131 olsa Hakk\u2019a d\u00fca v\u00fc niyazilen, olmad\u0131 nasihat, tekdir \u00fc tecziye bilen tedip ider, an\u0131 \u0131slah etme\u011fe u\u011fra\u015fur. Hem \u015fol kitab\u0131 bir kazak yazm\u0131\u015fdur, anda kazakl\u0131ktan, serke\u015flikten, abdall\u0131ktan ayruk nesne bul\u0131nmaz, bulunmamakla bu c\u00fcmle taifeden devlete, devletl\u00fcye, bazara bezirg\u00e2na, \u00e7ifte \u00e7ubu\u011fa, ren\u00e7bere, d\u00fclgere velhas\u0131l i\u015finde g\u00fcc\u00fcnde, r\u0131zk\u0131n\u0131n pe\u015finde hi\u00e7 kimesneye fayda iri\u015fmez vesselam.<\/p>\n","protected":false},"excerpt":{"rendered":"<p>\u0130\u015fbu H\u0131z\u0131rname didikleri kitab ne vakdin yaz\u0131ld\u0131\u011f\u0131 Allahu\u00e2lem me\u00e7hul olup rivayett\u00fcr kim m\u00fcellifi Karas\u0131 vilayetinde zuhur iden g\u00e2hi abdal g\u00e2hi aylak\u00e7\u0131, serke\u015flikle ve dahi ayya\u015fl\u0131kla namdar,<span class=\"excerpt-hellip\"> [\u2026]<\/span><\/p>\n","protected":false},"featured_media":0,"template":"","meta":{"_monsterinsights_skip_tracking":false,"_monsterinsights_sitenote_active":false,"_monsterinsights_sitenote_note":"","_monsterinsights_sitenote_category":0},"product_brand":[],"product_cat":[12777,12291],"product_tag":[],"class_list":{"0":"post-726682","1":"product","2":"type-product","3":"status-publish","5":"product_cat-deneme","6":"product_cat-edebiyat","7":"pa_cilt-ciltsiz","8":"pa_tur-kitap","9":"pa_yayinevi-otuken-nesriyat","10":"pa_yazar-ismail-orhan-sonmez","12":"first","13":"instock","14":"sale","15":"shipping-taxable","16":"purchasable","17":"product-type-simple"},"_links":{"self":[{"href":"https:\/\/roveyayinevi.com.tr\/index.php\/wp-json\/wp\/v2\/product\/726682","targetHints":{"allow":["GET"]}}],"collection":[{"href":"https:\/\/roveyayinevi.com.tr\/index.php\/wp-json\/wp\/v2\/product"}],"about":[{"href":"https:\/\/roveyayinevi.com.tr\/index.php\/wp-json\/wp\/v2\/types\/product"}],"wp:attachment":[{"href":"https:\/\/roveyayinevi.com.tr\/index.php\/wp-json\/wp\/v2\/media?parent=726682"}],"wp:term":[{"taxonomy":"product_brand","embeddable":true,"href":"https:\/\/roveyayinevi.com.tr\/index.php\/wp-json\/wp\/v2\/product_brand?post=726682"},{"taxonomy":"product_cat","embeddable":true,"href":"https:\/\/roveyayinevi.com.tr\/index.php\/wp-json\/wp\/v2\/product_cat?post=726682"},{"taxonomy":"product_tag","embeddable":true,"href":"https:\/\/roveyayinevi.com.tr\/index.php\/wp-json\/wp\/v2\/product_tag?post=726682"}],"curies":[{"name":"wp","href":"https:\/\/api.w.org\/{rel}","templated":true}]}}