{"id":726680,"date":"2025-08-27T20:10:24","date_gmt":"2025-08-27T17:10:24","guid":{"rendered":"https:\/\/roveyayinevi.com.tr\/index.php\/urun\/iyilestiren-sinirlar\/"},"modified":"2026-04-11T02:42:10","modified_gmt":"2026-04-10T23:42:10","slug":"iyilestiren-sinirlar","status":"publish","type":"product","link":"https:\/\/roveyayinevi.com.tr\/index.php\/urun\/iyilestiren-sinirlar\/","title":{"rendered":"\u0130yile\u015ftiren S\u0131n\u0131rlar"},"content":{"rendered":"<p>\u00d6zel olarak odaklanaca\u011f\u0131m\u0131z mucizevi kelimemiz: Hay\u0131r! Bir s\u00fcper g\u00fc\u00e7 say\u0131labilecek \u201cuygun yerde uygun bi\u00e7imde \u2018hay\u0131r\u2019 diyebilme becerisini\u201d Do\u00e7.Dr. \u0130. Volkan G\u00fcl\u00fcm bu kitapta detayl\u0131 bir \u015fekilde tart\u0131\u015f\u0131yor.\u00c7ok hay\u0131r demek ya da hi\u00e7 hay\u0131r diyememek; s\u0131n\u0131rlar\u0131 konusunda kat\u0131 olmak ya da s\u0131n\u0131r \u00e7ekemiyor ve koruyam\u0131yor olmak\u2026 Ge\u00e7mi\u015fte maruz kald\u0131\u011f\u0131n\u0131z hangi etkile\u015fimler bug\u00fcn bu beceriyi sergilemek konusunda sizi zorluyor? \u0130la\u00e7 niyetine bile olsa \u201chay\u0131r\u201d dedi\u011finizde neden kendinizi en k\u00f6t\u00fc laf\u0131 sarf etmi\u015f gibi hissediyorsunuz? Ka\u00e7 farkl\u0131 bi\u00e7imde \u201chay\u0131r\u201d denebilir? Ya da \u201chay\u0131r\u201d demenin farkl\u0131 bi\u00e7imleri olabilir mi? Peki ya \u201chay\u0131r\u201d diyememenin?Bu kitapla ba\u015flayan yolcu\u011funuzda hay\u0131r demek ve s\u0131n\u0131r \u00e7ekmek ile olan ili\u015fkinizi ele almaya ve e\u011fer bir sorun g\u00f6r\u00fcrsek de bunu birlikte daha sa\u011fl\u0131kl\u0131 bir bi\u00e7ime d\u00f6n\u00fc\u015ft\u00fcrmeye \u00e7al\u0131\u015faca\u011f\u0131z.Kitap boyunca a\u00e7\u0131klanan pek \u00e7ok konunun temelinde \u015eema Terapi ve Bili\u015fsel Davran\u0131\u015f\u00e7\u0131 Terapi yakla\u015f\u0131mlar\u0131 ve bu yakla\u015f\u0131mlar\u0131n kuramsal ve uygulamal\u0131 bak\u0131\u015f a\u00e7\u0131lar\u0131 bulunuyor.<\/p>\n","protected":false},"excerpt":{"rendered":"<p>\u00d6zel olarak odaklanaca\u011f\u0131m\u0131z mucizevi kelimemiz: Hay\u0131r! Bir s\u00fcper g\u00fc\u00e7 say\u0131labilecek \u201cuygun yerde uygun bi\u00e7imde \u2018hay\u0131r\u2019 diyebilme becerisini\u201d Do\u00e7.Dr. \u0130. Volkan G\u00fcl\u00fcm bu kitapta detayl\u0131 bir \u015fekilde<span class=\"excerpt-hellip\"> [\u2026]<\/span><\/p>\n","protected":false},"featured_media":0,"template":"","meta":{"_monsterinsights_skip_tracking":false,"_monsterinsights_sitenote_active":false,"_monsterinsights_sitenote_note":"","_monsterinsights_sitenote_category":0},"product_brand":[],"product_cat":[12364,12376],"product_tag":[],"class_list":{"0":"post-726680","1":"product","2":"type-product","3":"status-publish","5":"product_cat-genel-konular","6":"product_cat-kisisel-gelisim","7":"pa_cilt-ciltsiz","8":"pa_tur-kitap","9":"pa_yayinevi-psikonet-yayinlari","10":"pa_yazar-i-volkan-gulum","12":"first","13":"instock","14":"sale","15":"shipping-taxable","16":"purchasable","17":"product-type-simple"},"_links":{"self":[{"href":"https:\/\/roveyayinevi.com.tr\/index.php\/wp-json\/wp\/v2\/product\/726680","targetHints":{"allow":["GET"]}}],"collection":[{"href":"https:\/\/roveyayinevi.com.tr\/index.php\/wp-json\/wp\/v2\/product"}],"about":[{"href":"https:\/\/roveyayinevi.com.tr\/index.php\/wp-json\/wp\/v2\/types\/product"}],"wp:attachment":[{"href":"https:\/\/roveyayinevi.com.tr\/index.php\/wp-json\/wp\/v2\/media?parent=726680"}],"wp:term":[{"taxonomy":"product_brand","embeddable":true,"href":"https:\/\/roveyayinevi.com.tr\/index.php\/wp-json\/wp\/v2\/product_brand?post=726680"},{"taxonomy":"product_cat","embeddable":true,"href":"https:\/\/roveyayinevi.com.tr\/index.php\/wp-json\/wp\/v2\/product_cat?post=726680"},{"taxonomy":"product_tag","embeddable":true,"href":"https:\/\/roveyayinevi.com.tr\/index.php\/wp-json\/wp\/v2\/product_tag?post=726680"}],"curies":[{"name":"wp","href":"https:\/\/api.w.org\/{rel}","templated":true}]}}