{"id":726679,"date":"2025-08-27T20:10:24","date_gmt":"2025-08-27T17:10:24","guid":{"rendered":"https:\/\/roveyayinevi.com.tr\/index.php\/urun\/her-gune-bir-motivasyon-karti\/"},"modified":"2026-04-08T02:43:23","modified_gmt":"2026-04-07T23:43:23","slug":"her-gune-bir-motivasyon-karti","status":"publish","type":"product","link":"https:\/\/roveyayinevi.com.tr\/index.php\/urun\/her-gune-bir-motivasyon-karti\/","title":{"rendered":"Her G\u00fcne Bir Motivasyon Kart\u0131"},"content":{"rendered":"<p>Bu senin hik\u00e2yen.Bir kart se\u00e7, kendini ve yapabileceklerini ke\u015ffet<\/p>\n","protected":false},"excerpt":{"rendered":"<p>Bu senin hik\u00e2yen.Bir kart se\u00e7, kendini ve yapabileceklerini ke\u015ffet<\/p>\n","protected":false},"featured_media":0,"template":"","meta":{"_monsterinsights_skip_tracking":false,"_monsterinsights_sitenote_active":false,"_monsterinsights_sitenote_note":"","_monsterinsights_sitenote_category":0},"product_brand":[],"product_cat":[12364,12376],"product_tag":[],"class_list":{"0":"post-726679","1":"product","2":"type-product","3":"status-publish","5":"product_cat-genel-konular","6":"product_cat-kisisel-gelisim","7":"pa_cilt-ciltsiz","8":"pa_tur-kitap20","9":"pa_yayinevi-nemesis-kitap","10":"pa_yazar-gamze-alparslan","12":"first","13":"instock","14":"sale","15":"shipping-taxable","16":"purchasable","17":"product-type-simple"},"_links":{"self":[{"href":"https:\/\/roveyayinevi.com.tr\/index.php\/wp-json\/wp\/v2\/product\/726679","targetHints":{"allow":["GET"]}}],"collection":[{"href":"https:\/\/roveyayinevi.com.tr\/index.php\/wp-json\/wp\/v2\/product"}],"about":[{"href":"https:\/\/roveyayinevi.com.tr\/index.php\/wp-json\/wp\/v2\/types\/product"}],"wp:attachment":[{"href":"https:\/\/roveyayinevi.com.tr\/index.php\/wp-json\/wp\/v2\/media?parent=726679"}],"wp:term":[{"taxonomy":"product_brand","embeddable":true,"href":"https:\/\/roveyayinevi.com.tr\/index.php\/wp-json\/wp\/v2\/product_brand?post=726679"},{"taxonomy":"product_cat","embeddable":true,"href":"https:\/\/roveyayinevi.com.tr\/index.php\/wp-json\/wp\/v2\/product_cat?post=726679"},{"taxonomy":"product_tag","embeddable":true,"href":"https:\/\/roveyayinevi.com.tr\/index.php\/wp-json\/wp\/v2\/product_tag?post=726679"}],"curies":[{"name":"wp","href":"https:\/\/api.w.org\/{rel}","templated":true}]}}