{"id":726677,"date":"2025-08-27T20:10:22","date_gmt":"2025-08-27T17:10:22","guid":{"rendered":"https:\/\/roveyayinevi.com.tr\/index.php\/urun\/insanin-evrimi-2\/"},"modified":"2026-04-16T02:34:42","modified_gmt":"2026-04-15T23:34:42","slug":"insanin-evrimi-2","status":"publish","type":"product","link":"https:\/\/roveyayinevi.com.tr\/index.php\/urun\/insanin-evrimi-2\/","title":{"rendered":"\u0130nsan\u0131n Evrimi"},"content":{"rendered":"<p>Her \u015feyin yabanc\u0131 ve yepyeni oldu\u011fu heyecan verici bir d\u00f6nemdi. \u0130lk insanlar, hayat\u0131n zorlu mu\u0308cadelesinde ayakta kalmaya \u00e7al\u0131\u015ft\u0131lar. Ad\u0131m ad\u0131m, inat ve yarat\u0131c\u0131l\u0131kla, kurnazl\u0131k ve zek\u00e2yla ilerleyip k\u00f6tu\u0308 hava ve \u00e7evre ko\u015fullar\u0131, besin yoklu\u011fu ve vah\u015fi hayvanlar kar\u015f\u0131s\u0131nda \u00e7\u00f6zu\u0308mler u\u0308retmeye \u00e7al\u0131\u015ft\u0131lar. Su\u0308rekli merak ettiler, denediler ve ke\u015ffettiler. \u00d6\u011frendik\u00e7e, deneyim kazand\u0131k\u00e7a kendilerine olan gu\u0308venleri artt\u0131. Yeni ke\u015fiflerle hayat gu\u0308zelle\u015fti, daha az tehlikeli hale geldi. <\/p>\n","protected":false},"excerpt":{"rendered":"<p>Her \u015feyin yabanc\u0131 ve yepyeni oldu\u011fu heyecan verici bir d\u00f6nemdi. \u0130lk insanlar, hayat\u0131n zorlu mu\u0308cadelesinde ayakta kalmaya \u00e7al\u0131\u015ft\u0131lar. Ad\u0131m ad\u0131m, inat ve yarat\u0131c\u0131l\u0131kla, kurnazl\u0131k ve zek\u00e2yla<span class=\"excerpt-hellip\"> [\u2026]<\/span><\/p>\n","protected":false},"featured_media":0,"template":"","meta":{"_monsterinsights_skip_tracking":false,"_monsterinsights_sitenote_active":false,"_monsterinsights_sitenote_note":"","_monsterinsights_sitenote_category":0},"product_brand":[],"product_cat":[12913,12274],"product_tag":[],"class_list":{"0":"post-726677","1":"product","2":"type-product","3":"status-publish","5":"product_cat-3-6-yas-kitaplari","6":"product_cat-cocuk-ve-genclik-kitaplari","7":"pa_cilt-ciltsiz","8":"pa_tur-kitap","9":"pa_yayinevi-dinozor-cocuk","10":"pa_yazar-anna-hatzimanoli","12":"first","13":"instock","14":"sale","15":"shipping-taxable","16":"purchasable","17":"product-type-simple"},"_links":{"self":[{"href":"https:\/\/roveyayinevi.com.tr\/index.php\/wp-json\/wp\/v2\/product\/726677","targetHints":{"allow":["GET"]}}],"collection":[{"href":"https:\/\/roveyayinevi.com.tr\/index.php\/wp-json\/wp\/v2\/product"}],"about":[{"href":"https:\/\/roveyayinevi.com.tr\/index.php\/wp-json\/wp\/v2\/types\/product"}],"wp:attachment":[{"href":"https:\/\/roveyayinevi.com.tr\/index.php\/wp-json\/wp\/v2\/media?parent=726677"}],"wp:term":[{"taxonomy":"product_brand","embeddable":true,"href":"https:\/\/roveyayinevi.com.tr\/index.php\/wp-json\/wp\/v2\/product_brand?post=726677"},{"taxonomy":"product_cat","embeddable":true,"href":"https:\/\/roveyayinevi.com.tr\/index.php\/wp-json\/wp\/v2\/product_cat?post=726677"},{"taxonomy":"product_tag","embeddable":true,"href":"https:\/\/roveyayinevi.com.tr\/index.php\/wp-json\/wp\/v2\/product_tag?post=726677"}],"curies":[{"name":"wp","href":"https:\/\/api.w.org\/{rel}","templated":true}]}}