{"id":726676,"date":"2025-08-27T20:10:21","date_gmt":"2025-08-27T17:10:21","guid":{"rendered":"https:\/\/roveyayinevi.com.tr\/index.php\/urun\/dunyanin-evrimi\/"},"modified":"2026-04-16T02:34:42","modified_gmt":"2026-04-15T23:34:42","slug":"dunyanin-evrimi","status":"publish","type":"product","link":"https:\/\/roveyayinevi.com.tr\/index.php\/urun\/dunyanin-evrimi\/","title":{"rendered":"D\u00fcnya&#8217;n\u0131n Evrimi"},"content":{"rendered":"<p>Bu\u0308yu\u0308lu\u0308 do\u011fas\u0131n\u0131 ve tu\u0308m gu\u0308zelliklerini korumak i\u00e7in, du\u0308nyam\u0131z\u0131n de\u011ferini anlamam\u0131z ve her \u015feyden \u00f6nce onu tan\u0131mam\u0131z gerekir. Haydi o zaman, evimizi, Du\u0308nya gezegenini, u\u00e7suz bucaks\u0131z Evren\u2019in i\u00e7indeki bu ku\u0308\u00e7u\u0308cu\u0308k noktac\u0131\u011f\u0131 tan\u0131yal\u0131m! Du\u0308nya\u2019n\u0131n do\u011fumuna \u015fahit oluyor, bu\u0308tu\u0308n bir hayat hik\u00e2yesini \u00f6\u011freniyoruz. Kalbine, yani \u00e7ekirde\u011fine kadar inip, tu\u0308m gizemlerini ke\u015ffediyoruz. Depremlerin nas\u0131l olu\u015ftu\u011funu, volkanlar\u0131n nas\u0131l pu\u0308sku\u0308rdu\u0308\u011fu\u0308nu\u0308 g\u00f6rerek anl\u0131yoruz. <\/p>\n","protected":false},"excerpt":{"rendered":"<p>Bu\u0308yu\u0308lu\u0308 do\u011fas\u0131n\u0131 ve tu\u0308m gu\u0308zelliklerini korumak i\u00e7in, du\u0308nyam\u0131z\u0131n de\u011ferini anlamam\u0131z ve her \u015feyden \u00f6nce onu tan\u0131mam\u0131z gerekir. Haydi o zaman, evimizi, Du\u0308nya gezegenini, u\u00e7suz bucaks\u0131z Evren\u2019in<span class=\"excerpt-hellip\"> [\u2026]<\/span><\/p>\n","protected":false},"featured_media":0,"template":"","meta":{"_monsterinsights_skip_tracking":false,"_monsterinsights_sitenote_active":false,"_monsterinsights_sitenote_note":"","_monsterinsights_sitenote_category":0},"product_brand":[],"product_cat":[12913,12274],"product_tag":[],"class_list":{"0":"post-726676","1":"product","2":"type-product","3":"status-publish","5":"product_cat-3-6-yas-kitaplari","6":"product_cat-cocuk-ve-genclik-kitaplari","7":"pa_cilt-ciltsiz","8":"pa_tur-kitap","9":"pa_yayinevi-dinozor-cocuk","10":"pa_yazar-anna-hatzimanoli","12":"first","13":"instock","14":"sale","15":"shipping-taxable","16":"purchasable","17":"product-type-simple"},"_links":{"self":[{"href":"https:\/\/roveyayinevi.com.tr\/index.php\/wp-json\/wp\/v2\/product\/726676","targetHints":{"allow":["GET"]}}],"collection":[{"href":"https:\/\/roveyayinevi.com.tr\/index.php\/wp-json\/wp\/v2\/product"}],"about":[{"href":"https:\/\/roveyayinevi.com.tr\/index.php\/wp-json\/wp\/v2\/types\/product"}],"wp:attachment":[{"href":"https:\/\/roveyayinevi.com.tr\/index.php\/wp-json\/wp\/v2\/media?parent=726676"}],"wp:term":[{"taxonomy":"product_brand","embeddable":true,"href":"https:\/\/roveyayinevi.com.tr\/index.php\/wp-json\/wp\/v2\/product_brand?post=726676"},{"taxonomy":"product_cat","embeddable":true,"href":"https:\/\/roveyayinevi.com.tr\/index.php\/wp-json\/wp\/v2\/product_cat?post=726676"},{"taxonomy":"product_tag","embeddable":true,"href":"https:\/\/roveyayinevi.com.tr\/index.php\/wp-json\/wp\/v2\/product_tag?post=726676"}],"curies":[{"name":"wp","href":"https:\/\/api.w.org\/{rel}","templated":true}]}}