{"id":726675,"date":"2025-08-27T20:10:20","date_gmt":"2025-08-27T17:10:20","guid":{"rendered":"https:\/\/roveyayinevi.com.tr\/index.php\/urun\/cehri-zikrin-dindeki-yeri\/"},"modified":"2026-04-16T02:34:42","modified_gmt":"2026-04-15T23:34:42","slug":"cehri-zikrin-dindeki-yeri","status":"publish","type":"product","link":"https:\/\/roveyayinevi.com.tr\/index.php\/urun\/cehri-zikrin-dindeki-yeri\/","title":{"rendered":"Cehri Zikrin Dindeki Yeri"},"content":{"rendered":"<p>\u0130nsan g\u00f6nl\u00fcnde sevdi\u011finin ad\u0131n\u0131 daima ta\u015f\u0131mak ister ve bundan \u015feref duyar.Allahu Te\u00e2l\u00e2\u2019y\u0131 dil ile yahut kalp ile zikretmek M\u00fcminlerin kalplerinin r\u0131zk\u0131, nefislerinin merhemidir. G\u00f6n\u00fcllerindeki hastal\u0131\u011f\u0131n, derdin, h\u00fczn\u00fcn ve kederin ise \u015fifas\u0131d\u0131r. \u201cBeni an\u0131n ki sizi anay\u0131m\u201d ve \u201cRabbini g\u00f6n\u00fclden ve korkarak i\u00e7inden hafif bir sesle sabah ak\u015fam an, gafillerden olma\u201d ayetleri bize indirilmi\u015ftir.Elinizdeki eser, hadis ilmini merkeze alarak cehr\u00ee zikri ele almaktad\u0131r.<\/p>\n","protected":false},"excerpt":{"rendered":"<p>\u0130nsan g\u00f6nl\u00fcnde sevdi\u011finin ad\u0131n\u0131 daima ta\u015f\u0131mak ister ve bundan \u015feref duyar.Allahu Te\u00e2l\u00e2\u2019y\u0131 dil ile yahut kalp ile zikretmek M\u00fcminlerin kalplerinin r\u0131zk\u0131, nefislerinin merhemidir. G\u00f6n\u00fcllerindeki hastal\u0131\u011f\u0131n, derdin,<span class=\"excerpt-hellip\"> [\u2026]<\/span><\/p>\n","protected":false},"featured_media":0,"template":"","meta":{"_monsterinsights_skip_tracking":false,"_monsterinsights_sitenote_active":false,"_monsterinsights_sitenote_note":"","_monsterinsights_sitenote_category":0},"product_brand":[],"product_cat":[16789,12718,12719],"product_tag":[],"class_list":{"0":"post-726675","1":"product","2":"type-product","3":"status-publish","5":"product_cat-diger-islam","6":"product_cat-din","7":"product_cat-islam","8":"pa_cilt-ciltsiz","9":"pa_tur-kitap","10":"pa_yayinevi-takdim-kitap","11":"pa_yazar-muhammed-abdulhay-el-leknevi","13":"first","14":"instock","15":"sale","16":"shipping-taxable","17":"purchasable","18":"product-type-simple"},"_links":{"self":[{"href":"https:\/\/roveyayinevi.com.tr\/index.php\/wp-json\/wp\/v2\/product\/726675","targetHints":{"allow":["GET"]}}],"collection":[{"href":"https:\/\/roveyayinevi.com.tr\/index.php\/wp-json\/wp\/v2\/product"}],"about":[{"href":"https:\/\/roveyayinevi.com.tr\/index.php\/wp-json\/wp\/v2\/types\/product"}],"wp:attachment":[{"href":"https:\/\/roveyayinevi.com.tr\/index.php\/wp-json\/wp\/v2\/media?parent=726675"}],"wp:term":[{"taxonomy":"product_brand","embeddable":true,"href":"https:\/\/roveyayinevi.com.tr\/index.php\/wp-json\/wp\/v2\/product_brand?post=726675"},{"taxonomy":"product_cat","embeddable":true,"href":"https:\/\/roveyayinevi.com.tr\/index.php\/wp-json\/wp\/v2\/product_cat?post=726675"},{"taxonomy":"product_tag","embeddable":true,"href":"https:\/\/roveyayinevi.com.tr\/index.php\/wp-json\/wp\/v2\/product_tag?post=726675"}],"curies":[{"name":"wp","href":"https:\/\/api.w.org\/{rel}","templated":true}]}}