{"id":726673,"date":"2025-08-27T20:10:19","date_gmt":"2025-08-27T17:10:19","guid":{"rendered":"https:\/\/roveyayinevi.com.tr\/index.php\/urun\/islamda-namazin-tarihi\/"},"modified":"2026-04-16T02:34:42","modified_gmt":"2026-04-15T23:34:42","slug":"islamda-namazin-tarihi","status":"publish","type":"product","link":"https:\/\/roveyayinevi.com.tr\/index.php\/urun\/islamda-namazin-tarihi\/","title":{"rendered":"\u0130slam&#8217;da Namaz\u0131n Tarihi"},"content":{"rendered":"<p>Bir M\u00fcsl\u00fcmana namaz\u0131n kendisine nas\u0131l farz oldu\u011funu sorsak genellikle \u015funu demekle yetinir: \u201cBilmiyorum, ama Allah namaz\u0131 ger\u00e7ekten bize farz k\u0131ld\u0131.\u201d Ayn\u0131 soruyu bir Yahudi veya H\u0131ristiyana y\u00f6neltirsek onun cevab\u0131 da yukar\u0131dakine benzer olur. Bunun sebebi her insan\u0131n \u00e7evresini taklit ederek \u00f6\u011frenme kabiliyetini geli\u015ftirmesidir.Elinizdeki eser, \u0130slam\u2019\u0131n temel ibadetlerinden biri olan namaz\u0131n tarihini, ne zaman farz k\u0131l\u0131nd\u0131\u011f\u0131n\u0131 ve nas\u0131l geli\u015fti\u011fini a\u00e7\u0131klayan bir kitapt\u0131r. Bunun yan\u0131 s\u0131ra \u0130slam\u2019daki namaz\u0131n di\u011fer semavi dinlerdeki benzerli\u011fi de ele al\u0131nm\u0131\u015ft\u0131r.<\/p>\n","protected":false},"excerpt":{"rendered":"<p>Bir M\u00fcsl\u00fcmana namaz\u0131n kendisine nas\u0131l farz oldu\u011funu sorsak genellikle \u015funu demekle yetinir: \u201cBilmiyorum, ama Allah namaz\u0131 ger\u00e7ekten bize farz k\u0131ld\u0131.\u201d Ayn\u0131 soruyu bir Yahudi veya H\u0131ristiyana<span class=\"excerpt-hellip\"> [\u2026]<\/span><\/p>\n","protected":false},"featured_media":0,"template":"","meta":{"_monsterinsights_skip_tracking":false,"_monsterinsights_sitenote_active":false,"_monsterinsights_sitenote_note":"","_monsterinsights_sitenote_category":0},"product_brand":[],"product_cat":[12718,12719,18109],"product_tag":[],"class_list":{"0":"post-726673","1":"product","2":"type-product","3":"status-publish","5":"product_cat-din","6":"product_cat-islam","7":"product_cat-islam-tarihi","8":"pa_cilt-ciltsiz","9":"pa_tur-kitap","10":"pa_yayinevi-takdim-kitap","11":"pa_yazar-cevad-ali","13":"first","14":"instock","15":"sale","16":"shipping-taxable","17":"purchasable","18":"product-type-simple"},"_links":{"self":[{"href":"https:\/\/roveyayinevi.com.tr\/index.php\/wp-json\/wp\/v2\/product\/726673","targetHints":{"allow":["GET"]}}],"collection":[{"href":"https:\/\/roveyayinevi.com.tr\/index.php\/wp-json\/wp\/v2\/product"}],"about":[{"href":"https:\/\/roveyayinevi.com.tr\/index.php\/wp-json\/wp\/v2\/types\/product"}],"wp:attachment":[{"href":"https:\/\/roveyayinevi.com.tr\/index.php\/wp-json\/wp\/v2\/media?parent=726673"}],"wp:term":[{"taxonomy":"product_brand","embeddable":true,"href":"https:\/\/roveyayinevi.com.tr\/index.php\/wp-json\/wp\/v2\/product_brand?post=726673"},{"taxonomy":"product_cat","embeddable":true,"href":"https:\/\/roveyayinevi.com.tr\/index.php\/wp-json\/wp\/v2\/product_cat?post=726673"},{"taxonomy":"product_tag","embeddable":true,"href":"https:\/\/roveyayinevi.com.tr\/index.php\/wp-json\/wp\/v2\/product_tag?post=726673"}],"curies":[{"name":"wp","href":"https:\/\/api.w.org\/{rel}","templated":true}]}}