{"id":726672,"date":"2025-08-27T20:10:18","date_gmt":"2025-08-27T17:10:18","guid":{"rendered":"https:\/\/roveyayinevi.com.tr\/index.php\/urun\/islamda-tartisma-adabi\/"},"modified":"2026-04-16T02:34:42","modified_gmt":"2026-04-15T23:34:42","slug":"islamda-tartisma-adabi","status":"publish","type":"product","link":"https:\/\/roveyayinevi.com.tr\/index.php\/urun\/islamda-tartisma-adabi\/","title":{"rendered":"\u0130slam&#8217;da Tart\u0131\u015fma Adab\u0131"},"content":{"rendered":"<p>Hay\u0131r ve iyili\u011fe y\u00f6neltmesi bak\u0131m\u0131ndan insan\u0131n \u00f6vg\u00fcye de\u011fer her t\u00fcrl\u00fc davran\u0131\u015f\u0131 bize edebi anlat\u0131r. \u00c2d\u00e2b ise edebin \u00e7o\u011fuludur ve d\u00fcnya insanlar\u0131n\u0131n ve \u00f6zellikle de M\u00fcsl\u00fcmanlar\u0131n bug\u00fcnlerde ihtiyac\u0131n\u0131 derinden hissetti\u011fi bir \u015fuur durumudur. Bu muhtasar eser bizlere bug\u00fcn bir nefes kadar ihtiyac\u0131m\u0131z olan \u00e2d\u00e2b\u0131n ne oldu\u011funu yeniden hat\u0131rlatma g\u00f6revini en iyi \u015fekilde \u00fcstlenmektedir.<\/p>\n","protected":false},"excerpt":{"rendered":"<p>Hay\u0131r ve iyili\u011fe y\u00f6neltmesi bak\u0131m\u0131ndan insan\u0131n \u00f6vg\u00fcye de\u011fer her t\u00fcrl\u00fc davran\u0131\u015f\u0131 bize edebi anlat\u0131r. \u00c2d\u00e2b ise edebin \u00e7o\u011fuludur ve d\u00fcnya insanlar\u0131n\u0131n ve \u00f6zellikle de M\u00fcsl\u00fcmanlar\u0131n bug\u00fcnlerde<span class=\"excerpt-hellip\"> [\u2026]<\/span><\/p>\n","protected":false},"featured_media":0,"template":"","meta":{"_monsterinsights_skip_tracking":false,"_monsterinsights_sitenote_active":false,"_monsterinsights_sitenote_note":"","_monsterinsights_sitenote_category":0},"product_brand":[],"product_cat":[16789,12718,12719],"product_tag":[],"class_list":{"0":"post-726672","1":"product","2":"type-product","3":"status-publish","5":"product_cat-diger-islam","6":"product_cat-din","7":"product_cat-islam","8":"pa_cilt-ciltsiz","9":"pa_tur-kitap","10":"pa_yayinevi-takdim-kitap","11":"pa_yazar-abdulfettah-ebu-gudde","13":"first","14":"instock","15":"sale","16":"shipping-taxable","17":"purchasable","18":"product-type-simple"},"_links":{"self":[{"href":"https:\/\/roveyayinevi.com.tr\/index.php\/wp-json\/wp\/v2\/product\/726672","targetHints":{"allow":["GET"]}}],"collection":[{"href":"https:\/\/roveyayinevi.com.tr\/index.php\/wp-json\/wp\/v2\/product"}],"about":[{"href":"https:\/\/roveyayinevi.com.tr\/index.php\/wp-json\/wp\/v2\/types\/product"}],"wp:attachment":[{"href":"https:\/\/roveyayinevi.com.tr\/index.php\/wp-json\/wp\/v2\/media?parent=726672"}],"wp:term":[{"taxonomy":"product_brand","embeddable":true,"href":"https:\/\/roveyayinevi.com.tr\/index.php\/wp-json\/wp\/v2\/product_brand?post=726672"},{"taxonomy":"product_cat","embeddable":true,"href":"https:\/\/roveyayinevi.com.tr\/index.php\/wp-json\/wp\/v2\/product_cat?post=726672"},{"taxonomy":"product_tag","embeddable":true,"href":"https:\/\/roveyayinevi.com.tr\/index.php\/wp-json\/wp\/v2\/product_tag?post=726672"}],"curies":[{"name":"wp","href":"https:\/\/api.w.org\/{rel}","templated":true}]}}