{"id":726671,"date":"2025-08-27T20:10:17","date_gmt":"2025-08-27T17:10:17","guid":{"rendered":"https:\/\/roveyayinevi.com.tr\/index.php\/urun\/uc-buyuk-imamin-faziletleri\/"},"modified":"2026-04-16T02:34:42","modified_gmt":"2026-04-15T23:34:42","slug":"uc-buyuk-imamin-faziletleri","status":"publish","type":"product","link":"https:\/\/roveyayinevi.com.tr\/index.php\/urun\/uc-buyuk-imamin-faziletleri\/","title":{"rendered":"\u00dc\u00e7 B\u00fcy\u00fck \u0130mam\u0131n Faziletleri"},"content":{"rendered":"<p>Tarihte M\u00fcsl\u00fcmanlar\u0131n ya\u015fam \u015fekillerine y\u00f6n vermi\u015f \u00fc\u00e7 b\u00fcy\u00fck imam\u0131n do\u011fumundan vefat\u0131na kadar ge\u00e7en s\u00fcrede neler ya\u015fand\u0131? Fakihlerin halk nezdinde itibarlar\u0131, otoriteleri ve onlar hakk\u0131ndaki haberler neydi? S\u00fcnnetlerin korunmas\u0131 ve bid\u2019at ehline kar\u015f\u0131 fakihler nas\u0131l bir yol izledi? Elinizdeki kitap bu sorular\u0131n cevaplar\u0131n\u0131 bulmaya \u00e7al\u0131\u015fmaktad\u0131r. Her M\u00fcsl\u00fcman\u0131n kendi hayat ser\u00fcveninde bir cevap bulabilece\u011fi ve \u00f6\u011frenme ger\u00e7ekle\u015ftirebilece\u011fi bu eser okuyucular\u0131m\u0131z\u0131n istifadesine sunulmu\u015ftur.<\/p>\n","protected":false},"excerpt":{"rendered":"<p>Tarihte M\u00fcsl\u00fcmanlar\u0131n ya\u015fam \u015fekillerine y\u00f6n vermi\u015f \u00fc\u00e7 b\u00fcy\u00fck imam\u0131n do\u011fumundan vefat\u0131na kadar ge\u00e7en s\u00fcrede neler ya\u015fand\u0131? Fakihlerin halk nezdinde itibarlar\u0131, otoriteleri ve onlar hakk\u0131ndaki haberler neydi?<span class=\"excerpt-hellip\"> [\u2026]<\/span><\/p>\n","protected":false},"featured_media":0,"template":"","meta":{"_monsterinsights_skip_tracking":false,"_monsterinsights_sitenote_active":false,"_monsterinsights_sitenote_note":"","_monsterinsights_sitenote_category":0},"product_brand":[],"product_cat":[16789,12718,12719],"product_tag":[],"class_list":{"0":"post-726671","1":"product","2":"type-product","3":"status-publish","5":"product_cat-diger-islam","6":"product_cat-din","7":"product_cat-islam","8":"pa_cilt-ciltsiz","9":"pa_tur-kitap","10":"pa_yayinevi-takdim-kitap","11":"pa_yazar-abdilber-el-endelusi","13":"first","14":"instock","15":"sale","16":"shipping-taxable","17":"purchasable","18":"product-type-simple"},"_links":{"self":[{"href":"https:\/\/roveyayinevi.com.tr\/index.php\/wp-json\/wp\/v2\/product\/726671","targetHints":{"allow":["GET"]}}],"collection":[{"href":"https:\/\/roveyayinevi.com.tr\/index.php\/wp-json\/wp\/v2\/product"}],"about":[{"href":"https:\/\/roveyayinevi.com.tr\/index.php\/wp-json\/wp\/v2\/types\/product"}],"wp:attachment":[{"href":"https:\/\/roveyayinevi.com.tr\/index.php\/wp-json\/wp\/v2\/media?parent=726671"}],"wp:term":[{"taxonomy":"product_brand","embeddable":true,"href":"https:\/\/roveyayinevi.com.tr\/index.php\/wp-json\/wp\/v2\/product_brand?post=726671"},{"taxonomy":"product_cat","embeddable":true,"href":"https:\/\/roveyayinevi.com.tr\/index.php\/wp-json\/wp\/v2\/product_cat?post=726671"},{"taxonomy":"product_tag","embeddable":true,"href":"https:\/\/roveyayinevi.com.tr\/index.php\/wp-json\/wp\/v2\/product_tag?post=726671"}],"curies":[{"name":"wp","href":"https:\/\/api.w.org\/{rel}","templated":true}]}}