{"id":726670,"date":"2025-08-27T20:10:17","date_gmt":"2025-08-27T17:10:17","guid":{"rendered":"https:\/\/roveyayinevi.com.tr\/index.php\/urun\/kutub-i-sittenin-hadis-alma-kriterleri\/"},"modified":"2026-04-16T02:34:42","modified_gmt":"2026-04-15T23:34:42","slug":"kutub-i-sittenin-hadis-alma-kriterleri","status":"publish","type":"product","link":"https:\/\/roveyayinevi.com.tr\/index.php\/urun\/kutub-i-sittenin-hadis-alma-kriterleri\/","title":{"rendered":"K\u00fct\u00fcb-\u0130 Sitte\u2019nin Hadis Alma Kriterleri"},"content":{"rendered":"<p>K\u00fct\u00fcb-i Sitte\u2019nin me\u015fhur imamlar\u0131 kimdir? Bu me\u015fhur imamlar\u0131n hadisleri toplama s\u00fcreci nas\u0131l ger\u00e7ekle\u015fmi\u015ftir? Elinizdeki eser bu sorular\u0131n cevab\u0131n\u0131 bulmaya \u00e7al\u0131\u015fmaktad\u0131r. Yazar, muhaddislerin \u00e7al\u0131\u015fma metotlar\u0131n\u0131, d\u00f6nemin \u015fartlar\u0131 m\u00fcnasebetiyle hadis ara\u015ft\u0131rmalar\u0131n\u0131n nas\u0131l bir s\u00fcre\u00e7ten ge\u00e7ti\u011fini, nas\u0131l tetkik edildi\u011fini detaylar\u0131yla g\u00f6stermektedir. Ayr\u0131ca yazar, okuyucunun kendisini bizzat o ara\u015ft\u0131rman\u0131n i\u00e7erisine \u00e7eken bir eser ortaya koymaktad\u0131r.<\/p>\n","protected":false},"excerpt":{"rendered":"<p>K\u00fct\u00fcb-i Sitte\u2019nin me\u015fhur imamlar\u0131 kimdir? Bu me\u015fhur imamlar\u0131n hadisleri toplama s\u00fcreci nas\u0131l ger\u00e7ekle\u015fmi\u015ftir? Elinizdeki eser bu sorular\u0131n cevab\u0131n\u0131 bulmaya \u00e7al\u0131\u015fmaktad\u0131r. Yazar, muhaddislerin \u00e7al\u0131\u015fma metotlar\u0131n\u0131, d\u00f6nemin \u015fartlar\u0131<span class=\"excerpt-hellip\"> [\u2026]<\/span><\/p>\n","protected":false},"featured_media":0,"template":"","meta":{"_monsterinsights_skip_tracking":false,"_monsterinsights_sitenote_active":false,"_monsterinsights_sitenote_note":"","_monsterinsights_sitenote_category":0},"product_brand":[],"product_cat":[16789,12718,12719],"product_tag":[],"class_list":{"0":"post-726670","1":"product","2":"type-product","3":"status-publish","5":"product_cat-diger-islam","6":"product_cat-din","7":"product_cat-islam","8":"pa_cilt-ciltsiz","9":"pa_tur-kitap","10":"pa_yayinevi-takdim-kitap","11":"pa_yazar-abdulfettah-ebu-gudde","13":"first","14":"instock","15":"sale","16":"shipping-taxable","17":"purchasable","18":"product-type-simple"},"_links":{"self":[{"href":"https:\/\/roveyayinevi.com.tr\/index.php\/wp-json\/wp\/v2\/product\/726670","targetHints":{"allow":["GET"]}}],"collection":[{"href":"https:\/\/roveyayinevi.com.tr\/index.php\/wp-json\/wp\/v2\/product"}],"about":[{"href":"https:\/\/roveyayinevi.com.tr\/index.php\/wp-json\/wp\/v2\/types\/product"}],"wp:attachment":[{"href":"https:\/\/roveyayinevi.com.tr\/index.php\/wp-json\/wp\/v2\/media?parent=726670"}],"wp:term":[{"taxonomy":"product_brand","embeddable":true,"href":"https:\/\/roveyayinevi.com.tr\/index.php\/wp-json\/wp\/v2\/product_brand?post=726670"},{"taxonomy":"product_cat","embeddable":true,"href":"https:\/\/roveyayinevi.com.tr\/index.php\/wp-json\/wp\/v2\/product_cat?post=726670"},{"taxonomy":"product_tag","embeddable":true,"href":"https:\/\/roveyayinevi.com.tr\/index.php\/wp-json\/wp\/v2\/product_tag?post=726670"}],"curies":[{"name":"wp","href":"https:\/\/api.w.org\/{rel}","templated":true}]}}