{"id":726669,"date":"2025-08-27T20:10:16","date_gmt":"2025-08-27T17:10:16","guid":{"rendered":"https:\/\/roveyayinevi.com.tr\/index.php\/urun\/peygamberin-izinde-dort-halife-ciltli\/"},"modified":"2026-04-16T02:34:42","modified_gmt":"2026-04-15T23:34:42","slug":"peygamberin-izinde-dort-halife-ciltli","status":"publish","type":"product","link":"https:\/\/roveyayinevi.com.tr\/index.php\/urun\/peygamberin-izinde-dort-halife-ciltli\/","title":{"rendered":"Peygamberin \u0130zinde D\u00f6rt Halife (Ciltli)"},"content":{"rendered":"<p>\u0130sl\u00e2m Tarihi\u2019ne damgas\u0131n\u0131 vurmu\u015f d\u00f6rt b\u00fcy\u00fck \u015fahsiyet: Ebu Bekir, \u00d6mer, Osman ve Ali. Hz. Peygamberin izinden bir milim bile ayr\u0131lmayan o d\u00f6rt adam\u0131n, daha do\u011frusu d\u00f6rt \u201cermi\u015f\u201d adam\u0131n Hulef\u00e2-yi R\u00e2\u015fid\u00een ad\u0131n\u0131 almas\u0131n\u0131n sebepleri neydi?\u00c7\u00fcnk\u00fc onlar:Allah\u2019\u0131n r\u0131zas\u0131na ve dinin ulvi ger\u00e7e\u011fine,\u0130hlas ve samimiyetin derin s\u0131rr\u0131na,Peygambere sadakat ve ba\u011fl\u0131l\u0131\u011f\u0131n tad\u0131na,\u00dcmmet-i Muhammed\u2019e \u015fefkatin zirvesine,\u0130sl\u00e2m \u00fcmmetinin derdiyle dertlenmenin ruhsal geni\u015fli\u011fine,\u0130\u2019la-y\u0131 kelimetullah \u00fclk\u00fcs\u00fcn\u00fcn insan\u0131 y\u00fccelten iklimine,\u0130sl\u00e2m\u2019\u0131n yanl\u0131\u015f anla\u015f\u0131lmas\u0131n\u0131 ve yanl\u0131\u015f uygulanmas\u0131n\u0131 \u00f6nlemenin sonsuz mutlulu\u011funa,Hz. Peygamberin, \u201cBenden sonra onlara uyun.\u201d buyurmas\u0131n\u0131n y\u00fckledi\u011fi a\u011f\u0131r g\u00f6rev bilincine,Kur\u2019\u00e2n\u2019\u0131n getirdi\u011fi, Allah Res\u00fbl\u00fc\u2019n\u00fcn uygulad\u0131\u011f\u0131 de\u011ferlerin ya\u015fam\u0131m\u0131zdaki \u00f6nemine, ermi\u015flerdi.<\/p>\n","protected":false},"excerpt":{"rendered":"<p>\u0130sl\u00e2m Tarihi\u2019ne damgas\u0131n\u0131 vurmu\u015f d\u00f6rt b\u00fcy\u00fck \u015fahsiyet: Ebu Bekir, \u00d6mer, Osman ve Ali. Hz. Peygamberin izinden bir milim bile ayr\u0131lmayan o d\u00f6rt adam\u0131n, daha do\u011frusu d\u00f6rt<span class=\"excerpt-hellip\"> [\u2026]<\/span><\/p>\n","protected":false},"featured_media":0,"template":"","meta":{"_monsterinsights_skip_tracking":false,"_monsterinsights_sitenote_active":false,"_monsterinsights_sitenote_note":"","_monsterinsights_sitenote_category":0},"product_brand":[],"product_cat":[12718,12719,18109],"product_tag":[],"class_list":{"0":"post-726669","1":"product","2":"type-product","3":"status-publish","5":"product_cat-din","6":"product_cat-islam","7":"product_cat-islam-tarihi","8":"pa_cilt-ciltli","9":"pa_tur-kitap","10":"pa_yayinevi-nesil-yayinlari","11":"pa_yazar-mehmet-dikmen","13":"first","14":"instock","15":"sale","16":"shipping-taxable","17":"purchasable","18":"product-type-simple"},"_links":{"self":[{"href":"https:\/\/roveyayinevi.com.tr\/index.php\/wp-json\/wp\/v2\/product\/726669","targetHints":{"allow":["GET"]}}],"collection":[{"href":"https:\/\/roveyayinevi.com.tr\/index.php\/wp-json\/wp\/v2\/product"}],"about":[{"href":"https:\/\/roveyayinevi.com.tr\/index.php\/wp-json\/wp\/v2\/types\/product"}],"wp:attachment":[{"href":"https:\/\/roveyayinevi.com.tr\/index.php\/wp-json\/wp\/v2\/media?parent=726669"}],"wp:term":[{"taxonomy":"product_brand","embeddable":true,"href":"https:\/\/roveyayinevi.com.tr\/index.php\/wp-json\/wp\/v2\/product_brand?post=726669"},{"taxonomy":"product_cat","embeddable":true,"href":"https:\/\/roveyayinevi.com.tr\/index.php\/wp-json\/wp\/v2\/product_cat?post=726669"},{"taxonomy":"product_tag","embeddable":true,"href":"https:\/\/roveyayinevi.com.tr\/index.php\/wp-json\/wp\/v2\/product_tag?post=726669"}],"curies":[{"name":"wp","href":"https:\/\/api.w.org\/{rel}","templated":true}]}}