{"id":726668,"date":"2025-08-27T20:10:16","date_gmt":"2025-08-27T17:10:16","guid":{"rendered":"https:\/\/roveyayinevi.com.tr\/index.php\/urun\/notadan-uygulamaya-barok-muzikte-performans-analizi\/"},"modified":"2026-04-16T02:34:42","modified_gmt":"2026-04-15T23:34:42","slug":"notadan-uygulamaya-barok-muzikte-performans-analizi","status":"publish","type":"product","link":"https:\/\/roveyayinevi.com.tr\/index.php\/urun\/notadan-uygulamaya-barok-muzikte-performans-analizi\/","title":{"rendered":"Notadan Uygulamaya Barok M\u00fczikte Performans Analizi"},"content":{"rendered":"<p>I\u0307yi bir performans sanatc\u0327\u0131s\u0131 ya da bas\u0327ka bir deyis\u0327le iyi bir yorumcu, notasyona yo\u0308nelik kat\u0131 bir sadakatin o\u0308tesinde, mu\u0308zisyenlig\u0306e yaras\u0327\u0131r bir performans\u0131n unsurlar\u0131n\u0131 olus\u0327turan ritmik alterasyon, ifadeli cu\u0308mleleme, dinamikler ve aksan kullan\u0131m\u0131n\u0131n yaratacag\u0306\u0131 ayr\u0131cal\u0131g\u0306a, kac\u0327\u0131n\u0131lmaz olarak gereksinim duyar. Peki b\u00f6yle bir icraya nas\u0131l ula\u015f\u0131l\u0131r? Bu kitapta bestecinin yarat\u0131m\u0131na mu\u0308mku\u0308n oldug\u0306unca yak\u0131n olman\u0131n yan\u0131nda, ortaya c\u0327\u0131kacak m\u00fczi\u011fin b\u00fct\u00fcn\u00fcnde yine de performans\u00e7\u0131n\u0131n kendi yorum becerilerini is\u0327lemesinin beklendig\u0306i genis\u0327 bir alan so\u0308z konusudur. Ba\u015fl\u0131ca konu ba\u015fl\u0131klar\u0131 aras\u0131nda Barok d\u00f6nem m\u00fczi\u011fine genel bak\u0131\u015f, Barok mu\u0308z\u0131\u0307kte cu\u0308mleler, \u0131\u0307fade, tempo, su\u0308slemeler, d\u0131\u0307nam\u0131\u0307kler, artik\u00fclasyon ve performans analizleri yer almaktad\u0131r. <\/p>\n","protected":false},"excerpt":{"rendered":"<p>I\u0307yi bir performans sanatc\u0327\u0131s\u0131 ya da bas\u0327ka bir deyis\u0327le iyi bir yorumcu, notasyona yo\u0308nelik kat\u0131 bir sadakatin o\u0308tesinde, mu\u0308zisyenlig\u0306e yaras\u0327\u0131r bir performans\u0131n unsurlar\u0131n\u0131 olus\u0327turan ritmik alterasyon,<span class=\"excerpt-hellip\"> [\u2026]<\/span><\/p>\n","protected":false},"featured_media":0,"template":"","meta":{"_monsterinsights_skip_tracking":false,"_monsterinsights_sitenote_active":false,"_monsterinsights_sitenote_note":"","_monsterinsights_sitenote_category":0},"product_brand":[],"product_cat":[14556,20810],"product_tag":[],"class_list":{"0":"post-726668","1":"product","2":"type-product","3":"status-publish","5":"product_cat-muzik","6":"product_cat-ogrenim-kitaplari","7":"pa_cilt-ciltsiz","8":"pa_tur-kitap","9":"pa_yayinevi-muzik-egitimi-yayinlari","10":"pa_yazar-selin-oyan","12":"first","13":"instock","14":"sale","15":"shipping-taxable","16":"purchasable","17":"product-type-simple"},"_links":{"self":[{"href":"https:\/\/roveyayinevi.com.tr\/index.php\/wp-json\/wp\/v2\/product\/726668","targetHints":{"allow":["GET"]}}],"collection":[{"href":"https:\/\/roveyayinevi.com.tr\/index.php\/wp-json\/wp\/v2\/product"}],"about":[{"href":"https:\/\/roveyayinevi.com.tr\/index.php\/wp-json\/wp\/v2\/types\/product"}],"wp:attachment":[{"href":"https:\/\/roveyayinevi.com.tr\/index.php\/wp-json\/wp\/v2\/media?parent=726668"}],"wp:term":[{"taxonomy":"product_brand","embeddable":true,"href":"https:\/\/roveyayinevi.com.tr\/index.php\/wp-json\/wp\/v2\/product_brand?post=726668"},{"taxonomy":"product_cat","embeddable":true,"href":"https:\/\/roveyayinevi.com.tr\/index.php\/wp-json\/wp\/v2\/product_cat?post=726668"},{"taxonomy":"product_tag","embeddable":true,"href":"https:\/\/roveyayinevi.com.tr\/index.php\/wp-json\/wp\/v2\/product_tag?post=726668"}],"curies":[{"name":"wp","href":"https:\/\/api.w.org\/{rel}","templated":true}]}}