{"id":726665,"date":"2025-08-27T20:10:13","date_gmt":"2025-08-27T17:10:13","guid":{"rendered":"https:\/\/roveyayinevi.com.tr\/index.php\/urun\/bir-vatan-kaybettiler\/"},"modified":"2026-04-16T02:34:42","modified_gmt":"2026-04-15T23:34:42","slug":"bir-vatan-kaybettiler","status":"publish","type":"product","link":"https:\/\/roveyayinevi.com.tr\/index.php\/urun\/bir-vatan-kaybettiler\/","title":{"rendered":"Bir Vatan Kaybettiler"},"content":{"rendered":"<p>Be\u015f ana b\u00f6l\u00fcmden olu\u015fan Bir Vatan Kaybettiler, Rumeli\u2019nin kayb\u0131 ve T\u00fcrk milletinin bu kay\u0131ptan nas\u0131l derin bir \u015fekilde etkilendi\u011fini g\u00f6steren romanlara odaklanmakla birlikte, Osmanl\u0131 Devleti\u2019nin kurulu\u015f ve y\u00fckseli\u015f devirlerini ele alan fetih ve Rumeli\u2019ye ge\u00e7i\u015f anlat\u0131lar\u0131n\u0131 da i\u00e7ermektedir. Bu erken d\u00f6nemin hadiselerini i\u015fleyen metinlerden on dokuzuncu y\u00fczy\u0131l\u0131n yani \u00e7\u00f6k\u00fc\u015f ve \u00e7\u00f6z\u00fcl\u00fc\u015f d\u00f6nemlerinin, M\u00fctareke ve Mill\u00ee M\u00fccadele d\u00f6neminde Balkanlarla ilgili meselelerin i\u015flendi\u011fi romanlara, Lozan sonras\u0131n\u0131n m\u00fcbadele meselelerine ve Cumhuriyet\u2019in erken d\u00f6nemlerinin hik\u00e2yelerine uzanan yedi as\u0131rl\u0131k bir tarih\u00ee s\u00fcrecin edeb\u00ee birikimi, bu \u00e7al\u0131\u015fmada kronolojik olarak de\u011ferlendirilmi\u015ftir. Ayr\u0131ca Rumeli\u2019yle benzer bir kaderi payla\u015fan ve onun bir uzant\u0131s\u0131 kabul edilen adalarla ilgili romanlar da \u00e7al\u0131\u015fmaya d\u00e2hil edilmi\u015f, toplam 136 roman, Balkanlar ve Rumeli meseleleri \u00f6zelinde tan\u0131t\u0131l\u0131p s\u0131n\u0131fland\u0131r\u0131lm\u0131\u015f, g\u00f6\u00e7, soyk\u0131r\u0131m, devletin ve kurumlar\u0131n \u00e7\u00f6k\u00fc\u015f\u00fc, y\u00f6neticilerin ve toplumun bozulmas\u0131 gibi belli ba\u015fl\u0131klar alt\u0131nda tematik bir incelemeye tabi tutularak de\u011ferlendirilmi\u015ftir.<\/p>\n","protected":false},"excerpt":{"rendered":"<p>Be\u015f ana b\u00f6l\u00fcmden olu\u015fan Bir Vatan Kaybettiler, Rumeli\u2019nin kayb\u0131 ve T\u00fcrk milletinin bu kay\u0131ptan nas\u0131l derin bir \u015fekilde etkilendi\u011fini g\u00f6steren romanlara odaklanmakla birlikte, Osmanl\u0131 Devleti\u2019nin kurulu\u015f<span class=\"excerpt-hellip\"> [\u2026]<\/span><\/p>\n","protected":false},"featured_media":0,"template":"","meta":{"_monsterinsights_skip_tracking":false,"_monsterinsights_sitenote_active":false,"_monsterinsights_sitenote_note":"","_monsterinsights_sitenote_category":0},"product_brand":[],"product_cat":[13072,12291],"product_tag":[],"class_list":{"0":"post-726665","1":"product","2":"type-product","3":"status-publish","5":"product_cat-arastirma-inceleme-referans","6":"product_cat-edebiyat","7":"pa_cilt-ciltsiz","8":"pa_tur-kitap","9":"pa_yayinevi-otuken-nesriyat","10":"pa_yazar-bilge-ercilasun","12":"first","13":"instock","14":"sale","15":"shipping-taxable","16":"purchasable","17":"product-type-simple"},"_links":{"self":[{"href":"https:\/\/roveyayinevi.com.tr\/index.php\/wp-json\/wp\/v2\/product\/726665","targetHints":{"allow":["GET"]}}],"collection":[{"href":"https:\/\/roveyayinevi.com.tr\/index.php\/wp-json\/wp\/v2\/product"}],"about":[{"href":"https:\/\/roveyayinevi.com.tr\/index.php\/wp-json\/wp\/v2\/types\/product"}],"wp:attachment":[{"href":"https:\/\/roveyayinevi.com.tr\/index.php\/wp-json\/wp\/v2\/media?parent=726665"}],"wp:term":[{"taxonomy":"product_brand","embeddable":true,"href":"https:\/\/roveyayinevi.com.tr\/index.php\/wp-json\/wp\/v2\/product_brand?post=726665"},{"taxonomy":"product_cat","embeddable":true,"href":"https:\/\/roveyayinevi.com.tr\/index.php\/wp-json\/wp\/v2\/product_cat?post=726665"},{"taxonomy":"product_tag","embeddable":true,"href":"https:\/\/roveyayinevi.com.tr\/index.php\/wp-json\/wp\/v2\/product_tag?post=726665"}],"curies":[{"name":"wp","href":"https:\/\/api.w.org\/{rel}","templated":true}]}}