{"id":726664,"date":"2025-08-27T20:10:12","date_gmt":"2025-08-27T17:10:12","guid":{"rendered":"https:\/\/roveyayinevi.com.tr\/index.php\/urun\/sevmek-yetmez-cocuk-yetistirmedeki-eksik-parca\/"},"modified":"2026-04-16T02:34:42","modified_gmt":"2026-04-15T23:34:42","slug":"sevmek-yetmez-cocuk-yetistirmedeki-eksik-parca","status":"publish","type":"product","link":"https:\/\/roveyayinevi.com.tr\/index.php\/urun\/sevmek-yetmez-cocuk-yetistirmedeki-eksik-parca\/","title":{"rendered":"Sevmek Yetmez &#8211; \u00c7ocuk Yeti\u015ftirmedeki Eksik Par\u00e7a"},"content":{"rendered":"<p>\u00c7ocuklar\u0131m\u0131z\u0131 \u00e7ok seviyoruz, bunda \u015f\u00fcphe yok. Fakat sorumluluklar\u0131n\u0131n bilincinde ve kendi kendine yetebilen bireyler yeti\u015ftirebiliyor muyuz? \u00c7ocuklar\u0131m\u0131z sorumluluklar\u0131n\u0131 yerine getirmediklerinde, m\u0131zm\u0131zland\u0131klar\u0131nda, birbirleriyle kavga ettiklerinde, yemeklerini yemediklerinde ya da bizi dinlemediklerinde onlara b\u00fcy\u00fck tolerans g\u00f6steriyoruz. Bazen de buna g\u00fcc\u00fcm\u00fcz yetmedi\u011finde, patl\u0131yoruz. K\u0131z\u0131yor, ba\u011f\u0131r\u0131yor, tehditler savuruyoruz. Sonra da bunlar\u0131 yapt\u0131\u011f\u0131m\u0131z i\u00e7in kendimizden nefret ediyoruz. T\u00fcm bu sorunlar do\u011fru dili kullanmamam\u0131zdan kaynaklan\u0131yor. \u00c7ocuklar do\u011fru dili kullanmad\u0131\u011f\u0131m\u0131zda bizi dinlemiyor. B\u00f6yle oldu\u011funda da i\u015fler sarpa sar\u0131yor. Mesela odas\u0131n\u0131 onun yerine biz toplamak zorunda kal\u0131yoruz. Ama bu hem yorucu hem de s\u00fcrd\u00fcr\u00fclebilir de\u011fil. Ayr\u0131ca sonradan kendimizden nefret etmemize sebep olacak \u00f6fke patlamalar\u0131na da sebep oluyor. Do\u011fru ileti\u015fim oldu\u011funda ise t\u00fcm sorunlar kendili\u011finden \u00e7\u00f6z\u00fcl\u00fcyor. \u00c7ocuklar ebeveynlerini dinlemeye ve sorumluluklar\u0131n\u0131 yerine getirmeye ba\u015fl\u0131yor. Anne ve babalar da as\u0131l yapmalar\u0131 gerekenlere odaklanabiliyor. \u00d6fke patlamalar\u0131 ve sonras\u0131nda gelen pi\u015fmanl\u0131klar ortadan kayboluyor. Sevmek Yetmez kitab\u0131 \u00e7ocuklarla do\u011fru ileti\u015fimi nas\u0131l kuraca\u011f\u0131m\u0131z\u0131 anlat\u0131yor. Anlat\u0131lan y\u00f6ntemler onlarca y\u0131ld\u0131r ba\u015far\u0131yla uygulan\u0131yor. Kitap, ger\u00e7ekten ya\u015fanm\u0131\u015f say\u0131s\u0131z \u00f6rnek diyalog ve olay\u0131 da bar\u0131nd\u0131r\u0131yor. B\u00f6ylelikle anne ve babalar en s\u0131k kar\u015f\u0131la\u015ft\u0131klar\u0131 durumlara verdikleri yanl\u0131\u015f tepkileri g\u00f6rebiliyor ve do\u011fru olanlar\u0131 \u00f6\u011frenebiliyor. S\u00fcrekli \u00e7ocuklar\u0131m\u0131z\u0131n yan\u0131nda olamayaca\u011f\u0131z, kar\u015f\u0131la\u015ft\u0131klar\u0131 engelleri onlar\u0131n yerine ortadan kald\u0131ramayaca\u011f\u0131z. Kendi ayaklar\u0131 \u00fczerinde durabilen bireyler yeti\u015ftirmemiz gerekiyor. \u00c7ocuklar\u0131m\u0131z\u0131 sevmemiz bunun i\u00e7in yeterli de\u011fil. Onlarla do\u011fru ve etkili ileti\u015fim kurmay\u0131 da bir an evvel \u00f6\u011frenmeliyiz. Hem \u00e7ocuklar\u0131m\u0131z hem kendimiz i\u00e7in.<\/p>\n","protected":false},"excerpt":{"rendered":"<p>\u00c7ocuklar\u0131m\u0131z\u0131 \u00e7ok seviyoruz, bunda \u015f\u00fcphe yok. Fakat sorumluluklar\u0131n\u0131n bilincinde ve kendi kendine yetebilen bireyler yeti\u015ftirebiliyor muyuz? \u00c7ocuklar\u0131m\u0131z sorumluluklar\u0131n\u0131 yerine getirmediklerinde, m\u0131zm\u0131zland\u0131klar\u0131nda, birbirleriyle kavga ettiklerinde, yemeklerini yemediklerinde<span class=\"excerpt-hellip\"> [\u2026]<\/span><\/p>\n","protected":false},"featured_media":0,"template":"","meta":{"_monsterinsights_skip_tracking":false,"_monsterinsights_sitenote_active":false,"_monsterinsights_sitenote_note":"","_monsterinsights_sitenote_category":0},"product_brand":[],"product_cat":[17996,12364],"product_tag":[],"class_list":{"0":"post-726664","1":"product","2":"type-product","3":"status-publish","5":"product_cat-ebeveyn-kitaplari","6":"product_cat-genel-konular","7":"pa_cilt-ciltsiz","8":"pa_tur-kitap","9":"pa_yayinevi-buzdagi-yayinlari","10":"pa_yazar-nancy-samalin-martha-moraghan-jablow","12":"first","13":"instock","14":"sale","15":"shipping-taxable","16":"purchasable","17":"product-type-simple"},"_links":{"self":[{"href":"https:\/\/roveyayinevi.com.tr\/index.php\/wp-json\/wp\/v2\/product\/726664","targetHints":{"allow":["GET"]}}],"collection":[{"href":"https:\/\/roveyayinevi.com.tr\/index.php\/wp-json\/wp\/v2\/product"}],"about":[{"href":"https:\/\/roveyayinevi.com.tr\/index.php\/wp-json\/wp\/v2\/types\/product"}],"wp:attachment":[{"href":"https:\/\/roveyayinevi.com.tr\/index.php\/wp-json\/wp\/v2\/media?parent=726664"}],"wp:term":[{"taxonomy":"product_brand","embeddable":true,"href":"https:\/\/roveyayinevi.com.tr\/index.php\/wp-json\/wp\/v2\/product_brand?post=726664"},{"taxonomy":"product_cat","embeddable":true,"href":"https:\/\/roveyayinevi.com.tr\/index.php\/wp-json\/wp\/v2\/product_cat?post=726664"},{"taxonomy":"product_tag","embeddable":true,"href":"https:\/\/roveyayinevi.com.tr\/index.php\/wp-json\/wp\/v2\/product_tag?post=726664"}],"curies":[{"name":"wp","href":"https:\/\/api.w.org\/{rel}","templated":true}]}}