{"id":726663,"date":"2025-08-27T20:10:12","date_gmt":"2025-08-27T17:10:12","guid":{"rendered":"https:\/\/roveyayinevi.com.tr\/index.php\/urun\/yuzlerce-cicek-birden-acti\/"},"modified":"2026-04-16T02:34:42","modified_gmt":"2026-04-15T23:34:42","slug":"yuzlerce-cicek-birden-acti","status":"publish","type":"product","link":"https:\/\/roveyayinevi.com.tr\/index.php\/urun\/yuzlerce-cicek-birden-acti\/","title":{"rendered":"Y\u00fczlerce \u00c7i\u00e7ek Birden A\u00e7t\u0131"},"content":{"rendered":"<p>Tar\u0131k Bu\u011fra\u2019n\u0131n ikinci oyunu Y\u00fczlerce \u00c7i\u00e7ek Birden A\u00e7t\u0131 idealizm temal\u0131d\u0131r. \u0130lk olarak \u00d6t\u00fcken Ne\u015friyat taraf\u0131ndan 1979 y\u0131l\u0131nda kitapla\u015ft\u0131r\u0131lm\u0131\u015f ve 1989-1990 y\u0131llar\u0131 aras\u0131nda Devlet Tiyatrolar\u0131nca sahnelenmi\u015ftir. Y\u00fczlerce \u00c7i\u00e7ek Birden A\u00e7t\u0131, bask\u0131 rejimlerinin insan\u0131n mutlu olma hakk\u0131n\u0131 nas\u0131l elinden ald\u0131\u011f\u0131n\u0131, onu nas\u0131l buhrana s\u00fcr\u00fckledi\u011fini ve Loh ile Lili\u2019nin dramlar\u0131n\u0131 okuyucuya duygu y\u00fckl\u00fc \u015fekilde aktar\u0131r. Tar\u0131k Bu\u011fra\u2019n\u0131n \u0130bi\u015f\u2019in R\u00fcyas\u0131 ile birlikte \u201cen sevdi\u011fim eserlerimdendir\u201d dedi\u011fi piyes, Devlet Tiyatrolar\u0131\u2019nda 1989-1990\u2019da sahnelenmi\u015ftir.<\/p>\n","protected":false},"excerpt":{"rendered":"<p>Tar\u0131k Bu\u011fra\u2019n\u0131n ikinci oyunu Y\u00fczlerce \u00c7i\u00e7ek Birden A\u00e7t\u0131 idealizm temal\u0131d\u0131r. \u0130lk olarak \u00d6t\u00fcken Ne\u015friyat taraf\u0131ndan 1979 y\u0131l\u0131nda kitapla\u015ft\u0131r\u0131lm\u0131\u015f ve 1989-1990 y\u0131llar\u0131 aras\u0131nda Devlet Tiyatrolar\u0131nca sahnelenmi\u015ftir. Y\u00fczlerce<span class=\"excerpt-hellip\"> [\u2026]<\/span><\/p>\n","protected":false},"featured_media":0,"template":"","meta":{"_monsterinsights_skip_tracking":false,"_monsterinsights_sitenote_active":false,"_monsterinsights_sitenote_note":"","_monsterinsights_sitenote_category":0},"product_brand":[],"product_cat":[12409,12408],"product_tag":[],"class_list":{"0":"post-726663","1":"product","2":"type-product","3":"status-publish","5":"product_cat-fotograf-sinema-tiyatro","6":"product_cat-sanat","7":"pa_cilt-ciltsiz","8":"pa_tur-kitap","9":"pa_yayinevi-otuken-nesriyat","10":"pa_yazar-tarik-bugra","12":"first","13":"instock","14":"sale","15":"shipping-taxable","16":"purchasable","17":"product-type-simple"},"_links":{"self":[{"href":"https:\/\/roveyayinevi.com.tr\/index.php\/wp-json\/wp\/v2\/product\/726663","targetHints":{"allow":["GET"]}}],"collection":[{"href":"https:\/\/roveyayinevi.com.tr\/index.php\/wp-json\/wp\/v2\/product"}],"about":[{"href":"https:\/\/roveyayinevi.com.tr\/index.php\/wp-json\/wp\/v2\/types\/product"}],"wp:attachment":[{"href":"https:\/\/roveyayinevi.com.tr\/index.php\/wp-json\/wp\/v2\/media?parent=726663"}],"wp:term":[{"taxonomy":"product_brand","embeddable":true,"href":"https:\/\/roveyayinevi.com.tr\/index.php\/wp-json\/wp\/v2\/product_brand?post=726663"},{"taxonomy":"product_cat","embeddable":true,"href":"https:\/\/roveyayinevi.com.tr\/index.php\/wp-json\/wp\/v2\/product_cat?post=726663"},{"taxonomy":"product_tag","embeddable":true,"href":"https:\/\/roveyayinevi.com.tr\/index.php\/wp-json\/wp\/v2\/product_tag?post=726663"}],"curies":[{"name":"wp","href":"https:\/\/api.w.org\/{rel}","templated":true}]}}