{"id":726662,"date":"2025-08-27T20:10:11","date_gmt":"2025-08-27T17:10:11","guid":{"rendered":"https:\/\/roveyayinevi.com.tr\/index.php\/urun\/bazikmis-iyit\/"},"modified":"2026-04-11T13:53:14","modified_gmt":"2026-04-11T10:53:14","slug":"bazikmis-iyit","status":"publish","type":"product","link":"https:\/\/roveyayinevi.com.tr\/index.php\/urun\/bazikmis-iyit\/","title":{"rendered":"Baz\u0131km\u0131\u015f \u0130yit"},"content":{"rendered":"<p>T\u00fcrl\u00fc donda \u00e7aputlar ba\u011fland\u0131m d\u00fc\u011f\u00fcmler att\u0131m karanl\u0131\u011f\u0131na uzak da\u011flar\u0131n \u00fcrperdi ta\u015ftan lekeler buzland\u0131 g\u00f6zg\u00fcm\u00fcn odunda tinler! \u00e7a\u011f\u0131r\u0131r beni \u015fol kayalarda bedizler baray\u0131n tiser baru yime umaz men ah kurgandad\u0131r benim amrak\u0131m kireyin tiser kir\u00fc yime umaz men bu y\u00fczden ba\u00e7 amrak\u0131m g\u00f6k yeleli kurdun ard\u0131ndan her g\u00fcn a\u011flar\u0131m<\/p>\n","protected":false},"excerpt":{"rendered":"<p>T\u00fcrl\u00fc donda \u00e7aputlar ba\u011fland\u0131m d\u00fc\u011f\u00fcmler att\u0131m karanl\u0131\u011f\u0131na uzak da\u011flar\u0131n \u00fcrperdi ta\u015ftan lekeler buzland\u0131 g\u00f6zg\u00fcm\u00fcn odunda tinler! \u00e7a\u011f\u0131r\u0131r beni \u015fol kayalarda bedizler baray\u0131n tiser baru yime umaz<span class=\"excerpt-hellip\"> [\u2026]<\/span><\/p>\n","protected":false},"featured_media":0,"template":"","meta":{"_monsterinsights_skip_tracking":false,"_monsterinsights_sitenote_active":false,"_monsterinsights_sitenote_note":"","_monsterinsights_sitenote_category":0},"product_brand":[],"product_cat":[12291,12509],"product_tag":[],"class_list":{"0":"post-726662","1":"product","2":"type-product","3":"status-publish","5":"product_cat-edebiyat","6":"product_cat-siir","7":"pa_cilt-ciltsiz","8":"pa_tur-kitap","9":"pa_yayinevi-otuken-nesriyat","10":"pa_yazar-can-h-turker","12":"first","13":"instock","14":"sale","15":"shipping-taxable","16":"purchasable","17":"product-type-simple"},"_links":{"self":[{"href":"https:\/\/roveyayinevi.com.tr\/index.php\/wp-json\/wp\/v2\/product\/726662","targetHints":{"allow":["GET"]}}],"collection":[{"href":"https:\/\/roveyayinevi.com.tr\/index.php\/wp-json\/wp\/v2\/product"}],"about":[{"href":"https:\/\/roveyayinevi.com.tr\/index.php\/wp-json\/wp\/v2\/types\/product"}],"wp:attachment":[{"href":"https:\/\/roveyayinevi.com.tr\/index.php\/wp-json\/wp\/v2\/media?parent=726662"}],"wp:term":[{"taxonomy":"product_brand","embeddable":true,"href":"https:\/\/roveyayinevi.com.tr\/index.php\/wp-json\/wp\/v2\/product_brand?post=726662"},{"taxonomy":"product_cat","embeddable":true,"href":"https:\/\/roveyayinevi.com.tr\/index.php\/wp-json\/wp\/v2\/product_cat?post=726662"},{"taxonomy":"product_tag","embeddable":true,"href":"https:\/\/roveyayinevi.com.tr\/index.php\/wp-json\/wp\/v2\/product_tag?post=726662"}],"curies":[{"name":"wp","href":"https:\/\/api.w.org\/{rel}","templated":true}]}}