{"id":726661,"date":"2025-08-27T20:10:10","date_gmt":"2025-08-27T17:10:10","guid":{"rendered":"https:\/\/roveyayinevi.com.tr\/index.php\/urun\/ibisin-ruyasi-piyes\/"},"modified":"2026-04-16T02:34:42","modified_gmt":"2026-04-15T23:34:42","slug":"ibisin-ruyasi-piyes","status":"publish","type":"product","link":"https:\/\/roveyayinevi.com.tr\/index.php\/urun\/ibisin-ruyasi-piyes\/","title":{"rendered":"\u0130bi\u015f\u2019in R\u00fcyas\u0131 (Piyes)"},"content":{"rendered":"<p>Nuran Tiyatrosu ve Nahit\u2026 H\u00fcz\u00fcn, ne\u015fe, gayret\u2026 Bir yanda r\u00fcyalar, bir yanda sanat\u2026 Tar\u0131k Bu\u011fra\u2019n\u0131n d\u00f6rd\u00fcnc\u00fc oyunu olan \u0130bi\u015f\u2019in R\u00fcyas\u0131, geleneksel T\u00fcrk tiyatrosunun m\u00fchim isimlerinden Na\u015fit\u2019in hayat\u0131ndan esinlenerek yazd\u0131\u011f\u0131 \u0130bi\u015f\u2019in R\u00fcyas\u0131\u2019nda son derece duygulu bir a\u015fk hik\u00e2yesi anlat\u0131lmaktad\u0131r. Eser, 11 Ekim 1972&#8217;de Devlet Tiyatrolar\u0131, Ankara K\u00fc\u00e7\u00fck Tiyatro&#8217;da sahnelenmi\u015ftir. Tar\u0131k Bu\u011fra\u2019n\u0131n en sevdi\u011fi eserleri aras\u0131nda sayd\u0131\u011f\u0131 \u0130bi\u015f\u2019in R\u00fcyas\u0131, yazar taraf\u0131ndan ayn\u0131 isimle hem roman hem piyes olarak kaleme al\u0131nm\u0131\u015ft\u0131r.<\/p>\n","protected":false},"excerpt":{"rendered":"<p>Nuran Tiyatrosu ve Nahit\u2026 H\u00fcz\u00fcn, ne\u015fe, gayret\u2026 Bir yanda r\u00fcyalar, bir yanda sanat\u2026 Tar\u0131k Bu\u011fra\u2019n\u0131n d\u00f6rd\u00fcnc\u00fc oyunu olan \u0130bi\u015f\u2019in R\u00fcyas\u0131, geleneksel T\u00fcrk tiyatrosunun m\u00fchim isimlerinden Na\u015fit\u2019in<span class=\"excerpt-hellip\"> [\u2026]<\/span><\/p>\n","protected":false},"featured_media":0,"template":"","meta":{"_monsterinsights_skip_tracking":false,"_monsterinsights_sitenote_active":false,"_monsterinsights_sitenote_note":"","_monsterinsights_sitenote_category":0},"product_brand":[],"product_cat":[12409,12408],"product_tag":[],"class_list":{"0":"post-726661","1":"product","2":"type-product","3":"status-publish","5":"product_cat-fotograf-sinema-tiyatro","6":"product_cat-sanat","7":"pa_cilt-ciltsiz","8":"pa_tur-kitap","9":"pa_yayinevi-otuken-nesriyat","10":"pa_yazar-tarik-bugra","12":"first","13":"instock","14":"sale","15":"shipping-taxable","16":"purchasable","17":"product-type-simple"},"_links":{"self":[{"href":"https:\/\/roveyayinevi.com.tr\/index.php\/wp-json\/wp\/v2\/product\/726661","targetHints":{"allow":["GET"]}}],"collection":[{"href":"https:\/\/roveyayinevi.com.tr\/index.php\/wp-json\/wp\/v2\/product"}],"about":[{"href":"https:\/\/roveyayinevi.com.tr\/index.php\/wp-json\/wp\/v2\/types\/product"}],"wp:attachment":[{"href":"https:\/\/roveyayinevi.com.tr\/index.php\/wp-json\/wp\/v2\/media?parent=726661"}],"wp:term":[{"taxonomy":"product_brand","embeddable":true,"href":"https:\/\/roveyayinevi.com.tr\/index.php\/wp-json\/wp\/v2\/product_brand?post=726661"},{"taxonomy":"product_cat","embeddable":true,"href":"https:\/\/roveyayinevi.com.tr\/index.php\/wp-json\/wp\/v2\/product_cat?post=726661"},{"taxonomy":"product_tag","embeddable":true,"href":"https:\/\/roveyayinevi.com.tr\/index.php\/wp-json\/wp\/v2\/product_tag?post=726661"}],"curies":[{"name":"wp","href":"https:\/\/api.w.org\/{rel}","templated":true}]}}