{"id":726660,"date":"2025-08-27T20:10:09","date_gmt":"2025-08-27T17:10:09","guid":{"rendered":"https:\/\/roveyayinevi.com.tr\/index.php\/urun\/akumulatorlu-radyo\/"},"modified":"2026-04-16T02:34:42","modified_gmt":"2026-04-15T23:34:42","slug":"akumulatorlu-radyo","status":"publish","type":"product","link":"https:\/\/roveyayinevi.com.tr\/index.php\/urun\/akumulatorlu-radyo\/","title":{"rendered":"Ak\u00fcm\u00fclat\u00f6rl\u00fc Radyo"},"content":{"rendered":"<p>T\u00fcrk edebiyat\u0131n\u0131n m\u00fchim isimlerinden Tar\u0131k Bu\u011fra, Yaln\u0131zlar adl\u0131 roman\u0131n\u0131n do\u011fu\u015funu bu eseriyle ili\u015fkilendirir ve \u015f\u00f6yle der: \u201cAk\u00fcm\u00fclat\u00f6rl\u00fc Radyo benim ilk eserimdir. Ona bir amat\u00f6r\u00fcn ilk eserine verebilece\u011fi taptaze dikkatleri, g\u00f6zlemleri, i\u00e7tenli\u011fi ve duygu, d\u00fc\u015f\u00fcnce birikimlerimi koymaya \u00e7al\u0131\u015fm\u0131\u015ft\u0131m. \u015eehir Tiyatrosu&#8217;ndan geri \u00e7ekilince insanlar\u0131n\u0131 romana d\u00f6kt\u00fcm. Ortaya Yaln\u0131zlar \u00e7\u0131kt\u0131\u201d. \u00d6nce D\u00f6rt Yumruk, daha sonra ise Ak\u00fcm\u00fclat\u00f6rl\u00fc Radyo ad\u0131yla yay\u0131mlanan eser 1980 y\u0131l\u0131nda Devlet Tiyatrolar\u0131\u2019n\u0131n Oda Tiyatrosu\u2019nda sahnelenmi\u015ftir. 1991 y\u0131l\u0131nda Devlet Sanat\u00e7\u0131s\u0131 unvan\u0131na lay\u0131k g\u00f6r\u00fclen Bu\u011fra, yar\u0131m kalan bir mutlulu\u011fun hik\u00e2yesi olan bu eseriyle de 1981 y\u0131l\u0131nda Yazarlar Birli\u011fi taraf\u0131ndan Tiyatro \u00d6d\u00fcl\u00fc\u2019ne lay\u0131k g\u00f6r\u00fclm\u00fc\u015ft\u00fcr. <\/p>\n","protected":false},"excerpt":{"rendered":"<p>T\u00fcrk edebiyat\u0131n\u0131n m\u00fchim isimlerinden Tar\u0131k Bu\u011fra, Yaln\u0131zlar adl\u0131 roman\u0131n\u0131n do\u011fu\u015funu bu eseriyle ili\u015fkilendirir ve \u015f\u00f6yle der: \u201cAk\u00fcm\u00fclat\u00f6rl\u00fc Radyo benim ilk eserimdir. Ona bir amat\u00f6r\u00fcn ilk eserine<span class=\"excerpt-hellip\"> [\u2026]<\/span><\/p>\n","protected":false},"featured_media":0,"template":"","meta":{"_monsterinsights_skip_tracking":false,"_monsterinsights_sitenote_active":false,"_monsterinsights_sitenote_note":"","_monsterinsights_sitenote_category":0},"product_brand":[],"product_cat":[12409,12408],"product_tag":[],"class_list":{"0":"post-726660","1":"product","2":"type-product","3":"status-publish","5":"product_cat-fotograf-sinema-tiyatro","6":"product_cat-sanat","7":"pa_cilt-ciltsiz","8":"pa_tur-kitap","9":"pa_yayinevi-otuken-nesriyat","10":"pa_yazar-tarik-bugra","12":"first","13":"instock","14":"sale","15":"shipping-taxable","16":"purchasable","17":"product-type-simple"},"_links":{"self":[{"href":"https:\/\/roveyayinevi.com.tr\/index.php\/wp-json\/wp\/v2\/product\/726660","targetHints":{"allow":["GET"]}}],"collection":[{"href":"https:\/\/roveyayinevi.com.tr\/index.php\/wp-json\/wp\/v2\/product"}],"about":[{"href":"https:\/\/roveyayinevi.com.tr\/index.php\/wp-json\/wp\/v2\/types\/product"}],"wp:attachment":[{"href":"https:\/\/roveyayinevi.com.tr\/index.php\/wp-json\/wp\/v2\/media?parent=726660"}],"wp:term":[{"taxonomy":"product_brand","embeddable":true,"href":"https:\/\/roveyayinevi.com.tr\/index.php\/wp-json\/wp\/v2\/product_brand?post=726660"},{"taxonomy":"product_cat","embeddable":true,"href":"https:\/\/roveyayinevi.com.tr\/index.php\/wp-json\/wp\/v2\/product_cat?post=726660"},{"taxonomy":"product_tag","embeddable":true,"href":"https:\/\/roveyayinevi.com.tr\/index.php\/wp-json\/wp\/v2\/product_tag?post=726660"}],"curies":[{"name":"wp","href":"https:\/\/api.w.org\/{rel}","templated":true}]}}