{"id":726659,"date":"2025-08-27T20:10:09","date_gmt":"2025-08-27T17:10:09","guid":{"rendered":"https:\/\/roveyayinevi.com.tr\/index.php\/urun\/kucuk-mavi-sandalye-ciltli\/"},"modified":"2026-04-12T02:41:04","modified_gmt":"2026-04-11T23:41:04","slug":"kucuk-mavi-sandalye-ciltli","status":"publish","type":"product","link":"https:\/\/roveyayinevi.com.tr\/index.php\/urun\/kucuk-mavi-sandalye-ciltli\/","title":{"rendered":"K\u00fc\u00e7\u00fck Mavi Sandalye (Ciltli )"},"content":{"rendered":"<p>Cary Fagan&#8217;\u0131n yaz\u0131p Madeline Kloepper&#8217;\u0131n resimledi\u011fi K\u00fc\u00e7\u00fck Mavi Sandalye, sembolik de\u011feri bulunan kimi nesnelerin, zamanda ve mek\u00e2nda yolculu\u011fa \u00e7\u0131k\u0131p farkl\u0131 ellere ge\u00e7ti\u011finde, nas\u0131l bamba\u015fka ihtiya\u00e7lara seslenen yeni &#8221;de\u011fer&#8221;ler kazanabilece\u011fini g\u00f6zler \u00f6n\u00fcne seriyor.Ya\u015fam d\u00f6ng\u00fcs\u00fcnden hareket ederek bir nesnenin &#8221;kullan\u0131m \u00f6mr\u00fc&#8221; \u00fczerine d\u00fc\u015f\u00fcnd\u00fcren bu sevimli kitap, minikleri \u00e7evre bilinciyle ili\u015fkili iki g\u00fcncel kavramla tan\u0131\u015ft\u0131r\u0131yor: &#8221;tekrar kullan\u0131m&#8221; ve &#8221;yeniden de\u011ferlendirme&#8221;.\u0130\u015flevi tan\u0131ml\u0131 bir nesnenin, hayal g\u00fcc\u00fcn\u00fcn yard\u0131m\u0131yla ne gibi yeni i\u015flevler edinebilece\u011fini anlatan \u00f6yk\u00fc; \u00e7ok boyutlu d\u00fc\u015f\u00fcnmenin ve farkl\u0131 deneyimlere a\u00e7\u0131k olman\u0131n d\u00f6n\u00fc\u015ft\u00fcr\u00fcc\u00fc g\u00fcc\u00fcne i\u015faret ediyor.     Bir sandalye ne i\u015fe yarar? Yorulunca oturmaya, \u00fczerinde saks\u0131 \u00e7i\u00e7e\u011fi yeti\u015ftirmeye, ku\u015flar\u0131n yemlenece\u011fi bir sofraya d\u00f6n\u00fc\u015fmeye? Bo, \u00e7ok sevdi\u011fi k\u00fc\u00e7\u00fck mavi sandalyesini bir an olsun bo\u015f b\u0131rakm\u0131yor. Yemek yerken, kitap okurken, \u00e7ad\u0131r kurarken, hatta uyurken bile sandalyesini hep yan\u0131 ba\u015f\u0131nda tutuyor. Ama g\u00fcn geliyor Bo b\u00fcy\u00fcyor, art\u0131k sandalyesinden ayr\u0131lma vakti geliyor. K\u00fc\u00e7\u00fck mavi sandalyenin elden ele dola\u015ft\u0131\u011f\u0131 &#8221;acayip&#8221; maceral\u0131 yolculu\u011fu da b\u00f6ylece ba\u015fl\u0131yor. K\u00e2h kocaman bir filin s\u0131rt\u0131nda k\u00e2h bir d\u00f6nme dolab\u0131n tepesinde d\u00fcnyay\u0131 dola\u015f\u0131p duruyor. Her durakta bamba\u015fka ya\u015famlara dokunup, unutulmaz izler b\u0131rak\u0131yor. Ta ki reng\u00e2renk bir u\u00e7an balon demetinin ucunda yeniden okyanuslara a\u00e7\u0131lana dek. Varaca\u011f\u0131 noktada acaba onu kim bekliyor dersiniz?..  Cary Fagan, g\u00fcn\u00fcm\u00fcz ko\u015fullar\u0131nda, sahibinin ihtiyac\u0131n\u0131 art\u0131k kar\u015f\u0131layamad\u0131\u011f\u0131 i\u00e7in b\u00fcy\u00fck olas\u0131l\u0131kla kaderine terk edilecek k\u00fc\u00e7\u00fck bir sandalyeyi al\u0131p elden ele dola\u015fan &#8221;k\u0131ymetli&#8221; bir hazineye d\u00f6n\u00fc\u015ft\u00fcr\u00fcyor, K\u00fc\u00e7\u00fck Mavi Sandalye&#8217;yle, esin verici bir payla\u015fma \u00f6yk\u00fcs\u00fc anlat\u0131yor. Unutmay\u0131n, k\u00fc\u00e7\u00fck bir sandalye asla &#8221;sadece&#8221; sandalye de\u011fildir!<\/p>\n","protected":false},"excerpt":{"rendered":"<p>Cary Fagan&#8217;\u0131n yaz\u0131p Madeline Kloepper&#8217;\u0131n resimledi\u011fi K\u00fc\u00e7\u00fck Mavi Sandalye, sembolik de\u011feri bulunan kimi nesnelerin, zamanda ve mek\u00e2nda yolculu\u011fa \u00e7\u0131k\u0131p farkl\u0131 ellere ge\u00e7ti\u011finde, nas\u0131l bamba\u015fka ihtiya\u00e7lara seslenen<span class=\"excerpt-hellip\"> [\u2026]<\/span><\/p>\n","protected":false},"featured_media":0,"template":"","meta":{"_monsterinsights_skip_tracking":false,"_monsterinsights_sitenote_active":false,"_monsterinsights_sitenote_note":"","_monsterinsights_sitenote_category":0},"product_brand":[],"product_cat":[12364,12376],"product_tag":[],"class_list":{"0":"post-726659","1":"product","2":"type-product","3":"status-publish","5":"product_cat-genel-konular","6":"product_cat-kisisel-gelisim","7":"pa_cilt-ciltli","8":"pa_tur-kitap","9":"pa_yayinevi-ucanbalik-yayincilik","10":"pa_yazar-cary-fagan","12":"first","13":"instock","14":"sale","15":"shipping-taxable","16":"purchasable","17":"product-type-simple"},"_links":{"self":[{"href":"https:\/\/roveyayinevi.com.tr\/index.php\/wp-json\/wp\/v2\/product\/726659","targetHints":{"allow":["GET"]}}],"collection":[{"href":"https:\/\/roveyayinevi.com.tr\/index.php\/wp-json\/wp\/v2\/product"}],"about":[{"href":"https:\/\/roveyayinevi.com.tr\/index.php\/wp-json\/wp\/v2\/types\/product"}],"wp:attachment":[{"href":"https:\/\/roveyayinevi.com.tr\/index.php\/wp-json\/wp\/v2\/media?parent=726659"}],"wp:term":[{"taxonomy":"product_brand","embeddable":true,"href":"https:\/\/roveyayinevi.com.tr\/index.php\/wp-json\/wp\/v2\/product_brand?post=726659"},{"taxonomy":"product_cat","embeddable":true,"href":"https:\/\/roveyayinevi.com.tr\/index.php\/wp-json\/wp\/v2\/product_cat?post=726659"},{"taxonomy":"product_tag","embeddable":true,"href":"https:\/\/roveyayinevi.com.tr\/index.php\/wp-json\/wp\/v2\/product_tag?post=726659"}],"curies":[{"name":"wp","href":"https:\/\/api.w.org\/{rel}","templated":true}]}}