{"id":726658,"date":"2025-08-27T20:10:08","date_gmt":"2025-08-27T17:10:08","guid":{"rendered":"https:\/\/roveyayinevi.com.tr\/index.php\/urun\/gecmisten-gelecege-ogretmen-ve-ogretmenlik\/"},"modified":"2026-04-16T02:34:42","modified_gmt":"2026-04-15T23:34:42","slug":"gecmisten-gelecege-ogretmen-ve-ogretmenlik","status":"publish","type":"product","link":"https:\/\/roveyayinevi.com.tr\/index.php\/urun\/gecmisten-gelecege-ogretmen-ve-ogretmenlik\/","title":{"rendered":"Ge\u00e7mi\u015ften Gelece\u011fe \u00d6\u011fretmen Ve \u00d6\u011fretmenlik"},"content":{"rendered":"<p>\u00d6\u011fretmek her ne kadar herkesin ya\u015fam\u0131nda bir\u00e7ok kez yapt\u0131\u011f\u0131 i\u015flerden olsa da \u00f6\u011fretmen bu i\u015fi, belli ilke ve metotlar do\u011frultusunda profesyonel olarak ger\u00e7ekle\u015ftirmeye \u00e7al\u0131\u015fan kimsedir. Bu anlamda bakt\u0131\u011f\u0131m\u0131zda d\u00fcnyan\u0131n kaderine etki edecek nesilleri, elinde bir hamura \u015fekil verircesine yeti\u015ftiren de \u00f6\u011fretmendir. Elinizdeki eser, \u201c\u00d6\u011fretmenli\u011fin tarihi nereden ba\u015flamaktad\u0131r?\u201d, \u201cHz. Peygamber\u2019in \u00f6\u011fretmenlik y\u00f6n\u00fcnde \u00f6n plana \u00e7\u0131kan \u00f6zellikleri nelerdir?\u201d, \u201c\u00d6\u011fretmenli\u011fin bir felsefesi var m\u0131d\u0131r?\u201d, \u201cAhlak ve de\u011ferler \u00f6\u011fretiminde \u00f6\u011fretmenler hangi hususlara dikkat etmelidir?\u201d gibi sorular\u0131n cevab\u0131n\u0131 bulmay\u0131 hedeflerken ge\u00e7mi\u015ften bug\u00fcne, bug\u00fcnden de gelece\u011fe \u00f6\u011fretmen ve \u00f6\u011fretmenli\u011fi bir\u00e7ok y\u00f6n\u00fcyle irdeleyen bir kitapt\u0131r. <\/p>\n","protected":false},"excerpt":{"rendered":"<p>\u00d6\u011fretmek her ne kadar herkesin ya\u015fam\u0131nda bir\u00e7ok kez yapt\u0131\u011f\u0131 i\u015flerden olsa da \u00f6\u011fretmen bu i\u015fi, belli ilke ve metotlar do\u011frultusunda profesyonel olarak ger\u00e7ekle\u015ftirmeye \u00e7al\u0131\u015fan kimsedir. Bu<span class=\"excerpt-hellip\"> [\u2026]<\/span><\/p>\n","protected":false},"featured_media":0,"template":"","meta":{"_monsterinsights_skip_tracking":false,"_monsterinsights_sitenote_active":false,"_monsterinsights_sitenote_note":"","_monsterinsights_sitenote_category":0},"product_brand":[],"product_cat":[12370,12304],"product_tag":[],"class_list":{"0":"post-726658","1":"product","2":"type-product","3":"status-publish","5":"product_cat-arastirma-inceleme","6":"product_cat-tarih","7":"pa_cilt-ciltsiz","8":"pa_tur-kitap","9":"pa_yayinevi-otto-yayinlari","10":"pa_yazar-otto-yayinlari-kolektif","12":"first","13":"instock","14":"sale","15":"shipping-taxable","16":"purchasable","17":"product-type-simple"},"_links":{"self":[{"href":"https:\/\/roveyayinevi.com.tr\/index.php\/wp-json\/wp\/v2\/product\/726658","targetHints":{"allow":["GET"]}}],"collection":[{"href":"https:\/\/roveyayinevi.com.tr\/index.php\/wp-json\/wp\/v2\/product"}],"about":[{"href":"https:\/\/roveyayinevi.com.tr\/index.php\/wp-json\/wp\/v2\/types\/product"}],"wp:attachment":[{"href":"https:\/\/roveyayinevi.com.tr\/index.php\/wp-json\/wp\/v2\/media?parent=726658"}],"wp:term":[{"taxonomy":"product_brand","embeddable":true,"href":"https:\/\/roveyayinevi.com.tr\/index.php\/wp-json\/wp\/v2\/product_brand?post=726658"},{"taxonomy":"product_cat","embeddable":true,"href":"https:\/\/roveyayinevi.com.tr\/index.php\/wp-json\/wp\/v2\/product_cat?post=726658"},{"taxonomy":"product_tag","embeddable":true,"href":"https:\/\/roveyayinevi.com.tr\/index.php\/wp-json\/wp\/v2\/product_tag?post=726658"}],"curies":[{"name":"wp","href":"https:\/\/api.w.org\/{rel}","templated":true}]}}