{"id":726657,"date":"2025-08-27T20:10:07","date_gmt":"2025-08-27T17:10:07","guid":{"rendered":"https:\/\/roveyayinevi.com.tr\/index.php\/urun\/mahcup-sarmasik\/"},"modified":"2026-04-16T02:34:42","modified_gmt":"2026-04-15T23:34:42","slug":"mahcup-sarmasik","status":"publish","type":"product","link":"https:\/\/roveyayinevi.com.tr\/index.php\/urun\/mahcup-sarmasik\/","title":{"rendered":"Mah\u00e7up Sarma\u015f\u0131k"},"content":{"rendered":"<p>(\u2026) bir zamanlar kendimi k\u00fclah yap\u0131p \u00fcflerdim \u00f6l\u00e7erek bir borunun ince hesap \u00e7ap\u0131n\u0131 g\u00f6vdemi uydurup namluya ve menzile bir ku\u015fu upuzun beklemi\u015fli\u011fim var benim bir yaran\u0131n \u00f6n\u00fcnde kendime bakm\u0131\u015fl\u0131\u011f\u0131m   ba\u015fkas\u0131na kurdu\u011fum onca eski tuza\u011fa her g\u00fcn bile isteye d\u00fc\u015fm\u00fc\u015fl\u00fc\u011f\u00fcm var benim ku\u015flar insin i\u00e7in sabaha asfalt \u00e7ukurlar\u0131na su olup birikmi\u015fli\u011fim var bir i\u015faret yeter bana d\u00fc\u015f\u00fclecek her \u015fey i\u00e7in kusursuz bir plan\u0131m durduk yere bir u\u00e7urumu kendiyle korkutmu\u015flu\u011fum var   yitirdi\u011fi halkay\u0131 belki hat\u0131rlar diye sakin bir g\u00f6le e\u011filip ta\u015f demi\u015fli\u011fim var benim diyelim ki \u00f6mr\u00fcmden cahit s\u0131tk\u0131&#8217;y\u0131 \u00e7\u0131kartt\u0131m bana ne kal\u0131rsa yetinirim kayboldum sand\u0131\u011f\u0131m yerde ne de olsa kendime varm\u0131\u015fl\u0131\u011f\u0131m var benim <\/p>\n","protected":false},"excerpt":{"rendered":"<p>(\u2026) bir zamanlar kendimi k\u00fclah yap\u0131p \u00fcflerdim \u00f6l\u00e7erek bir borunun ince hesap \u00e7ap\u0131n\u0131 g\u00f6vdemi uydurup namluya ve menzile bir ku\u015fu upuzun beklemi\u015fli\u011fim var benim bir yaran\u0131n<span class=\"excerpt-hellip\"> [\u2026]<\/span><\/p>\n","protected":false},"featured_media":0,"template":"","meta":{"_monsterinsights_skip_tracking":false,"_monsterinsights_sitenote_active":false,"_monsterinsights_sitenote_note":"","_monsterinsights_sitenote_category":0},"product_brand":[],"product_cat":[12291,12509],"product_tag":[],"class_list":{"0":"post-726657","1":"product","2":"type-product","3":"status-publish","5":"product_cat-edebiyat","6":"product_cat-siir","7":"pa_cilt-ciltsiz","8":"pa_tur-kitap","9":"pa_yayinevi-islik-yayinlari","10":"pa_yazar-umut-unalan","12":"first","13":"instock","14":"sale","15":"shipping-taxable","16":"purchasable","17":"product-type-simple"},"_links":{"self":[{"href":"https:\/\/roveyayinevi.com.tr\/index.php\/wp-json\/wp\/v2\/product\/726657","targetHints":{"allow":["GET"]}}],"collection":[{"href":"https:\/\/roveyayinevi.com.tr\/index.php\/wp-json\/wp\/v2\/product"}],"about":[{"href":"https:\/\/roveyayinevi.com.tr\/index.php\/wp-json\/wp\/v2\/types\/product"}],"wp:attachment":[{"href":"https:\/\/roveyayinevi.com.tr\/index.php\/wp-json\/wp\/v2\/media?parent=726657"}],"wp:term":[{"taxonomy":"product_brand","embeddable":true,"href":"https:\/\/roveyayinevi.com.tr\/index.php\/wp-json\/wp\/v2\/product_brand?post=726657"},{"taxonomy":"product_cat","embeddable":true,"href":"https:\/\/roveyayinevi.com.tr\/index.php\/wp-json\/wp\/v2\/product_cat?post=726657"},{"taxonomy":"product_tag","embeddable":true,"href":"https:\/\/roveyayinevi.com.tr\/index.php\/wp-json\/wp\/v2\/product_tag?post=726657"}],"curies":[{"name":"wp","href":"https:\/\/api.w.org\/{rel}","templated":true}]}}