{"id":726654,"date":"2025-08-27T20:10:04","date_gmt":"2025-08-27T17:10:04","guid":{"rendered":"https:\/\/roveyayinevi.com.tr\/index.php\/urun\/ins\/"},"modified":"2025-08-31T16:50:05","modified_gmt":"2025-08-31T13:50:05","slug":"ins","status":"publish","type":"product","link":"https:\/\/roveyayinevi.com.tr\/index.php\/urun\/ins\/","title":{"rendered":"\u0130ns"},"content":{"rendered":"<p>Ins anlat\u0131s\u0131, edebiyat\u0131m\u0131zda kendine \u00f6zg\u00fc, \u00f6zg\u00fcn bir \u00e7izgidir. Sanatsal olgunun anlat&gt; t\u00fcr\u00fcnde bu denli yo\u011fun \u00f6ne \u00e7\u0131kt\u0131\u011f\u0131 nadirdir. Bu tadla okunabilen eser say\u0131s\u0131 da s\u0131n\u0131rl\u0131d\u0131r. \u015eiirinin hemen yan\u0131ba\u015f\u0131nda yer alan \u00f6yk\u00fcleri, \u015fiiri gibi imge y\u00fckl\u00fcd\u00fcr. Bu bak\u0131mdan Zarifo\u011flu \u00f6yk\u00fcs\u00fc de \u015fiiri gibi g\u00fc\u00e7 anla\u015f\u0131l\u0131r. Okuduk\u00e7a intibak edilen ve sevilen bir tarz\u0131 vard\u0131r.<\/p>\n","protected":false},"excerpt":{"rendered":"<p>Ins anlat\u0131s\u0131, edebiyat\u0131m\u0131zda kendine \u00f6zg\u00fc, \u00f6zg\u00fcn bir \u00e7izgidir. Sanatsal olgunun anlat&gt; t\u00fcr\u00fcnde bu denli yo\u011fun \u00f6ne \u00e7\u0131kt\u0131\u011f\u0131 nadirdir. Bu tadla okunabilen eser say\u0131s\u0131 da s\u0131n\u0131rl\u0131d\u0131r. \u015eiirinin<span class=\"excerpt-hellip\"> [\u2026]<\/span><\/p>\n","protected":false},"featured_media":0,"template":"","meta":{"_monsterinsights_skip_tracking":false,"_monsterinsights_sitenote_active":false,"_monsterinsights_sitenote_note":"","_monsterinsights_sitenote_category":0},"product_brand":[],"product_cat":[12291,12711],"product_tag":[],"class_list":{"0":"post-726654","1":"product","2":"type-product","3":"status-publish","5":"product_cat-edebiyat","6":"product_cat-roman-oyku","7":"pa_cilt-ciltsiz","8":"pa_tur-kitap","9":"pa_yayinevi-beyan-yayinlari","10":"pa_yazar-cahit-zarifoglu","12":"first","13":"instock","14":"sale","15":"shipping-taxable","16":"purchasable","17":"product-type-simple"},"_links":{"self":[{"href":"https:\/\/roveyayinevi.com.tr\/index.php\/wp-json\/wp\/v2\/product\/726654","targetHints":{"allow":["GET"]}}],"collection":[{"href":"https:\/\/roveyayinevi.com.tr\/index.php\/wp-json\/wp\/v2\/product"}],"about":[{"href":"https:\/\/roveyayinevi.com.tr\/index.php\/wp-json\/wp\/v2\/types\/product"}],"wp:attachment":[{"href":"https:\/\/roveyayinevi.com.tr\/index.php\/wp-json\/wp\/v2\/media?parent=726654"}],"wp:term":[{"taxonomy":"product_brand","embeddable":true,"href":"https:\/\/roveyayinevi.com.tr\/index.php\/wp-json\/wp\/v2\/product_brand?post=726654"},{"taxonomy":"product_cat","embeddable":true,"href":"https:\/\/roveyayinevi.com.tr\/index.php\/wp-json\/wp\/v2\/product_cat?post=726654"},{"taxonomy":"product_tag","embeddable":true,"href":"https:\/\/roveyayinevi.com.tr\/index.php\/wp-json\/wp\/v2\/product_tag?post=726654"}],"curies":[{"name":"wp","href":"https:\/\/api.w.org\/{rel}","templated":true}]}}