{"id":726653,"date":"2025-08-27T20:10:03","date_gmt":"2025-08-27T17:10:03","guid":{"rendered":"https:\/\/roveyayinevi.com.tr\/index.php\/urun\/yeni-okul\/"},"modified":"2026-04-16T02:34:42","modified_gmt":"2026-04-15T23:34:42","slug":"yeni-okul","status":"publish","type":"product","link":"https:\/\/roveyayinevi.com.tr\/index.php\/urun\/yeni-okul\/","title":{"rendered":"Yeni Okul"},"content":{"rendered":"<p>\u00d6yle bir okul d\u00fc\u015f\u00fcn\u00fcn ki matematik, T\u00fcrk\u00e7e, fen gibi bildi\u011fimiz derslerle beraber hayatla ilgili ne varsa \u00f6\u011fretiyor. Sabahlar\u0131 spor faaliyeti olarak halk oyunlar\u0131 \u00e7al\u0131\u015fmas\u0131 yapt\u0131r\u0131yor; her \u00e7ocuk bir m\u00fczik aleti \u00e7almay\u0131 \u00f6\u011freniyor; ev i\u015fleri ve tar\u0131mla ilgili \u00e7ok \u00f6nemli uygulamalar hayata ge\u00e7iriliyor. Bu okullar\u0131 biliyoruz, her zaman yeni olan, yeri doldurulamayan K\u00f6y Enstit\u00fcleri&#8230; Kemal ailesinden ayr\u0131l\u0131p bu \u201cyeni okul\u201da geldi\u011finde g\u00f6rd\u00fckleri kar\u015f\u0131s\u0131nda \u00e7ok \u015fa\u015f\u0131rm\u0131\u015ft\u0131. Ama s\u0131cac\u0131k bir yuva gibi gelen okuluna k\u0131sa s\u00fcrede al\u0131\u015fm\u0131\u015ft\u0131. Art\u0131k yeni ailesi, her biri \u00fclkenin biricik \u00f6\u011fretmenleri olacak p\u0131r\u0131l p\u0131r\u0131l gen\u00e7 \u00f6\u011frenciler ve de\u011feri unutulmaz \u00f6\u011fretmenlerdi. <\/p>\n","protected":false},"excerpt":{"rendered":"<p>\u00d6yle bir okul d\u00fc\u015f\u00fcn\u00fcn ki matematik, T\u00fcrk\u00e7e, fen gibi bildi\u011fimiz derslerle beraber hayatla ilgili ne varsa \u00f6\u011fretiyor. Sabahlar\u0131 spor faaliyeti olarak halk oyunlar\u0131 \u00e7al\u0131\u015fmas\u0131 yapt\u0131r\u0131yor; her<span class=\"excerpt-hellip\"> [\u2026]<\/span><\/p>\n","protected":false},"featured_media":0,"template":"","meta":{"_monsterinsights_skip_tracking":false,"_monsterinsights_sitenote_active":false,"_monsterinsights_sitenote_note":"","_monsterinsights_sitenote_category":0},"product_brand":[],"product_cat":[12275,12274],"product_tag":[],"class_list":{"0":"post-726653","1":"product","2":"type-product","3":"status-publish","5":"product_cat-6-12-yas-kitaplari","6":"product_cat-cocuk-ve-genclik-kitaplari","7":"pa_cilt-ciltsiz","8":"pa_tur-kitap","9":"pa_yayinevi-dinozor-cocuk","10":"pa_yazar-batuhan-nar","12":"first","13":"instock","14":"sale","15":"shipping-taxable","16":"purchasable","17":"product-type-simple"},"_links":{"self":[{"href":"https:\/\/roveyayinevi.com.tr\/index.php\/wp-json\/wp\/v2\/product\/726653","targetHints":{"allow":["GET"]}}],"collection":[{"href":"https:\/\/roveyayinevi.com.tr\/index.php\/wp-json\/wp\/v2\/product"}],"about":[{"href":"https:\/\/roveyayinevi.com.tr\/index.php\/wp-json\/wp\/v2\/types\/product"}],"wp:attachment":[{"href":"https:\/\/roveyayinevi.com.tr\/index.php\/wp-json\/wp\/v2\/media?parent=726653"}],"wp:term":[{"taxonomy":"product_brand","embeddable":true,"href":"https:\/\/roveyayinevi.com.tr\/index.php\/wp-json\/wp\/v2\/product_brand?post=726653"},{"taxonomy":"product_cat","embeddable":true,"href":"https:\/\/roveyayinevi.com.tr\/index.php\/wp-json\/wp\/v2\/product_cat?post=726653"},{"taxonomy":"product_tag","embeddable":true,"href":"https:\/\/roveyayinevi.com.tr\/index.php\/wp-json\/wp\/v2\/product_tag?post=726653"}],"curies":[{"name":"wp","href":"https:\/\/api.w.org\/{rel}","templated":true}]}}