{"id":726652,"date":"2025-08-27T20:10:02","date_gmt":"2025-08-27T17:10:02","guid":{"rendered":"https:\/\/roveyayinevi.com.tr\/index.php\/urun\/cevahir\/"},"modified":"2026-04-16T02:34:42","modified_gmt":"2026-04-15T23:34:42","slug":"cevahir","status":"publish","type":"product","link":"https:\/\/roveyayinevi.com.tr\/index.php\/urun\/cevahir\/","title":{"rendered":"Cevahir"},"content":{"rendered":"<p>Benim insan eli de\u011fmemi\u015f bir kaya olma \u00f6zlemim, tutkum bundan. \u015eimdi istesem de bizim k\u00f6yden herhangi biri olamam. (H\u00fcseyin Cevahir) Bir insan\u0131 \u201cunutulmaz\u201d yapan en \u00f6nemli \u015fey, zaman\u0131n\u0131n d\u0131\u015f\u0131na ta\u015fabilmesi, kendi zaman\u0131n\u0131n d\u0131\u015f\u0131nda da ya\u015fayabilmesidir. Bu da ancak, ondan g\u00fc\u00e7 ve moral al\u0131nabilmesiyle m\u00fcmk\u00fcn olabilir. H\u00fcseyin Cevahir, maratonu b\u0131rakmam\u0131\u015f; \u00f6l\u00fcm\u00fcyle, kendi sonras\u0131na da g\u00fc\u00e7 ve moral vermi\u015ftir. Nas\u0131l ki bir \u015fair, ancak gelece\u011fe ta\u015fan \u015fiirleriyle \u00f6l\u00fcms\u00fcz olabiliyorsa H\u00fcseyin Cevahir\u2019i de \u201cunutulmaz\u201d yapan m\u00fccadelesi, edebiyat\u0131 ve sonuna kadar gidebilme karakterine sahip olabilmesidir. \u201cUnutulmaz\u201d olmak; g\u00fc\u00e7 alabilmek i\u00e7in ge\u00e7mi\u015ften  bir  imge  arand\u0131\u011f\u0131nda  akla  gelebilmektir.  H\u00fcseyin  Cevahir  (ve elbette Mahir \u00c7ayan, Ula\u015f Bardak\u00e7\u0131, Deniz Gezmi\u015f ve di\u011fer arkada\u015flar\u0131 ile birlikte) dayand\u0131\u011f\u0131 ve g\u00fc\u00e7 ald\u0131\u011f\u0131 ge\u00e7mi\u015fin yerine gelecek ku\u015faklar i\u00e7in yeni bir \u201cge\u00e7mi\u015f\u201d olabilmeyi ba\u015farabilmi\u015ftir\u2026 Bu kapsaml\u0131 kitapta k\u0131sa s\u00fcren hayat\u0131na \u00e7a\u011f\u0131n\u0131n \u00f6zlem ve ac\u0131lar\u0131n\u0131 s\u0131\u011fd\u0131ran, yeni ve ba\u015fka bir d\u00fcnya tahayy\u00fcl\u00fcn\u00fc ku\u015fanm\u0131\u015f c\u00fcretk\u00e2r bir devrimcinin, H\u00fcseyin Cevahir\u2019in hayat\u0131na d\u00f6nemin toplumsal, siyasal ve k\u00fclt\u00fcrel ikliminden hareketle \u0131\u015f\u0131k d\u00fc\u015f\u00fcr\u00fclmekte&#8230;&#8221; <\/p>\n","protected":false},"excerpt":{"rendered":"<p>Benim insan eli de\u011fmemi\u015f bir kaya olma \u00f6zlemim, tutkum bundan. \u015eimdi istesem de bizim k\u00f6yden herhangi biri olamam. (H\u00fcseyin Cevahir) Bir insan\u0131 \u201cunutulmaz\u201d yapan en \u00f6nemli<span class=\"excerpt-hellip\"> [\u2026]<\/span><\/p>\n","protected":false},"featured_media":0,"template":"","meta":{"_monsterinsights_skip_tracking":false,"_monsterinsights_sitenote_active":false,"_monsterinsights_sitenote_note":"","_monsterinsights_sitenote_category":0},"product_brand":[],"product_cat":[12304,14128],"product_tag":[],"class_list":{"0":"post-726652","1":"product","2":"type-product","3":"status-publish","5":"product_cat-tarih","6":"product_cat-yakin-tarih","7":"pa_cilt-ciltsiz","8":"pa_tur-kitap","9":"pa_yayinevi-ayrinti-yayinlari","10":"pa_yazar-huseyin-solgun","12":"first","13":"instock","14":"sale","15":"shipping-taxable","16":"purchasable","17":"product-type-simple"},"_links":{"self":[{"href":"https:\/\/roveyayinevi.com.tr\/index.php\/wp-json\/wp\/v2\/product\/726652","targetHints":{"allow":["GET"]}}],"collection":[{"href":"https:\/\/roveyayinevi.com.tr\/index.php\/wp-json\/wp\/v2\/product"}],"about":[{"href":"https:\/\/roveyayinevi.com.tr\/index.php\/wp-json\/wp\/v2\/types\/product"}],"wp:attachment":[{"href":"https:\/\/roveyayinevi.com.tr\/index.php\/wp-json\/wp\/v2\/media?parent=726652"}],"wp:term":[{"taxonomy":"product_brand","embeddable":true,"href":"https:\/\/roveyayinevi.com.tr\/index.php\/wp-json\/wp\/v2\/product_brand?post=726652"},{"taxonomy":"product_cat","embeddable":true,"href":"https:\/\/roveyayinevi.com.tr\/index.php\/wp-json\/wp\/v2\/product_cat?post=726652"},{"taxonomy":"product_tag","embeddable":true,"href":"https:\/\/roveyayinevi.com.tr\/index.php\/wp-json\/wp\/v2\/product_tag?post=726652"}],"curies":[{"name":"wp","href":"https:\/\/api.w.org\/{rel}","templated":true}]}}