{"id":726651,"date":"2025-08-27T20:10:02","date_gmt":"2025-08-27T17:10:02","guid":{"rendered":"https:\/\/roveyayinevi.com.tr\/index.php\/urun\/psikoterapide-internet-bagimliligi\/"},"modified":"2026-04-16T02:34:42","modified_gmt":"2026-04-15T23:34:42","slug":"psikoterapide-internet-bagimliligi","status":"publish","type":"product","link":"https:\/\/roveyayinevi.com.tr\/index.php\/urun\/psikoterapide-internet-bagimliligi\/","title":{"rendered":"Psikoterapide \u0130nternet Ba\u011f\u0131ml\u0131l\u0131\u011f\u0131"},"content":{"rendered":"<p>&#8220;Dijital \u00e7a\u011fda her birimiz vaktimizin \u00e7ok daha b\u00fcy\u00fck bir k\u0131sm\u0131n\u0131 sanal evrende ge\u00e7irir hale geldik. Kimi zaman mesleki mecburiyetler, kimi zaman sanal ortamda sosyalle\u015fmenin kar\u015f\u0131 konulmaz cazibesi, kimi zaman ise e\u011flence ama\u00e7l\u0131 pop\u00fcler aktiviteler bizi internet d\u00fcnyas\u0131n\u0131n i\u00e7ine do\u011fru \u00e7ekiyor; her ya\u015ftan insana yeni imk\u00e2nlar ve se\u00e7enekler sunuyor. Ancak madalyonun di\u011fer y\u00fcz\u00fc bu denli \u0131\u015f\u0131lt\u0131l\u0131 de\u011fil. H\u0131zla artan internet ba\u011f\u0131ml\u0131l\u0131\u011f\u0131 g\u00fcn\u00fcm\u00fcz insan\u0131 i\u00e7in riskleri ve tehditleri beraberinde getiriyor. Psikolog-akademisyen Kuss ve Griffiths, bizleri internet ba\u011f\u0131ml\u0131l\u0131\u011f\u0131n\u0131n bi\u00e7imleri, nedenleri ve riskleri \u00fczerine ilgin\u00e7 bir yolculu\u011fa \u00e7\u0131kar\u0131yorlar. Yazarlar, internet ba\u011f\u0131ml\u0131l\u0131\u011f\u0131n\u0131n t\u0131pk\u0131 di\u011fer ba\u011f\u0131ml\u0131l\u0131klar gibi insan v\u00fccudunda ve davran\u0131\u015flar\u0131nda yapt\u0131\u011f\u0131 de\u011fi\u015fimi ustal\u0131kla g\u00f6zler \u00f6n\u00fcne seriyorlar. \u00c7evrimi\u00e7i oyun ve kumar ba\u011f\u0131ml\u0131l\u0131\u011f\u0131 ba\u015fta olmak \u00fczere yayg\u0131n internet ba\u011f\u0131ml\u0131l\u0131\u011f\u0131 t\u00fcrlerini cinsiyet, ya\u015f ve meslek gruplar\u0131 gibi farkl\u0131 kategorileri dikkate alarak inceliyorlar. Her ne kadar internet ba\u011f\u0131ml\u0131l\u0131\u011f\u0131 tedavisi konusunda bug\u00fcnk\u00fc bilgimiz k\u0131s\u0131tl\u0131 olsa da yazarlar bu sorunu uluslararas\u0131 \u00f6l\u00e7ekte 20 farkl\u0131 terapistin deneyimlerine odaklanarak a\u015fmay\u0131 deniyor. Psikoterapide \u0130nternet Ba\u011f\u0131ml\u0131l\u0131\u011f\u0131, yaln\u0131zca uzmanlar\u0131n de\u011fil dijital ortamda uzun vakit ge\u00e7iren herkesin, bilhassa da ebeveynlerin ve gen\u00e7lerin ilgiyle okuyaca\u011f\u0131 g\u00fcncel bir ara\u015ft\u0131rma\u2026&#8221;<\/p>\n","protected":false},"excerpt":{"rendered":"<p>&#8220;Dijital \u00e7a\u011fda her birimiz vaktimizin \u00e7ok daha b\u00fcy\u00fck bir k\u0131sm\u0131n\u0131 sanal evrende ge\u00e7irir hale geldik. Kimi zaman mesleki mecburiyetler, kimi zaman sanal ortamda sosyalle\u015fmenin kar\u015f\u0131 konulmaz<span class=\"excerpt-hellip\"> [\u2026]<\/span><\/p>\n","protected":false},"featured_media":0,"template":"","meta":{"_monsterinsights_skip_tracking":false,"_monsterinsights_sitenote_active":false,"_monsterinsights_sitenote_note":"","_monsterinsights_sitenote_category":0},"product_brand":[],"product_cat":[20502,12357],"product_tag":[],"class_list":{"0":"post-726651","1":"product","2":"type-product","3":"status-publish","5":"product_cat-basvuru-kitaplari-psikoloji","6":"product_cat-psikoloji","7":"pa_cilt-ciltsiz","8":"pa_tur-kitap","9":"pa_yayinevi-ayrinti-yayinlari","10":"pa_yazar-daria-j-kuss-mark-d-griffiths","12":"first","13":"instock","14":"sale","15":"shipping-taxable","16":"purchasable","17":"product-type-simple"},"_links":{"self":[{"href":"https:\/\/roveyayinevi.com.tr\/index.php\/wp-json\/wp\/v2\/product\/726651","targetHints":{"allow":["GET"]}}],"collection":[{"href":"https:\/\/roveyayinevi.com.tr\/index.php\/wp-json\/wp\/v2\/product"}],"about":[{"href":"https:\/\/roveyayinevi.com.tr\/index.php\/wp-json\/wp\/v2\/types\/product"}],"wp:attachment":[{"href":"https:\/\/roveyayinevi.com.tr\/index.php\/wp-json\/wp\/v2\/media?parent=726651"}],"wp:term":[{"taxonomy":"product_brand","embeddable":true,"href":"https:\/\/roveyayinevi.com.tr\/index.php\/wp-json\/wp\/v2\/product_brand?post=726651"},{"taxonomy":"product_cat","embeddable":true,"href":"https:\/\/roveyayinevi.com.tr\/index.php\/wp-json\/wp\/v2\/product_cat?post=726651"},{"taxonomy":"product_tag","embeddable":true,"href":"https:\/\/roveyayinevi.com.tr\/index.php\/wp-json\/wp\/v2\/product_tag?post=726651"}],"curies":[{"name":"wp","href":"https:\/\/api.w.org\/{rel}","templated":true}]}}