{"id":726650,"date":"2025-08-27T20:10:01","date_gmt":"2025-08-27T17:10:01","guid":{"rendered":"https:\/\/roveyayinevi.com.tr\/index.php\/urun\/ebeveyn-boslugu\/"},"modified":"2026-04-16T02:34:41","modified_gmt":"2026-04-15T23:34:41","slug":"ebeveyn-boslugu","status":"publish","type":"product","link":"https:\/\/roveyayinevi.com.tr\/index.php\/urun\/ebeveyn-boslugu\/","title":{"rendered":"Ebeveyn Bo\u015flu\u011fu"},"content":{"rendered":"<p>\u00c7ocuklar\u0131n\u0131z\u0131 farkl\u0131 \u015fekilde yeti\u015ftirece\u011finize yemin etmi\u015ftiniz&#8230; \u00d6yleyse neden a\u011fz\u0131n\u0131zdan ailenizin s\u00f6zleri \u00e7\u0131kmaya devam ediyor?Belki kendinizi sabah\u0131n erken saatlerinde ba\u011f\u0131r\u0131rken buluyorsunuz? Veya \u00f6fkenizin tetiklendi\u011fi di\u011fer anlara ne dersiniz; \u00f6rne\u011fin \u00e7ocu\u011funuz okul i\u00e7in ayakkab\u0131lar\u0131n\u0131 giymeyi hen\u00fcz bitirmedi\u011fi ve ona bunu en az yirmi yedi kez hat\u0131rlatt\u0131\u011f\u0131n\u0131z zaman!Hepimiz hayatlar\u0131 boyunca \u00e7ocuklar\u0131m\u0131z ad\u0131na mutluluk ve ba\u015far\u0131 istiyoruz. En \u00e7ok sevdi\u011finiz insanlar\u0131n zarar g\u00f6rmesi endi\u015fesi, muhtemelen onlar\u0131n gelecekteki esenlikleriyle ilgilidir. Onlar ad\u0131na daha iyi bir d\u00fcnya istiyorsunuz.Yapman\u0131z gereken \u015fey \u201cEbeveyn Bo\u015flu\u011fu\u201dnu kapatmak!\u201cEbeveyn Bo\u015flu\u011fu\u201d, ger\u00e7ek hayat \u00f6yk\u00fcleri ve pratik tavsiyeleri kullanarak, Dr. Shefali Tsabary, Bren\u00e9 Brown ve Martha Beck&#8217;in \u00f6\u011fretilerini e\u011flenceli bir \u015fekilde harmanlayarak ebeveyn durumlar\u0131n\u0131 inceliyor.Biz fark\u0131na bile varmadan \u00e7ocuklar\u0131m\u0131z d\u00fcnyaya ad\u0131m atacaklar. Y\u0131llar \u00f6nce kendiniz, hayat\u0131n\u0131z ve aileniz i\u00e7in unutulmu\u015f hik\u00e2yelerle yeniden tan\u0131\u015fma zaman\u0131d\u0131r.<\/p>\n","protected":false},"excerpt":{"rendered":"<p>\u00c7ocuklar\u0131n\u0131z\u0131 farkl\u0131 \u015fekilde yeti\u015ftirece\u011finize yemin etmi\u015ftiniz&#8230; \u00d6yleyse neden a\u011fz\u0131n\u0131zdan ailenizin s\u00f6zleri \u00e7\u0131kmaya devam ediyor?Belki kendinizi sabah\u0131n erken saatlerinde ba\u011f\u0131r\u0131rken buluyorsunuz? Veya \u00f6fkenizin tetiklendi\u011fi di\u011fer anlara ne<span class=\"excerpt-hellip\"> [\u2026]<\/span><\/p>\n","protected":false},"featured_media":0,"template":"","meta":{"_monsterinsights_skip_tracking":false,"_monsterinsights_sitenote_active":false,"_monsterinsights_sitenote_note":"","_monsterinsights_sitenote_category":0},"product_brand":[],"product_cat":[12831,12324],"product_tag":[],"class_list":{"0":"post-726650","1":"product","2":"type-product","3":"status-publish","5":"product_cat-aile-ve-cocuk","6":"product_cat-sosyoloji","7":"pa_cilt-ciltsiz","8":"pa_tur-kitap","9":"pa_yayinevi-sola-unitas","10":"pa_yazar-randi-rubenstein","12":"first","13":"instock","14":"sale","15":"shipping-taxable","16":"purchasable","17":"product-type-simple"},"_links":{"self":[{"href":"https:\/\/roveyayinevi.com.tr\/index.php\/wp-json\/wp\/v2\/product\/726650","targetHints":{"allow":["GET"]}}],"collection":[{"href":"https:\/\/roveyayinevi.com.tr\/index.php\/wp-json\/wp\/v2\/product"}],"about":[{"href":"https:\/\/roveyayinevi.com.tr\/index.php\/wp-json\/wp\/v2\/types\/product"}],"wp:attachment":[{"href":"https:\/\/roveyayinevi.com.tr\/index.php\/wp-json\/wp\/v2\/media?parent=726650"}],"wp:term":[{"taxonomy":"product_brand","embeddable":true,"href":"https:\/\/roveyayinevi.com.tr\/index.php\/wp-json\/wp\/v2\/product_brand?post=726650"},{"taxonomy":"product_cat","embeddable":true,"href":"https:\/\/roveyayinevi.com.tr\/index.php\/wp-json\/wp\/v2\/product_cat?post=726650"},{"taxonomy":"product_tag","embeddable":true,"href":"https:\/\/roveyayinevi.com.tr\/index.php\/wp-json\/wp\/v2\/product_tag?post=726650"}],"curies":[{"name":"wp","href":"https:\/\/api.w.org\/{rel}","templated":true}]}}