{"id":726645,"date":"2025-08-27T20:09:57","date_gmt":"2025-08-27T17:09:57","guid":{"rendered":"https:\/\/roveyayinevi.com.tr\/index.php\/urun\/dunyayi-degistiren-bes-denklem\/"},"modified":"2026-04-16T02:34:41","modified_gmt":"2026-04-15T23:34:41","slug":"dunyayi-degistiren-bes-denklem","status":"publish","type":"product","link":"https:\/\/roveyayinevi.com.tr\/index.php\/urun\/dunyayi-degistiren-bes-denklem\/","title":{"rendered":"D\u00fcnyay\u0131 De\u011fi\u015ftiren Be\u015f Denklem"},"content":{"rendered":"<p>D\u00fcnyan\u0131n kaderini de\u011fi\u015ftiren be\u015f b\u00fcy\u00fck ke\u015fif! Harvard \u00dcniversitesi\u2019nde fizik ve matematik dersleri veren Michael Guillen, be\u015f k\u00fc\u00e7\u00fck denklem \u00fczerinden be\u015f b\u00fcy\u00fck bilim insan\u0131n\u0131n m\u00fccadele, h\u0131rs ve hayal k\u0131r\u0131kl\u0131klar\u0131yla dolu hayat hik\u00e2yesini g\u00f6zler \u00f6n\u00fcne seriyor. Bu kitapta Isaac Newton\u2019un yer\u00e7ekimi, Daniel Bernoulli\u2019nin hidrodinamik, Michael Faraday\u2019in elektromanyetik, Rudolf Clausius\u2019un termodinamik ve Albert Einstein\u2019\u0131n \u00f6zel g\u00f6relilik \u00fczerine yapt\u0131\u011f\u0131 \u00e7al\u0131\u015fmalar herkesin anlayabilece\u011fi bir dille anlat\u0131l\u0131yor. Bug\u00fcn bu muhte\u015fem ke\u015fifler sayesinde elektrik enerjisinden yararlan\u0131yor, u\u00e7akla seyahat ediyor, Ay\u2019a insan g\u00f6nderiyor, n\u00fckleer enerjiyi kontrol ediyor ve d\u00fcnyadaki ya\u015fam\u0131n \u00f6l\u00fcml\u00fcl\u00fc\u011f\u00fcn\u00fc anlayabiliyoruz. D\u00fcnyay\u0131 De\u011fi\u015ftiren Be\u015f Denklem, bu be\u015f bilim insan\u0131n\u0131n hayat\u0131 arac\u0131l\u0131\u011f\u0131yla bilim tarihinin k\u0131sa bir \u00f6zetini sunarken, matematik fobisi olanlar i\u00e7in bile keyifli bir okuma vaat ediyor. \u201cMatematiksel hayal g\u00fcc\u00fcn\u00fcn tamamen eri\u015filebilir ve  ustal\u0131kla kaleme al\u0131nm\u0131\u015f hali.\u201d \u2013 Publishers Weekly \u201cGuillen bir hik\u00e2yenin nas\u0131l anlat\u0131laca\u011f\u0131n\u0131 \u00e7ok iyi biliyor.  Bu kitapta bahsedilen sade yasalar\u0131n arkas\u0131ndaki insanlar \u015fa\u015f\u0131rt\u0131c\u0131 derecede \u00f6zel.\u201d  \u2013 Wall Street Journal \u201cB\u00fct\u00fcn hik\u00e2yelerde, pembe dizilerin t\u00fcm romantizmi ve trajedisi, ilham ve umutsuzluk, her \u015feyden \u00f6te tutkulu bir merak var. Guillen bilime ve matemati\u011fe  hayat veriyor.\u201d \u2013 Grand Rapids Press <\/p>\n","protected":false},"excerpt":{"rendered":"<p>D\u00fcnyan\u0131n kaderini de\u011fi\u015ftiren be\u015f b\u00fcy\u00fck ke\u015fif! Harvard \u00dcniversitesi\u2019nde fizik ve matematik dersleri veren Michael Guillen, be\u015f k\u00fc\u00e7\u00fck denklem \u00fczerinden be\u015f b\u00fcy\u00fck bilim insan\u0131n\u0131n m\u00fccadele, h\u0131rs ve<span class=\"excerpt-hellip\"> [\u2026]<\/span><\/p>\n","protected":false},"featured_media":0,"template":"","meta":{"_monsterinsights_skip_tracking":false,"_monsterinsights_sitenote_active":false,"_monsterinsights_sitenote_note":"","_monsterinsights_sitenote_category":0},"product_brand":[],"product_cat":[13005,13006],"product_tag":[],"class_list":{"0":"post-726645","1":"product","2":"type-product","3":"status-publish","5":"product_cat-bilim-muhendislik","6":"product_cat-populer-bilim","7":"pa_cilt-ciltsiz","8":"pa_tur-kitap","9":"pa_yayinevi-nemesis-kitap","10":"pa_yazar-michael-guillen","12":"first","13":"instock","14":"sale","15":"shipping-taxable","16":"purchasable","17":"product-type-simple"},"_links":{"self":[{"href":"https:\/\/roveyayinevi.com.tr\/index.php\/wp-json\/wp\/v2\/product\/726645","targetHints":{"allow":["GET"]}}],"collection":[{"href":"https:\/\/roveyayinevi.com.tr\/index.php\/wp-json\/wp\/v2\/product"}],"about":[{"href":"https:\/\/roveyayinevi.com.tr\/index.php\/wp-json\/wp\/v2\/types\/product"}],"wp:attachment":[{"href":"https:\/\/roveyayinevi.com.tr\/index.php\/wp-json\/wp\/v2\/media?parent=726645"}],"wp:term":[{"taxonomy":"product_brand","embeddable":true,"href":"https:\/\/roveyayinevi.com.tr\/index.php\/wp-json\/wp\/v2\/product_brand?post=726645"},{"taxonomy":"product_cat","embeddable":true,"href":"https:\/\/roveyayinevi.com.tr\/index.php\/wp-json\/wp\/v2\/product_cat?post=726645"},{"taxonomy":"product_tag","embeddable":true,"href":"https:\/\/roveyayinevi.com.tr\/index.php\/wp-json\/wp\/v2\/product_tag?post=726645"}],"curies":[{"name":"wp","href":"https:\/\/api.w.org\/{rel}","templated":true}]}}