{"id":726641,"date":"2025-08-27T20:09:54","date_gmt":"2025-08-27T17:09:54","guid":{"rendered":"https:\/\/roveyayinevi.com.tr\/index.php\/urun\/dehset-sacan-isik\/"},"modified":"2026-04-16T02:34:41","modified_gmt":"2026-04-15T23:34:41","slug":"dehset-sacan-isik","status":"publish","type":"product","link":"https:\/\/roveyayinevi.com.tr\/index.php\/urun\/dehset-sacan-isik\/","title":{"rendered":"Deh\u015fet Sa\u00e7an I\u015f\u0131k"},"content":{"rendered":"<p>Bilim beyninizin de\u011fi\u015fik katmanlar\u0131 aras\u0131nda bir yerlerde uyuyor. Deh\u015fet Sa\u00e7an I\u015f\u0131k\u2019la beyninizi uyand\u0131r\u0131n. Bunlar\u0131 \u00f6\u011frenmek ister misiniz?* G\u00f6z\u00fcn\u00fcz\u00fcn g\u00f6z yuvarlar\u0131n\u0131zdan d\u00fc\u015fmesini engelleyen nedir?* \u00d6l\u00fc bedenler neden hayalete benzeyen bir \u0131\u015f\u0131k sa\u00e7arlar?* Lazer insan\u0131n derisini nas\u0131l yakar? Bu kitapta baz\u0131 ger\u00e7eklere sizin i\u00e7i \u0131\u015f\u0131k tuttuk.Bu kitapta g\u00fcne\u015f tutulmalar\u0131n\u0131n g\u00fcnd\u00fcz\u00fc nas\u0131l geceye \u00e7evirdi\u011fini, \u00e7\u0131ng\u0131rakl\u0131 y\u0131lanlar\u0131n karanl\u0131kta bile sizi nas\u0131l bulabildi\u011fini ve bacaklar\u0131n\u0131z\u0131n havuzda y\u00fczerken neden yamuk yumuk g\u00f6r\u00fcnd\u00fc\u011f\u00fcn\u00fc \u00f6\u011freneceksiniz.Muhte\u015fem bilgi dosyalar\u0131 ve merak uyand\u0131ran testlerle, \u00f6\u011fretmeninizi k\u00f6\u015feye s\u0131k\u0131\u015ft\u0131rma yollar\u0131 ve \u00e7\u0131lg\u0131n karikat\u00fcrlerle Deh\u015fet Sa\u00e7an I\u015f\u0131k sizi bilgiyle donatmak i\u00e7in sab\u0131rs\u0131zl\u0131kla bekliyor. \u00d6\u011frenmenin bir\u00e7ok yolu var ama E\u011flenceli Bilgi gibisi yok!<\/p>\n","protected":false},"excerpt":{"rendered":"<p>Bilim beyninizin de\u011fi\u015fik katmanlar\u0131 aras\u0131nda bir yerlerde uyuyor. Deh\u015fet Sa\u00e7an I\u015f\u0131k\u2019la beyninizi uyand\u0131r\u0131n. Bunlar\u0131 \u00f6\u011frenmek ister misiniz?* G\u00f6z\u00fcn\u00fcz\u00fcn g\u00f6z yuvarlar\u0131n\u0131zdan d\u00fc\u015fmesini engelleyen nedir?* \u00d6l\u00fc bedenler neden<span class=\"excerpt-hellip\"> [\u2026]<\/span><\/p>\n","protected":false},"featured_media":0,"template":"","meta":{"_monsterinsights_skip_tracking":false,"_monsterinsights_sitenote_active":false,"_monsterinsights_sitenote_note":"","_monsterinsights_sitenote_category":0},"product_brand":[],"product_cat":[12274,12631],"product_tag":[],"class_list":{"0":"post-726641","1":"product","2":"type-product","3":"status-publish","5":"product_cat-cocuk-ve-genclik-kitaplari","6":"product_cat-diger-cocuk-ve-genclik-kitaplari","7":"pa_cilt-ciltsiz","8":"pa_tur-kitap","9":"pa_yayinevi-eglenceli-bilgi-yayinlari","10":"pa_yazar-nick-arnold","12":"first","13":"instock","14":"sale","15":"shipping-taxable","16":"purchasable","17":"product-type-simple"},"_links":{"self":[{"href":"https:\/\/roveyayinevi.com.tr\/index.php\/wp-json\/wp\/v2\/product\/726641","targetHints":{"allow":["GET"]}}],"collection":[{"href":"https:\/\/roveyayinevi.com.tr\/index.php\/wp-json\/wp\/v2\/product"}],"about":[{"href":"https:\/\/roveyayinevi.com.tr\/index.php\/wp-json\/wp\/v2\/types\/product"}],"wp:attachment":[{"href":"https:\/\/roveyayinevi.com.tr\/index.php\/wp-json\/wp\/v2\/media?parent=726641"}],"wp:term":[{"taxonomy":"product_brand","embeddable":true,"href":"https:\/\/roveyayinevi.com.tr\/index.php\/wp-json\/wp\/v2\/product_brand?post=726641"},{"taxonomy":"product_cat","embeddable":true,"href":"https:\/\/roveyayinevi.com.tr\/index.php\/wp-json\/wp\/v2\/product_cat?post=726641"},{"taxonomy":"product_tag","embeddable":true,"href":"https:\/\/roveyayinevi.com.tr\/index.php\/wp-json\/wp\/v2\/product_tag?post=726641"}],"curies":[{"name":"wp","href":"https:\/\/api.w.org\/{rel}","templated":true}]}}