{"id":726640,"date":"2025-08-27T20:09:53","date_gmt":"2025-08-27T17:09:53","guid":{"rendered":"https:\/\/roveyayinevi.com.tr\/index.php\/urun\/cildirtan-sifreler\/"},"modified":"2026-04-16T02:34:41","modified_gmt":"2026-04-15T23:34:41","slug":"cildirtan-sifreler","status":"publish","type":"product","link":"https:\/\/roveyayinevi.com.tr\/index.php\/urun\/cildirtan-sifreler\/","title":{"rendered":"\u00c7\u0131ld\u0131rtan \u015eifreler"},"content":{"rendered":"<p>\u0130lk \u00f6nce Yunanl\u0131lar sa\u00e7lar\u0131n\u0131n aras\u0131na gizli mesajlar saklad\u0131lar. Sonra Krali\u00e7e Mary, \u015fifreli mesaj\u0131 \u00e7\u00f6z\u00fcl\u00fcnce kellesini kaybetti. \u015eimdi de bilgisayarlar insanlar\u0131n \u00e7\u00f6zemeyece\u011fi \u015fifreler \u00fcretiyor. Bu kitapta, ajanlar\u0131n gizli d\u00fcnyas\u0131na yolculuk yapacak, nokta ve \u00e7izgilerden olu\u015fan mesajlar\u0131 \u00e7\u00f6zecek ve renkli bayraklar\u0131n anlam\u0131n\u0131, \u015fifrelerin tarihi nas\u0131l \u015fekillendirdi\u011fini ve hatta uzayl\u0131larla konu\u015fma y\u00f6ntemlerini \u00f6\u011freneceksiniz. Kendiniz \u015fifreler yaz\u0131p, \u00e7\u00f6z\u00fcm yollar\u0131n\u0131 bulacaks\u0131n\u0131z. E\u011flenceli bir yolculu\u011fa haz\u0131r m\u0131s\u0131n\u0131z?<\/p>\n","protected":false},"excerpt":{"rendered":"<p>\u0130lk \u00f6nce Yunanl\u0131lar sa\u00e7lar\u0131n\u0131n aras\u0131na gizli mesajlar saklad\u0131lar. Sonra Krali\u00e7e Mary, \u015fifreli mesaj\u0131 \u00e7\u00f6z\u00fcl\u00fcnce kellesini kaybetti. \u015eimdi de bilgisayarlar insanlar\u0131n \u00e7\u00f6zemeyece\u011fi \u015fifreler \u00fcretiyor. Bu kitapta, ajanlar\u0131n<span class=\"excerpt-hellip\"> [\u2026]<\/span><\/p>\n","protected":false},"featured_media":0,"template":"","meta":{"_monsterinsights_skip_tracking":false,"_monsterinsights_sitenote_active":false,"_monsterinsights_sitenote_note":"","_monsterinsights_sitenote_category":0},"product_brand":[],"product_cat":[12274,12631],"product_tag":[],"class_list":{"0":"post-726640","1":"product","2":"type-product","3":"status-publish","5":"product_cat-cocuk-ve-genclik-kitaplari","6":"product_cat-diger-cocuk-ve-genclik-kitaplari","7":"pa_cilt-ciltsiz","8":"pa_tur-kitap","9":"pa_yayinevi-eglenceli-bilgi-yayinlari","10":"pa_yazar-diana-kimpton","12":"first","13":"instock","14":"sale","15":"shipping-taxable","16":"purchasable","17":"product-type-simple"},"_links":{"self":[{"href":"https:\/\/roveyayinevi.com.tr\/index.php\/wp-json\/wp\/v2\/product\/726640","targetHints":{"allow":["GET"]}}],"collection":[{"href":"https:\/\/roveyayinevi.com.tr\/index.php\/wp-json\/wp\/v2\/product"}],"about":[{"href":"https:\/\/roveyayinevi.com.tr\/index.php\/wp-json\/wp\/v2\/types\/product"}],"wp:attachment":[{"href":"https:\/\/roveyayinevi.com.tr\/index.php\/wp-json\/wp\/v2\/media?parent=726640"}],"wp:term":[{"taxonomy":"product_brand","embeddable":true,"href":"https:\/\/roveyayinevi.com.tr\/index.php\/wp-json\/wp\/v2\/product_brand?post=726640"},{"taxonomy":"product_cat","embeddable":true,"href":"https:\/\/roveyayinevi.com.tr\/index.php\/wp-json\/wp\/v2\/product_cat?post=726640"},{"taxonomy":"product_tag","embeddable":true,"href":"https:\/\/roveyayinevi.com.tr\/index.php\/wp-json\/wp\/v2\/product_tag?post=726640"}],"curies":[{"name":"wp","href":"https:\/\/api.w.org\/{rel}","templated":true}]}}