{"id":726638,"date":"2025-08-27T20:09:51","date_gmt":"2025-08-27T17:09:51","guid":{"rendered":"https:\/\/roveyayinevi.com.tr\/index.php\/urun\/tiyatro-muzesi\/"},"modified":"2026-03-25T20:10:19","modified_gmt":"2026-03-25T17:10:19","slug":"tiyatro-muzesi","status":"publish","type":"product","link":"https:\/\/roveyayinevi.com.tr\/index.php\/urun\/tiyatro-muzesi\/","title":{"rendered":"Tiyatro M\u00fczesi"},"content":{"rendered":"<p>Tiyatroyu ve perde arkas\u0131n\u0131 ke\u015ffetmeye haz\u0131r m\u0131s\u0131n\u0131z? Oyuncu-yazar \u00d6zg\u00fcr \u00d6zg\u00fclg\u00fcn\u2019den tiyatroya dair hem \u00f6\u011freten hem e\u011flendiren bir hik\u00e2ye\u2026 En g\u00fczel sanat dallar\u0131ndan biridir tiyatro. \u0130nsan\u0131 bamba\u015fka d\u00fcnyalara al\u0131p g\u00f6t\u00fcr\u00fcr, ufkunu a\u00e7ar, de\u011fi\u015fik duygular hissettirir. Severek izledi\u011finiz o oyunlar nas\u0131l ortaya \u00e7\u0131k\u0131yor, hi\u00e7 d\u00fc\u015f\u00fcnd\u00fcn\u00fcz m\u00fc? Sahnede ve sahne arkas\u0131nda olmak acaba nas\u0131l bir histir, orada neler ya\u015fan\u0131r? Sesler, \u0131\u015f\u0131klar, kost\u00fcmler, provalar\u2026 Hele o ezberlenen replikler, \u00e7al\u0131\u015f\u0131lan mimikler\u2026 <\/p>\n","protected":false},"excerpt":{"rendered":"<p>Tiyatroyu ve perde arkas\u0131n\u0131 ke\u015ffetmeye haz\u0131r m\u0131s\u0131n\u0131z? Oyuncu-yazar \u00d6zg\u00fcr \u00d6zg\u00fclg\u00fcn\u2019den tiyatroya dair hem \u00f6\u011freten hem e\u011flendiren bir hik\u00e2ye\u2026 En g\u00fczel sanat dallar\u0131ndan biridir tiyatro. \u0130nsan\u0131 bamba\u015fka<span class=\"excerpt-hellip\"> [\u2026]<\/span><\/p>\n","protected":false},"featured_media":0,"template":"","meta":{"_monsterinsights_skip_tracking":false,"_monsterinsights_sitenote_active":false,"_monsterinsights_sitenote_note":"","_monsterinsights_sitenote_category":0},"product_brand":[],"product_cat":[12274,12518],"product_tag":[],"class_list":{"0":"post-726638","1":"product","2":"type-product","3":"status-publish","5":"product_cat-cocuk-ve-genclik-kitaplari","6":"product_cat-okul-oncesi-kitaplar","7":"pa_cilt-ciltsiz","8":"pa_tur-kitap","9":"pa_yayinevi-ucanfil-ozel-urun","10":"pa_yazar-ozgur-ozgulgun","12":"first","13":"instock","14":"sale","15":"shipping-taxable","16":"purchasable","17":"product-type-simple"},"_links":{"self":[{"href":"https:\/\/roveyayinevi.com.tr\/index.php\/wp-json\/wp\/v2\/product\/726638","targetHints":{"allow":["GET"]}}],"collection":[{"href":"https:\/\/roveyayinevi.com.tr\/index.php\/wp-json\/wp\/v2\/product"}],"about":[{"href":"https:\/\/roveyayinevi.com.tr\/index.php\/wp-json\/wp\/v2\/types\/product"}],"wp:attachment":[{"href":"https:\/\/roveyayinevi.com.tr\/index.php\/wp-json\/wp\/v2\/media?parent=726638"}],"wp:term":[{"taxonomy":"product_brand","embeddable":true,"href":"https:\/\/roveyayinevi.com.tr\/index.php\/wp-json\/wp\/v2\/product_brand?post=726638"},{"taxonomy":"product_cat","embeddable":true,"href":"https:\/\/roveyayinevi.com.tr\/index.php\/wp-json\/wp\/v2\/product_cat?post=726638"},{"taxonomy":"product_tag","embeddable":true,"href":"https:\/\/roveyayinevi.com.tr\/index.php\/wp-json\/wp\/v2\/product_tag?post=726638"}],"curies":[{"name":"wp","href":"https:\/\/api.w.org\/{rel}","templated":true}]}}