{"id":726637,"date":"2025-08-27T20:09:50","date_gmt":"2025-08-27T17:09:50","guid":{"rendered":"https:\/\/roveyayinevi.com.tr\/index.php\/urun\/turk-islam-sentezi-2\/"},"modified":"2026-04-16T02:34:41","modified_gmt":"2026-04-15T23:34:41","slug":"turk-islam-sentezi-2","status":"publish","type":"product","link":"https:\/\/roveyayinevi.com.tr\/index.php\/urun\/turk-islam-sentezi-2\/","title":{"rendered":"T\u00fcrk \u0130slam Sentezi"},"content":{"rendered":"<p>T\u00fcrk-\u0130slam Sentezi, 12 Eyl\u00fcl y\u00f6netiminin, T\u00fcrkiye Cumhuriyeti\u2019nin temel d\u00fcnya g\u00f6r\u00fc\u015f\u00fcn\u00fc olu\u015fturan pozitivist ve laik e\u011fitim ve k\u00fclt\u00fcr politikas\u0131na kar\u015f\u0131, Ayd\u0131nlar Oca\u011f\u0131\u2019n\u0131n i\u015fbirli\u011fiyle uygulad\u0131\u011f\u0131 e\u011fitim ve k\u00fclt\u00fcr politikas\u0131d\u0131r. Bu politika, 1983 y\u0131l\u0131nda, Devlet Planlama Te\u015fkilat\u0131\u2019n\u0131n haz\u0131rlad\u0131\u011f\u0131, \u201cMilli K\u00fclt\u00fcr\u201d adl\u0131 bir raporla uygulamaya konulmu\u015ftur. E\u011fitimde gelinen nokta: \u00c7a\u011fd\u0131\u015f\u0131, \u015fovenist, T\u00fcrk-\u0130slam sentezine dayal\u0131, Mehmet Akif\u2019ten daha \u0130slamc\u0131, insan haklar\u0131na sayg\u0131s\u0131z, insan\u0131n \u00f6z\u00fcne ayk\u0131r\u0131, kara \u00f6rt\u00fcl\u00fc bir e\u011fitim politikas\u0131d\u0131r ve toplumumuzu sarsmaya ba\u015flam\u0131\u015ft\u0131r. T\u00fcm m\u00fcfredatlar\u0131 incelemek zorunludur. E\u011fitimdeki g\u00f6r\u00fcn\u00fcm budur. Antidemokratik bir e\u011fitim ve k\u00fclt\u00fcr politikas\u0131yla T\u00fcrk toplumu, \u00e7a\u011fd\u0131\u015f\u0131na itilmektedir. Toplumun gelece\u011fini, \u00e7a\u011fd\u0131\u015f\u0131 T\u00fcrk-\u0130slam sentezi ideolojisine terk etmek, \u00f6z\u00fcnde, insan haklar\u0131na da ayk\u0131r\u0131d\u0131r. B\u00fct\u00fcn demokratik g\u00fc\u00e7ler, bu 12 Eyl\u00fcl ideolojisini, \u00fclkemizin e\u011fitim ve k\u00fclt\u00fcr programlar\u0131ndan \u00e7\u0131karman\u0131n sava\u015f\u0131m\u0131n\u0131 vermek zorundad\u0131r. Demokratik bir T\u00fcrkiye i\u00e7in, bu, ilk ko\u015fuldur<\/p>\n","protected":false},"excerpt":{"rendered":"<p>T\u00fcrk-\u0130slam Sentezi, 12 Eyl\u00fcl y\u00f6netiminin, T\u00fcrkiye Cumhuriyeti\u2019nin temel d\u00fcnya g\u00f6r\u00fc\u015f\u00fcn\u00fc olu\u015fturan pozitivist ve laik e\u011fitim ve k\u00fclt\u00fcr politikas\u0131na kar\u015f\u0131, Ayd\u0131nlar Oca\u011f\u0131\u2019n\u0131n i\u015fbirli\u011fiyle uygulad\u0131\u011f\u0131 e\u011fitim ve k\u00fclt\u00fcr<span class=\"excerpt-hellip\"> [\u2026]<\/span><\/p>\n","protected":false},"featured_media":0,"template":"","meta":{"_monsterinsights_skip_tracking":false,"_monsterinsights_sitenote_active":false,"_monsterinsights_sitenote_note":"","_monsterinsights_sitenote_category":0},"product_brand":[],"product_cat":[13036,12718,12719],"product_tag":[],"class_list":{"0":"post-726637","1":"product","2":"type-product","3":"status-publish","5":"product_cat-arastirma-inceleme-islam","6":"product_cat-din","7":"product_cat-islam","8":"pa_cilt-ciltsiz","9":"pa_tur-kitap","10":"pa_yayinevi-berfin-yayinlari","11":"pa_yazar-vecihi-timuroglu","13":"first","14":"instock","15":"sale","16":"shipping-taxable","17":"purchasable","18":"product-type-simple"},"_links":{"self":[{"href":"https:\/\/roveyayinevi.com.tr\/index.php\/wp-json\/wp\/v2\/product\/726637","targetHints":{"allow":["GET"]}}],"collection":[{"href":"https:\/\/roveyayinevi.com.tr\/index.php\/wp-json\/wp\/v2\/product"}],"about":[{"href":"https:\/\/roveyayinevi.com.tr\/index.php\/wp-json\/wp\/v2\/types\/product"}],"wp:attachment":[{"href":"https:\/\/roveyayinevi.com.tr\/index.php\/wp-json\/wp\/v2\/media?parent=726637"}],"wp:term":[{"taxonomy":"product_brand","embeddable":true,"href":"https:\/\/roveyayinevi.com.tr\/index.php\/wp-json\/wp\/v2\/product_brand?post=726637"},{"taxonomy":"product_cat","embeddable":true,"href":"https:\/\/roveyayinevi.com.tr\/index.php\/wp-json\/wp\/v2\/product_cat?post=726637"},{"taxonomy":"product_tag","embeddable":true,"href":"https:\/\/roveyayinevi.com.tr\/index.php\/wp-json\/wp\/v2\/product_tag?post=726637"}],"curies":[{"name":"wp","href":"https:\/\/api.w.org\/{rel}","templated":true}]}}