{"id":726634,"date":"2025-08-27T20:09:47","date_gmt":"2025-08-27T17:09:47","guid":{"rendered":"https:\/\/roveyayinevi.com.tr\/index.php\/urun\/eyvah-sorular-kayboldu\/"},"modified":"2026-04-16T02:34:41","modified_gmt":"2026-04-15T23:34:41","slug":"eyvah-sorular-kayboldu","status":"publish","type":"product","link":"https:\/\/roveyayinevi.com.tr\/index.php\/urun\/eyvah-sorular-kayboldu\/","title":{"rendered":"Eyvah Sorular Kayboldu"},"content":{"rendered":"<p>Okulda beklenmedik bir g\u00fcn! Yedinci s\u0131n\u0131f matematik s\u0131nav\u0131 sorular\u0131 ortadan kayboldu\u011funda okulda i\u015fler hi\u00e7 olmad\u0131\u011f\u0131 kadar kar\u0131\u015f\u0131r. M\u00fcd\u00fcr yard\u0131mc\u0131s\u0131 bu olay\u0131 \u00e7\u00f6zmek i\u00e7in kollar\u0131 s\u0131var. Fakat ipu\u00e7lar\u0131 birden fazla ki\u015fiyi i\u015faret ederken bu gizemi \u00e7\u00f6zmek hi\u00e7 kolay olmayacakt\u0131r. Okulun yeni \u00f6\u011frencisi ise ilk g\u00fcn\u00fcnde kendini \u00e7ok \u00f6nemli bir g\u00f6revin i\u00e7inde bulur. S\u0131nav sorular\u0131n\u0131 bulmak i\u00e7in hummal\u0131 bir \u00e7al\u0131\u015fma ba\u015flar. Gizemli kamera g\u00f6r\u00fcnt\u00fcleri, kay\u0131p anahtarlar, \u015f\u00fcpheli notlar ve bilinmeyenlerle dolu sorular\u2026 Bu i\u015fin arkas\u0131nda kim ya da kimler olabilir? Ger\u00e7ek su\u00e7lular\u0131 bulmak i\u00e7in ipu\u00e7lar\u0131n\u0131 takip etmeli ve sorular\u0131 \u00e7\u00f6zmelisin!<\/p>\n","protected":false},"excerpt":{"rendered":"<p>Okulda beklenmedik bir g\u00fcn! Yedinci s\u0131n\u0131f matematik s\u0131nav\u0131 sorular\u0131 ortadan kayboldu\u011funda okulda i\u015fler hi\u00e7 olmad\u0131\u011f\u0131 kadar kar\u0131\u015f\u0131r. M\u00fcd\u00fcr yard\u0131mc\u0131s\u0131 bu olay\u0131 \u00e7\u00f6zmek i\u00e7in kollar\u0131 s\u0131var. Fakat<span class=\"excerpt-hellip\"> [\u2026]<\/span><\/p>\n","protected":false},"featured_media":0,"template":"","meta":{"_monsterinsights_skip_tracking":false,"_monsterinsights_sitenote_active":false,"_monsterinsights_sitenote_note":"","_monsterinsights_sitenote_category":0},"product_brand":[],"product_cat":[12274,12284],"product_tag":[],"class_list":{"0":"post-726634","1":"product","2":"type-product","3":"status-publish","5":"product_cat-cocuk-ve-genclik-kitaplari","6":"product_cat-hikayeler","7":"pa_cilt-ciltsiz","8":"pa_tur-kitap","9":"pa_yayinevi-genc-timas","10":"pa_yazar-orhan-kenan","12":"first","13":"instock","14":"sale","15":"shipping-taxable","16":"purchasable","17":"product-type-simple"},"_links":{"self":[{"href":"https:\/\/roveyayinevi.com.tr\/index.php\/wp-json\/wp\/v2\/product\/726634","targetHints":{"allow":["GET"]}}],"collection":[{"href":"https:\/\/roveyayinevi.com.tr\/index.php\/wp-json\/wp\/v2\/product"}],"about":[{"href":"https:\/\/roveyayinevi.com.tr\/index.php\/wp-json\/wp\/v2\/types\/product"}],"wp:attachment":[{"href":"https:\/\/roveyayinevi.com.tr\/index.php\/wp-json\/wp\/v2\/media?parent=726634"}],"wp:term":[{"taxonomy":"product_brand","embeddable":true,"href":"https:\/\/roveyayinevi.com.tr\/index.php\/wp-json\/wp\/v2\/product_brand?post=726634"},{"taxonomy":"product_cat","embeddable":true,"href":"https:\/\/roveyayinevi.com.tr\/index.php\/wp-json\/wp\/v2\/product_cat?post=726634"},{"taxonomy":"product_tag","embeddable":true,"href":"https:\/\/roveyayinevi.com.tr\/index.php\/wp-json\/wp\/v2\/product_tag?post=726634"}],"curies":[{"name":"wp","href":"https:\/\/api.w.org\/{rel}","templated":true}]}}