{"id":726632,"date":"2025-08-27T20:09:45","date_gmt":"2025-08-27T17:09:45","guid":{"rendered":"https:\/\/roveyayinevi.com.tr\/index.php\/urun\/rehin\/"},"modified":"2026-04-16T02:34:41","modified_gmt":"2026-04-15T23:34:41","slug":"rehin","status":"publish","type":"product","link":"https:\/\/roveyayinevi.com.tr\/index.php\/urun\/rehin\/","title":{"rendered":"Rehin"},"content":{"rendered":"<p>Trump\u2019\u0131n tehdit dolu mektubu, neden \u00f6nce gizlendi, ard\u0131ndan da ge\u00e7i\u015ftirildi?ABD\u2019nin yapt\u0131r\u0131mlar\u0131 ne anlama geliyor?Malvarl\u0131\u011f\u0131 tehditleri, T\u00fcrkiye\u2019nin gelece\u011fini nas\u0131l ipotek alt\u0131na al\u0131yor?Reza Zarraf ve Halkbank dosyas\u0131 T\u00fcrkiye\u2019yi nas\u0131l rehin ald\u0131?Suriye\u2019nin kuzeyindekiP*KK devlet\u00e7i\u011fine asker\u00ee harek\u00e2t neden durduruldu? S-400\u2019ler neden kurulamad\u0131?ABD-P*KK petrol\u00fc, hangi g\u00fczerg\u00e2h \u00fczerinden ta\u015f\u0131nacak ve sat\u0131lacak?AKP d\u00f6neminde kimler, hangi yollarla nas\u0131l zengin edildi?<\/p>\n","protected":false},"excerpt":{"rendered":"<p>Trump\u2019\u0131n tehdit dolu mektubu, neden \u00f6nce gizlendi, ard\u0131ndan da ge\u00e7i\u015ftirildi?ABD\u2019nin yapt\u0131r\u0131mlar\u0131 ne anlama geliyor?Malvarl\u0131\u011f\u0131 tehditleri, T\u00fcrkiye\u2019nin gelece\u011fini nas\u0131l ipotek alt\u0131na al\u0131yor?Reza Zarraf ve Halkbank dosyas\u0131 T\u00fcrkiye\u2019yi<span class=\"excerpt-hellip\"> [\u2026]<\/span><\/p>\n","protected":false},"featured_media":0,"template":"","meta":{"_monsterinsights_skip_tracking":false,"_monsterinsights_sitenote_active":false,"_monsterinsights_sitenote_note":"","_monsterinsights_sitenote_category":0},"product_brand":[],"product_cat":[12346,12337],"product_tag":[],"class_list":{"0":"post-726632","1":"product","2":"type-product","3":"status-publish","5":"product_cat-derin-siyaset-komplo-teorileri","6":"product_cat-politika-siyaset","7":"pa_cilt-ciltsiz","8":"pa_tur-kitap","9":"pa_yayinevi-kirmizi-kedi-yayinevi","10":"pa_yazar-sabahattin-onkibar","12":"first","13":"instock","14":"sale","15":"shipping-taxable","16":"purchasable","17":"product-type-simple"},"_links":{"self":[{"href":"https:\/\/roveyayinevi.com.tr\/index.php\/wp-json\/wp\/v2\/product\/726632","targetHints":{"allow":["GET"]}}],"collection":[{"href":"https:\/\/roveyayinevi.com.tr\/index.php\/wp-json\/wp\/v2\/product"}],"about":[{"href":"https:\/\/roveyayinevi.com.tr\/index.php\/wp-json\/wp\/v2\/types\/product"}],"wp:attachment":[{"href":"https:\/\/roveyayinevi.com.tr\/index.php\/wp-json\/wp\/v2\/media?parent=726632"}],"wp:term":[{"taxonomy":"product_brand","embeddable":true,"href":"https:\/\/roveyayinevi.com.tr\/index.php\/wp-json\/wp\/v2\/product_brand?post=726632"},{"taxonomy":"product_cat","embeddable":true,"href":"https:\/\/roveyayinevi.com.tr\/index.php\/wp-json\/wp\/v2\/product_cat?post=726632"},{"taxonomy":"product_tag","embeddable":true,"href":"https:\/\/roveyayinevi.com.tr\/index.php\/wp-json\/wp\/v2\/product_tag?post=726632"}],"curies":[{"name":"wp","href":"https:\/\/api.w.org\/{rel}","templated":true}]}}