{"id":726629,"date":"2025-08-27T20:09:33","date_gmt":"2025-08-27T17:09:33","guid":{"rendered":"https:\/\/roveyayinevi.com.tr\/index.php\/urun\/anaokuluna-ilk-adim\/"},"modified":"2026-04-16T02:34:41","modified_gmt":"2026-04-15T23:34:41","slug":"anaokuluna-ilk-adim","status":"publish","type":"product","link":"https:\/\/roveyayinevi.com.tr\/index.php\/urun\/anaokuluna-ilk-adim\/","title":{"rendered":"Anaokuluna \u0130lk Ad\u0131m"},"content":{"rendered":"<p>Her g\u00fcn yeni bir masal\u0131n ba\u015flad\u0131\u011f\u0131, her \u00e7ocu\u011fun kendi masal\u0131n\u0131 yazd\u0131\u011f\u0131 yerdir anaokulu. Erken d\u00f6nemde \u00e7ocuklarda olu\u015fan \u201cilk okul\u201d alg\u0131s\u0131 sonraki y\u0131llarda da benzer \u015fekilde devam ediyor. Bu nedenle anaokuluna g\u00fczel ba\u015flang\u0131\u00e7lar yapmak \u00e7ok \u00f6nemlidir. Anaokuluna uyum sa\u011flamak; \u00e7ocu\u011fun her g\u00fcn mutlulukla ko\u015farak okula gelmesi i\u00e7in sebepler \u00fcretmektir.\u201cOyun, \u00e7ocu\u011fun dili ve en temel ihtiyac\u0131d\u0131r.\u201d Bu nedenle Anaokuluna \u0130lk Ad\u0131m kitab\u0131, \u00e7ocuklar\u0131n t\u00fcm geli\u015fim alanlar\u0131n\u0131 destekleyen oyunlardan olu\u015fan \u201cOyun Havuzu\u201d \u015feklinde haz\u0131rland\u0131. Ayr\u0131ca, aileler i\u00e7in okula uyum s\u00fcreci ve okul hayat\u0131 boyunca dikkat etmeleri gereken her g\u00fcn i\u00e7in \u00f6nerilerin ve oyunlar\u0131n yer ald\u0131\u011f\u0131 \u00fc\u00e7 haftal\u0131k \u201cAnaokula \u0130lk Ad\u0131m Aile Takvimi\u201d olu\u015fturuldu.Anaokuluna \u0130lk Ad\u0131m kitab\u0131; okula uyumu t\u00fcm bile\u015fenleriyle ele alarak direk uygulamaya y\u00f6nelik \u00e7\u00f6z\u00fcmler \u00f6neren bir \u201ce\u011fitimci ba\u015fucu kitab\u0131\u201d niteli\u011finde.\u00c7ocuklar\u0131m\u0131z\u0131n kocaman y\u00fcreklerine dokunabilmek ve oyunlar oynayarak keyifli ba\u015flang\u0131\u00e7lar yapmalar\u0131na destek sa\u011flamak dile\u011fiyle&#8230;Her \u015eey \u00c7ocuklar \u0130\u00e7in&#8230;<\/p>\n","protected":false},"excerpt":{"rendered":"<p>Her g\u00fcn yeni bir masal\u0131n ba\u015flad\u0131\u011f\u0131, her \u00e7ocu\u011fun kendi masal\u0131n\u0131 yazd\u0131\u011f\u0131 yerdir anaokulu. Erken d\u00f6nemde \u00e7ocuklarda olu\u015fan \u201cilk okul\u201d alg\u0131s\u0131 sonraki y\u0131llarda da benzer \u015fekilde devam<span class=\"excerpt-hellip\"> [\u2026]<\/span><\/p>\n","protected":false},"featured_media":0,"template":"","meta":{"_monsterinsights_skip_tracking":false,"_monsterinsights_sitenote_active":false,"_monsterinsights_sitenote_note":"","_monsterinsights_sitenote_category":0},"product_brand":[],"product_cat":[12274,12518],"product_tag":[],"class_list":{"0":"post-726629","1":"product","2":"type-product","3":"status-publish","5":"product_cat-cocuk-ve-genclik-kitaplari","6":"product_cat-okul-oncesi-kitaplar","7":"pa_cilt-ciltsiz","8":"pa_tur-kitap","9":"pa_yayinevi-nesil-yayinlari","10":"pa_yazar-ozgul-polat-saime-caglak-sari","12":"first","13":"instock","14":"sale","15":"shipping-taxable","16":"purchasable","17":"product-type-simple"},"_links":{"self":[{"href":"https:\/\/roveyayinevi.com.tr\/index.php\/wp-json\/wp\/v2\/product\/726629","targetHints":{"allow":["GET"]}}],"collection":[{"href":"https:\/\/roveyayinevi.com.tr\/index.php\/wp-json\/wp\/v2\/product"}],"about":[{"href":"https:\/\/roveyayinevi.com.tr\/index.php\/wp-json\/wp\/v2\/types\/product"}],"wp:attachment":[{"href":"https:\/\/roveyayinevi.com.tr\/index.php\/wp-json\/wp\/v2\/media?parent=726629"}],"wp:term":[{"taxonomy":"product_brand","embeddable":true,"href":"https:\/\/roveyayinevi.com.tr\/index.php\/wp-json\/wp\/v2\/product_brand?post=726629"},{"taxonomy":"product_cat","embeddable":true,"href":"https:\/\/roveyayinevi.com.tr\/index.php\/wp-json\/wp\/v2\/product_cat?post=726629"},{"taxonomy":"product_tag","embeddable":true,"href":"https:\/\/roveyayinevi.com.tr\/index.php\/wp-json\/wp\/v2\/product_tag?post=726629"}],"curies":[{"name":"wp","href":"https:\/\/api.w.org\/{rel}","templated":true}]}}