{"id":726628,"date":"2025-08-27T20:09:32","date_gmt":"2025-08-27T17:09:32","guid":{"rendered":"https:\/\/roveyayinevi.com.tr\/index.php\/urun\/psikolojiyi-degistiren-kirk-calisma\/"},"modified":"2026-04-16T02:34:41","modified_gmt":"2026-04-15T23:34:41","slug":"psikolojiyi-degistiren-kirk-calisma","status":"publish","type":"product","link":"https:\/\/roveyayinevi.com.tr\/index.php\/urun\/psikolojiyi-degistiren-kirk-calisma\/","title":{"rendered":"Psikolojiyi De\u011fi\u015ftiren K\u0131rk \u00c7al\u0131\u015fma"},"content":{"rendered":"<p>Psikolojiyi De\u011fi\u015ftiren K\u0131rk \u00c7al\u0131\u015fma Yirmi y\u0131l\u0131 a\u015fk\u0131n s\u00fcredir d\u00fcnya \u00e7ap\u0131nda pek \u00e7ok \u00fcniversite ve lise dersleri i\u00e7in temel bir kaynak olmu\u015f ve alt\u0131 dile \u00e7evrilmi\u015ftir. Bu bask\u0131ya dahil edilen \u00e7al\u0131\u015fmalar\u0131n \u00e7o\u011funlu\u011fu b\u00fcy\u00fck \u00f6l\u00e7\u00fcde ilk bask\u0131y\u0131 olu\u015fturanlarla ayn\u0131d\u0131r. Bu da d\u00f6n\u00fcm noktas\u0131 say\u0131labilecek bu \u00e7al\u0131\u015fmalar\u0131n psikoloji alan\u0131ndaki d\u00fc\u015f\u00fcnce ve ara\u015ft\u0131rmalar \u00fczerindeki etkisinin g\u00fcn\u00fcm\u00fczde de devam etti\u011fini g\u00f6stermektedir. En ba\u015f\u0131ndan beri kitapta var olan ve y\u0131llar i\u00e7inde eklenen veya de\u011fi\u015ftirilen \u00e7al\u0131\u015fmalar hem psikoloji biliminin do\u011fumuna ve geli\u015fimine, hem de insan do\u011fas\u0131n\u0131n karma\u015f\u0131kl\u0131\u011f\u0131n\u0131 \u00e7\u00f6zmeye \u00e7al\u0131\u015farak kazand\u0131\u011f\u0131m\u0131z i\u00e7 g\u00f6r\u00fcye b\u00fcy\u00fcleyici bir bak\u0131\u015f sunmaktad\u0131r. \u0130nsan davran\u0131\u015f\u0131yla ilgili pek \u00e7ok \u00e7al\u0131\u015fma, u\u00e7suz bucaks\u0131z psikoloji alan\u0131n\u0131 olu\u015fturan \u00e7e\u015fitli disiplinler \u00fczerinde \u00f6nemli ve uzun s\u00fcreli etkiler b\u0131rakm\u0131\u015ft\u0131r. Bu ara\u015ft\u0131rmalardan elde edilen bulgular insan davran\u0131\u015f\u0131na dair bilgilerimizi de\u011fi\u015ftirmi\u015f ve takip eden say\u0131s\u0131z proje ve ara\u015ft\u0131rma program\u0131 i\u00e7in sahneyi haz\u0131rlam\u0131\u015flard\u0131r. Her ne kadar bu \u00e7ok \u00f6nemli \u00e7al\u0131\u015fmalardan baz\u0131lar\u0131 sonradan tart\u0131\u015f\u0131lm\u0131\u015f ve sorgulanm\u0131\u015f olsa da tarihsel ba\u011flamdaki etkileri asla azalmayacakt\u0131r. Bu \u00e7al\u0131\u015fmalar hala yeni \u00e7al\u0131\u015fmalarda at\u0131f almakta; hala akademik tart\u0131\u015fmalar\u0131n en \u00e7ok konu\u015fulan ba\u015fl\u0131\u011f\u0131 olmakta; hala ders kitaplar\u0131nda y\u00fczlerce b\u00f6l\u00fcm\u00fcn temelini olu\u015fturmakta ve hala psikologlar\u0131n zihninde \u00f6zel bir yer tutmaktad\u0131r.<\/p>\n","protected":false},"excerpt":{"rendered":"<p>Psikolojiyi De\u011fi\u015ftiren K\u0131rk \u00c7al\u0131\u015fma Yirmi y\u0131l\u0131 a\u015fk\u0131n s\u00fcredir d\u00fcnya \u00e7ap\u0131nda pek \u00e7ok \u00fcniversite ve lise dersleri i\u00e7in temel bir kaynak olmu\u015f ve alt\u0131 dile \u00e7evrilmi\u015ftir. Bu<span class=\"excerpt-hellip\"> [\u2026]<\/span><\/p>\n","protected":false},"featured_media":0,"template":"","meta":{"_monsterinsights_skip_tracking":false,"_monsterinsights_sitenote_active":false,"_monsterinsights_sitenote_note":"","_monsterinsights_sitenote_category":0},"product_brand":[],"product_cat":[12755,12357],"product_tag":[],"class_list":{"0":"post-726628","1":"product","2":"type-product","3":"status-publish","5":"product_cat-gelisim-psikolojisi","6":"product_cat-psikoloji","7":"pa_cilt-ciltsiz","8":"pa_tur-kitap","9":"pa_yayinevi-bilge-kultur-sanat","10":"pa_yazar-roger-r-hock","12":"first","13":"instock","14":"sale","15":"shipping-taxable","16":"purchasable","17":"product-type-simple"},"_links":{"self":[{"href":"https:\/\/roveyayinevi.com.tr\/index.php\/wp-json\/wp\/v2\/product\/726628","targetHints":{"allow":["GET"]}}],"collection":[{"href":"https:\/\/roveyayinevi.com.tr\/index.php\/wp-json\/wp\/v2\/product"}],"about":[{"href":"https:\/\/roveyayinevi.com.tr\/index.php\/wp-json\/wp\/v2\/types\/product"}],"wp:attachment":[{"href":"https:\/\/roveyayinevi.com.tr\/index.php\/wp-json\/wp\/v2\/media?parent=726628"}],"wp:term":[{"taxonomy":"product_brand","embeddable":true,"href":"https:\/\/roveyayinevi.com.tr\/index.php\/wp-json\/wp\/v2\/product_brand?post=726628"},{"taxonomy":"product_cat","embeddable":true,"href":"https:\/\/roveyayinevi.com.tr\/index.php\/wp-json\/wp\/v2\/product_cat?post=726628"},{"taxonomy":"product_tag","embeddable":true,"href":"https:\/\/roveyayinevi.com.tr\/index.php\/wp-json\/wp\/v2\/product_tag?post=726628"}],"curies":[{"name":"wp","href":"https:\/\/api.w.org\/{rel}","templated":true}]}}