{"id":726625,"date":"2025-08-27T20:09:30","date_gmt":"2025-08-27T17:09:30","guid":{"rendered":"https:\/\/roveyayinevi.com.tr\/index.php\/urun\/bulgaristan-idari-siyasi-ve-sosyo-ekonomik-yapi\/"},"modified":"2026-04-16T02:34:41","modified_gmt":"2026-04-15T23:34:41","slug":"bulgaristan-idari-siyasi-ve-sosyo-ekonomik-yapi","status":"publish","type":"product","link":"https:\/\/roveyayinevi.com.tr\/index.php\/urun\/bulgaristan-idari-siyasi-ve-sosyo-ekonomik-yapi\/","title":{"rendered":"Bulgaristan &#8211; \u0130dari Siyasi ve Sosyo Ekonomik Yap\u0131"},"content":{"rendered":"<p>Bulgaristan, co\u011frafi, siyasi ve ekonomik a\u00e7\u0131dan oldu\u011fu kadar, tarihi, k\u00fclt\u00fcrel ve insani ba\u011flar bak\u0131m\u0131ndan da T\u00fcrkiye i\u00e7in \u00f6ncelik ta\u015f\u0131maktad\u0131r. T\u00fcrkiye\u2019nin Avrupa Birli\u011fi kom\u015fusu Bulgaristan, T\u00fcrk ulusunu \u015fekillendiren tarihi s\u00fcre\u00e7teki \u00f6zel konumu ve b\u00f6lgesel b\u00fct\u00fcnle\u015fme ba\u011flam\u0131nda gelece\u011fe d\u00f6n\u00fck i\u00e7erdi\u011fi potansiyel ile de b\u00fcy\u00fck \u00f6nemi haizdir. T\u00fcrkiye ile Bulgaristan dost, kom\u015fu ve m\u00fcttefik iki \u00fclkedir. Ku\u015fkusuz ili\u015fkilerimizin en \u00f6nemli unsurlar\u0131ndan biri Bulgaristan\u2019da ya\u015fayan soyda\u015flar\u0131m\u0131zd\u0131r. Bulgaristan\u2019\u0131n demokrasiye ve serbest piyasa ekonomisine ge\u00e7i\u015fiyle ili\u015fkiler geli\u015fme kaydetmi\u015f ve iki \u00fclke aras\u0131nda temaslar artm\u0131\u015ft\u0131r. Bu minvalde T\u00fcrkiye, Bulgaristan&#8217;\u0131n Avrupa-Atlantik yap\u0131lar\u0131yla b\u00fct\u00fcnle\u015fmesini ba\u015f\u0131ndan beri desteklemi\u015ftir. Bu ger\u00e7eklere kar\u015f\u0131n Bulgaristan, \u00fclkemizde hakk\u0131nda \u00e7ok fazla ara\u015ft\u0131rma yap\u0131lmayan \u00fclkelerden biridir. Alanyaz\u0131nda a\u011f\u0131rl\u0131kl\u0131 olarak Bulgaristan hakk\u0131nda yap\u0131lan ara\u015ft\u0131rmalar, g\u00f6\u00e7 ba\u015fl\u0131\u011f\u0131 alt\u0131nda yer almaktad\u0131r. Buna kar\u015f\u0131l\u0131k, idari ve siyasal yap\u0131s\u0131 hakk\u0131nda ara\u015ft\u0131rmalar yeterli d\u00fczeyde de\u011fildir. Bu \u00e7al\u0131\u015fman\u0131n gerek\u00e7esi, Bulgaristan\u2019\u0131n idari, siyasi ve sosyoekonomik yap\u0131s\u0131n\u0131 bir b\u00fct\u00fcn olarak ortaya koymak suretiyle alandaki alanyaz\u0131n\u0131n bo\u015flu\u011funu bir \u00f6l\u00e7\u00fcde gidermektir. <\/p>\n","protected":false},"excerpt":{"rendered":"<p>Bulgaristan, co\u011frafi, siyasi ve ekonomik a\u00e7\u0131dan oldu\u011fu kadar, tarihi, k\u00fclt\u00fcrel ve insani ba\u011flar bak\u0131m\u0131ndan da T\u00fcrkiye i\u00e7in \u00f6ncelik ta\u015f\u0131maktad\u0131r. T\u00fcrkiye\u2019nin Avrupa Birli\u011fi kom\u015fusu Bulgaristan, T\u00fcrk ulusunu<span class=\"excerpt-hellip\"> [\u2026]<\/span><\/p>\n","protected":false},"featured_media":0,"template":"","meta":{"_monsterinsights_skip_tracking":false,"_monsterinsights_sitenote_active":false,"_monsterinsights_sitenote_note":"","_monsterinsights_sitenote_category":0},"product_brand":[],"product_cat":[12337,17225],"product_tag":[],"class_list":{"0":"post-726625","1":"product","2":"type-product","3":"status-publish","5":"product_cat-politika-siyaset","6":"product_cat-uluslararasi-iliskiler","7":"pa_cilt-ciltsiz","8":"pa_tur-kitap","9":"pa_yayinevi-tiav","10":"pa_yazar-tiav-kolektif","12":"first","13":"instock","14":"sale","15":"shipping-taxable","16":"purchasable","17":"product-type-simple"},"_links":{"self":[{"href":"https:\/\/roveyayinevi.com.tr\/index.php\/wp-json\/wp\/v2\/product\/726625","targetHints":{"allow":["GET"]}}],"collection":[{"href":"https:\/\/roveyayinevi.com.tr\/index.php\/wp-json\/wp\/v2\/product"}],"about":[{"href":"https:\/\/roveyayinevi.com.tr\/index.php\/wp-json\/wp\/v2\/types\/product"}],"wp:attachment":[{"href":"https:\/\/roveyayinevi.com.tr\/index.php\/wp-json\/wp\/v2\/media?parent=726625"}],"wp:term":[{"taxonomy":"product_brand","embeddable":true,"href":"https:\/\/roveyayinevi.com.tr\/index.php\/wp-json\/wp\/v2\/product_brand?post=726625"},{"taxonomy":"product_cat","embeddable":true,"href":"https:\/\/roveyayinevi.com.tr\/index.php\/wp-json\/wp\/v2\/product_cat?post=726625"},{"taxonomy":"product_tag","embeddable":true,"href":"https:\/\/roveyayinevi.com.tr\/index.php\/wp-json\/wp\/v2\/product_tag?post=726625"}],"curies":[{"name":"wp","href":"https:\/\/api.w.org\/{rel}","templated":true}]}}