{"id":726624,"date":"2025-08-27T20:09:30","date_gmt":"2025-08-27T17:09:30","guid":{"rendered":"https:\/\/roveyayinevi.com.tr\/index.php\/urun\/guvenlik-koruculari\/"},"modified":"2026-04-16T02:34:41","modified_gmt":"2026-04-15T23:34:41","slug":"guvenlik-koruculari","status":"publish","type":"product","link":"https:\/\/roveyayinevi.com.tr\/index.php\/urun\/guvenlik-koruculari\/","title":{"rendered":"G\u00fcvenlik Korucular\u0131"},"content":{"rendered":"<p>G\u00fcn\u00fcm\u00fcz\u00fcn en \u00e7ok tart\u0131\u015f\u0131lan sorunlar\u0131ndan birisi olan ter\u00f6rizm, jeopolitik odakl\u0131, siyasi bir ama\u00e7la devlet h\u00e2kimiyetine veya devletlere kar\u015f\u0131, devletin g\u00fcvenlik g\u00fc\u00e7lerini, sivilleri ve insani ya\u015fam kaynaklar\u0131n\u0131 hedef almaktad\u0131r. Ter\u00f6rist eylemler, toplumda yol a\u00e7t\u0131\u011f\u0131 y\u0131k\u0131c\u0131 sonu\u00e7lar\u0131n yan\u0131 s\u0131ra \u00fclke g\u00fcvenli\u011fine b\u00f6lgesel istikrara bir tehdit olu\u015fturmaktad\u0131r. Bu nedenle devletler ter\u00f6rist unsurlara kar\u015f\u0131 gerekli tedbirleri en k\u0131sa zamanda al\u0131p uygulamaya ge\u00e7mek zorundad\u0131r. T\u00fcrkiye\u2019de k\u0131rsal yerle\u015fim alanlar\u0131n\u0131n g\u00fcvenli\u011fini sa\u011flanmas\u0131 amac\u0131yla g\u00fcvenlik g\u00fc\u00e7lerine yard\u0131mc\u0131 olmak \u00fczere; 442 say\u0131l\u0131 K\u00f6y Kanununun y\u00fcr\u00fcrl\u00fc\u011fe konuldu\u011fu 1924 y\u0131l\u0131ndan beri \u00fclkemizde uygulanmakta olan k\u00f6y koruculuk sistemi revize edilerek, 1985 y\u0131l\u0131nda yap\u0131lan yasal d\u00fczenlemeyle ter\u00f6rist eylemlere kar\u015f\u0131 koruculuk sistemi uygulamaya konulmu\u015ftur. G\u00fcvenlik Koruculu\u011fu sisteminin esas\u0131, b\u00f6l\u00fcc\u00fc ter\u00f6r \u00f6rg\u00fct\u00fcne kar\u015f\u0131 mahalli unsurlar ile bir duru\u015f g\u00f6sterilmesidir. Sistem, olu\u015fturulmas\u0131 a\u015famas\u0131ndan g\u00fcn\u00fcm\u00fcze kadar s\u00fcrekli tart\u0131\u015f\u0131lm\u0131\u015ft\u0131r.\u201cG\u00fcvenlik Korucular\u0131\u201d konulu bu \u00e7al\u0131\u015fmada, Osmanl\u0131\u2019dan g\u00fcn\u00fcm\u00fcze kadar tarihsel arka plan\u0131 ile koruculuk sistemi incelenmi\u015f, uygulamayla ilgili hususlar tarafs\u0131z bir g\u00f6zle ortaya konulmaya \u00e7al\u0131\u015f\u0131lm\u0131\u015ft\u0131r. <\/p>\n","protected":false},"excerpt":{"rendered":"<p>G\u00fcn\u00fcm\u00fcz\u00fcn en \u00e7ok tart\u0131\u015f\u0131lan sorunlar\u0131ndan birisi olan ter\u00f6rizm, jeopolitik odakl\u0131, siyasi bir ama\u00e7la devlet h\u00e2kimiyetine veya devletlere kar\u015f\u0131, devletin g\u00fcvenlik g\u00fc\u00e7lerini, sivilleri ve insani ya\u015fam kaynaklar\u0131n\u0131<span class=\"excerpt-hellip\"> [\u2026]<\/span><\/p>\n","protected":false},"featured_media":0,"template":"","meta":{"_monsterinsights_skip_tracking":false,"_monsterinsights_sitenote_active":false,"_monsterinsights_sitenote_note":"","_monsterinsights_sitenote_category":0},"product_brand":[],"product_cat":[12370,12304],"product_tag":[],"class_list":{"0":"post-726624","1":"product","2":"type-product","3":"status-publish","5":"product_cat-arastirma-inceleme","6":"product_cat-tarih","7":"pa_cilt-ciltsiz","8":"pa_tur-kitap","9":"pa_yayinevi-tiav","10":"pa_yazar-recep-demir","12":"first","13":"instock","14":"sale","15":"shipping-taxable","16":"purchasable","17":"product-type-simple"},"_links":{"self":[{"href":"https:\/\/roveyayinevi.com.tr\/index.php\/wp-json\/wp\/v2\/product\/726624","targetHints":{"allow":["GET"]}}],"collection":[{"href":"https:\/\/roveyayinevi.com.tr\/index.php\/wp-json\/wp\/v2\/product"}],"about":[{"href":"https:\/\/roveyayinevi.com.tr\/index.php\/wp-json\/wp\/v2\/types\/product"}],"wp:attachment":[{"href":"https:\/\/roveyayinevi.com.tr\/index.php\/wp-json\/wp\/v2\/media?parent=726624"}],"wp:term":[{"taxonomy":"product_brand","embeddable":true,"href":"https:\/\/roveyayinevi.com.tr\/index.php\/wp-json\/wp\/v2\/product_brand?post=726624"},{"taxonomy":"product_cat","embeddable":true,"href":"https:\/\/roveyayinevi.com.tr\/index.php\/wp-json\/wp\/v2\/product_cat?post=726624"},{"taxonomy":"product_tag","embeddable":true,"href":"https:\/\/roveyayinevi.com.tr\/index.php\/wp-json\/wp\/v2\/product_tag?post=726624"}],"curies":[{"name":"wp","href":"https:\/\/api.w.org\/{rel}","templated":true}]}}